{"id":104,"date":"2017-07-30T17:29:24","date_gmt":"2017-07-30T15:29:24","guid":{"rendered":"http:\/\/gorka.bajtnetbusko.pl\/?page_id=104"},"modified":"2017-07-30T17:29:24","modified_gmt":"2017-07-30T15:29:24","slug":"druzyna-harcerska","status":"publish","type":"page","link":"https:\/\/www.zssgorkabusko.pl\/index.php\/kola-zainteresowan\/druzyna-harcerska\/","title":{"rendered":"DRU\u017bYNA HARCERSKA"},"content":{"rendered":"<p><strong>1 BUSKA DRU\u017bYNA WIELOPOZIOMOWA<\/strong><\/p>\n<p><strong>\u201eNIEPRZETARTEGO SZLAKU\u201d<\/strong><\/p>\n<p><strong>\u00a0<\/strong><\/p>\n<p>G\u0142\u00f3wnym celem spotka\u0144 dru\u017cyny jest prze\u017cywanie harcerskiej przygody poprzez zabaw\u0119 i\u00a0wsp\u00f3lne dzia\u0142anie, zdobywanie nowych umiej\u0119tno\u015bci, nawi\u0105zywanie i\u00a0pog\u0142\u0119bianie wi\u0119zi kole\u017ce\u0144skich.<br \/>\nZaj\u0119cia dostosowane s\u0105 do\u00a0potrzeb, mo\u017cliwo\u015bci i\u00a0zainteresowa\u0144 m\u0142odych uczestnik\u00f3w, dlatego te\u017c nios\u0105 one wiele rado\u015bci, zadowolenia, pomagaj\u0105 zapomnie\u0107 o\u00a0b\u00f3lu i\u00a0roz\u0142\u0105ce z\u00a0najbli\u017cszymi.<\/p>\n<p>Dru\u017cyna bierze udzia\u0142 w r\u00f3\u017cnorodnych imprezach organizowanych przez Komend\u0119 Hufca. S\u0105 to rajdy, zloty, festiwale, kt\u00f3re pozwalaj\u0105 naszym wychowankom na\u00a0integracj\u0119 z\u00a0innymi harcerzami, prezentowanie w\u0142asnych umiej\u0119tno\u015bci, wzbogacanie wiedzy o\u00a0otaczaj\u0105cym \u015bwiecie, satysfakcj\u0119 z\u00a0pokonania stawianych wyzwa\u0144.<\/p>\n<p>Najciekawsze chwile, interesuj\u0105ce wydarzenia, barwne imprezy udokumentowane s\u0105 w\u00a0Kronice Dru\u017cyny, kt\u00f3rej pierwszy zapis si\u0119ga 1978 roku.<\/p>\n<p>Opiekunami dru\u017cyny s\u0105: Marzena Kilijanek, El\u017cbieta Lotko-Pikul, El\u017cbieta Guba\u0142a.<\/p>\n","protected":false},"excerpt":{"rendered":"<p>1 BUSKA DRU\u017bYNA WIELOPOZIOMOWA \u201eNIEPRZETARTEGO SZLAKU\u201d \u00a0 G\u0142\u00f3wnym celem spotka\u0144 dru\u017cyny jest prze\u017cywanie harcerskiej przygody poprzez zabaw\u0119 i\u00a0wsp\u00f3lne dzia\u0142anie, zdobywanie nowych umiej\u0119tno\u015bci, nawi\u0105zywanie i\u00a0pog\u0142\u0119bianie wi\u0119zi kole\u017ce\u0144skich. Zaj\u0119cia dostosowane s\u0105 do\u00a0potrzeb, mo\u017cliwo\u015bci i\u00a0zainteresowa\u0144 m\u0142odych uczestnik\u00f3w, dlatego te\u017c nios\u0105 one wiele rado\u015bci, zadowolenia, pomagaj\u0105 zapomnie\u0107 o\u00a0b\u00f3lu i\u00a0roz\u0142\u0105ce z\u00a0najbli\u017cszymi. Dru\u017cyna bierze udzia\u0142 w r\u00f3\u017cnorodnych imprezach organizowanych przez Komend\u0119 &#8230; <a title=\"DRU\u017bYNA HARCERSKA\" class=\"read-more\" href=\"https:\/\/www.zssgorkabusko.pl\/index.php\/kola-zainteresowan\/druzyna-harcerska\/\" aria-label=\"Dowiedz si\u0119 wi\u0119cej o DRU\u017bYNA HARCERSKA\">Dowiedz si\u0119 wi\u0119cej<\/a><\/p>\n","protected":false},"author":1,"featured_media":0,"parent":64,"menu_order":7,"comment_status":"closed","ping_status":"closed","template":"","meta":{"ngg_post_thumbnail":0,"footnotes":""},"class_list":["post-104","page","type-page","status-publish"],"_links":{"self":[{"href":"https:\/\/www.zssgorkabusko.pl\/index.php\/wp-json\/wp\/v2\/pages\/104","targetHints":{"allow":["GET"]}}],"collection":[{"href":"https:\/\/www.zssgorkabusko.pl\/index.php\/wp-json\/wp\/v2\/pages"}],"about":[{"href":"https:\/\/www.zssgorkabusko.pl\/index.php\/wp-json\/wp\/v2\/types\/page"}],"author":[{"embeddable":true,"href":"https:\/\/www.zssgorkabusko.pl\/index.php\/wp-json\/wp\/v2\/users\/1"}],"replies":[{"embeddable":true,"href":"https:\/\/www.zssgorkabusko.pl\/index.php\/wp-json\/wp\/v2\/comments?post=104"}],"version-history":[{"count":1,"href":"https:\/\/www.zssgorkabusko.pl\/index.php\/wp-json\/wp\/v2\/pages\/104\/revisions"}],"predecessor-version":[{"id":105,"href":"https:\/\/www.zssgorkabusko.pl\/index.php\/wp-json\/wp\/v2\/pages\/104\/revisions\/105"}],"up":[{"embeddable":true,"href":"https:\/\/www.zssgorkabusko.pl\/index.php\/wp-json\/wp\/v2\/pages\/64"}],"wp:attachment":[{"href":"https:\/\/www.zssgorkabusko.pl\/index.php\/wp-json\/wp\/v2\/media?parent=104"}],"curies":[{"name":"wp","href":"https:\/\/api.w.org\/{rel}","templated":true}]}}