{"id":10530,"date":"2025-05-02T16:40:02","date_gmt":"2025-05-02T14:40:02","guid":{"rendered":"https:\/\/www.zssgorkabusko.pl\/?page_id=10530"},"modified":"2025-05-02T19:38:46","modified_gmt":"2025-05-02T17:38:46","slug":"aktywna-tablica","status":"publish","type":"page","link":"https:\/\/www.zssgorkabusko.pl\/index.php\/programy-realizowane-z-budzetu-panstwa\/aktywna-tablica\/","title":{"rendered":"AKTYWNA TABLICA"},"content":{"rendered":"\n<p>Zesp\u00f3\u0142 Szk\u00f3\u0142 Specjalnych w Busku &#8211; Zdroju bierze udzia\u0142 w kolejnej edycji Rz\u0105dowego programu rozwijania szkolnej infrastruktury oraz kompetencji uczni\u00f3w i nauczycieli <br>w zakresie technologii informacyjno-komunikacyjnej \u201eAktywna Tablica\u201d 2020-2024.<\/p>\n\n\n\n<p>W ramach programu \u201eAktywna Tablica\u201d w naszej plac\u00f3wce uda\u0142o si\u0119 pozyska\u0107 nowoczesny interaktywny monitor dotykowy oraz laptopy. Monitor oraz laptopy s\u0105 przeznaczone <br>do u\u017cytku uczni\u00f3w Szko\u0142y Podstawowej i Liceum. Do licem zakupiono pomoce dydaktyczne -Wirtualne Laboratoria Przyrodnicze do nauki geografii, fizyki i chemii.<\/p>\n\n\n\n<p>G\u0142\u00f3wnym celem programu jest rozwijanie kompetencji uczni\u00f3w i nauczycieli przez wykorzystywanie w procesie dydaktycznym nowoczesnego sprz\u0119tu, pomocy dydaktycznych wybranych przez szko\u0142y zgodnie z ich zdefiniowanymi potrzebami. Uczniowie dzi\u0119ki pozyskanym sprz\u0119tom s\u0105 zaznajamiani z mo\u017cliwo\u015bciami zastosowa\u0144 edukacyjnych TIK od wczesnych etap\u00f3w kszta\u0142cenia, a umiej\u0119tno\u015bci pos\u0142ugiwania si\u0119 TIK stanowi\u0105 jedne z najwa\u017cniejszych umiej\u0119tno\u015bci zdobywanych przez ucznia w trakcie kszta\u0142cenia.<\/p>\n\n\n\n<p><\/p>\n","protected":false},"excerpt":{"rendered":"<p>Zesp\u00f3\u0142 Szk\u00f3\u0142 Specjalnych w Busku &#8211; Zdroju bierze udzia\u0142 w kolejnej edycji Rz\u0105dowego programu rozwijania szkolnej infrastruktury oraz kompetencji uczni\u00f3w i nauczycieli w zakresie technologii informacyjno-komunikacyjnej \u201eAktywna Tablica\u201d 2020-2024. W ramach programu \u201eAktywna Tablica\u201d w naszej plac\u00f3wce uda\u0142o si\u0119 pozyska\u0107 nowoczesny interaktywny monitor dotykowy oraz laptopy. Monitor oraz laptopy s\u0105 przeznaczone do u\u017cytku uczni\u00f3w Szko\u0142y &#8230; <a title=\"AKTYWNA TABLICA\" class=\"read-more\" href=\"https:\/\/www.zssgorkabusko.pl\/index.php\/programy-realizowane-z-budzetu-panstwa\/aktywna-tablica\/\" aria-label=\"Dowiedz si\u0119 wi\u0119cej o AKTYWNA TABLICA\">Dowiedz si\u0119 wi\u0119cej<\/a><\/p>\n","protected":false},"author":2,"featured_media":0,"parent":5677,"menu_order":0,"comment_status":"closed","ping_status":"closed","template":"","meta":{"ngg_post_thumbnail":0,"footnotes":""},"class_list":["post-10530","page","type-page","status-publish"],"_links":{"self":[{"href":"https:\/\/www.zssgorkabusko.pl\/index.php\/wp-json\/wp\/v2\/pages\/10530","targetHints":{"allow":["GET"]}}],"collection":[{"href":"https:\/\/www.zssgorkabusko.pl\/index.php\/wp-json\/wp\/v2\/pages"}],"about":[{"href":"https:\/\/www.zssgorkabusko.pl\/index.php\/wp-json\/wp\/v2\/types\/page"}],"author":[{"embeddable":true,"href":"https:\/\/www.zssgorkabusko.pl\/index.php\/wp-json\/wp\/v2\/users\/2"}],"replies":[{"embeddable":true,"href":"https:\/\/www.zssgorkabusko.pl\/index.php\/wp-json\/wp\/v2\/comments?post=10530"}],"version-history":[{"count":2,"href":"https:\/\/www.zssgorkabusko.pl\/index.php\/wp-json\/wp\/v2\/pages\/10530\/revisions"}],"predecessor-version":[{"id":10567,"href":"https:\/\/www.zssgorkabusko.pl\/index.php\/wp-json\/wp\/v2\/pages\/10530\/revisions\/10567"}],"up":[{"embeddable":true,"href":"https:\/\/www.zssgorkabusko.pl\/index.php\/wp-json\/wp\/v2\/pages\/5677"}],"wp:attachment":[{"href":"https:\/\/www.zssgorkabusko.pl\/index.php\/wp-json\/wp\/v2\/media?parent=10530"}],"curies":[{"name":"wp","href":"https:\/\/api.w.org\/{rel}","templated":true}]}}