{"id":10556,"date":"2025-05-02T18:49:09","date_gmt":"2025-05-02T16:49:09","guid":{"rendered":"https:\/\/www.zssgorkabusko.pl\/?page_id=10556"},"modified":"2025-05-19T08:03:10","modified_gmt":"2025-05-19T06:03:10","slug":"scenariusze-lekcji-z-wykorzystaniem-tik","status":"publish","type":"page","link":"https:\/\/www.zssgorkabusko.pl\/index.php\/programy-realizowane-z-budzetu-panstwa\/aktywna-tablica\/scenariusze-lekcji-z-wykorzystaniem-tik\/","title":{"rendered":"Scenariusze lekcji z wykorzystaniem TIK"},"content":{"rendered":"\n<div data-wp-interactive=\"core\/file\" class=\"wp-block-file\"><object data-wp-bind--hidden=\"!state.hasPdfPreview\" hidden class=\"wp-block-file__embed\" data=\"https:\/\/www.zssgorkabusko.pl\/wp-content\/uploads\/2025\/05\/Konspekt-lekcji-chemii-7-4.pdf\" type=\"application\/pdf\" style=\"width:100%;height:600px\" aria-label=\"Osadzone z Konspekt lekcji chemii 7.\"><\/object><a id=\"wp-block-file--media-1acf5868-2d65-4a58-b188-6010ba0fa8c3\" href=\"https:\/\/www.zssgorkabusko.pl\/wp-content\/uploads\/2025\/05\/Konspekt-lekcji-chemii-7-4.pdf\">Konspekt lekcji chemii 7<\/a><a href=\"https:\/\/www.zssgorkabusko.pl\/wp-content\/uploads\/2025\/05\/Konspekt-lekcji-chemii-7-4.pdf\" class=\"wp-block-file__button wp-element-button\" download aria-describedby=\"wp-block-file--media-1acf5868-2d65-4a58-b188-6010ba0fa8c3\">Pobierz<\/a><\/div>\n\n\n\n<div data-wp-interactive=\"core\/file\" class=\"wp-block-file\"><object data-wp-bind--hidden=\"!state.hasPdfPreview\" hidden class=\"wp-block-file__embed\" data=\"https:\/\/www.zssgorkabusko.pl\/wp-content\/uploads\/2025\/05\/Konspekt-lekcji-chemii-8.pdf\" type=\"application\/pdf\" style=\"width:100%;height:600px\" aria-label=\"Osadzone z Konspekt lekcji chemii 8.\"><\/object><a id=\"wp-block-file--media-4f3098d5-d67f-431c-9e7f-6749dcdf1e7e\" href=\"https:\/\/www.zssgorkabusko.pl\/wp-content\/uploads\/2025\/05\/Konspekt-lekcji-chemii-8.pdf\">Konspekt lekcji chemii 8<\/a><a href=\"https:\/\/www.zssgorkabusko.pl\/wp-content\/uploads\/2025\/05\/Konspekt-lekcji-chemii-8.pdf\" class=\"wp-block-file__button wp-element-button\" download aria-describedby=\"wp-block-file--media-4f3098d5-d67f-431c-9e7f-6749dcdf1e7e\">Pobierz<\/a><\/div>\n\n\n\n<div data-wp-interactive=\"core\/file\" class=\"wp-block-file\"><object data-wp-bind--hidden=\"!state.hasPdfPreview\" hidden class=\"wp-block-file__embed\" data=\"https:\/\/www.zssgorkabusko.pl\/wp-content\/uploads\/2025\/05\/Scenariusz-lekcji-otwartej-z-j.-angielskiego-kl-4-6-1.pdf\" type=\"application\/pdf\" style=\"width:100%;height:600px\" aria-label=\"Osadzone z Scenariusz lekcji otwartej z j. angielskiego kl 4-6.\"><\/object><a id=\"wp-block-file--media-1a4996e2-ae9e-4616-82df-c80a018a6265\" href=\"https:\/\/www.zssgorkabusko.pl\/wp-content\/uploads\/2025\/05\/Scenariusz-lekcji-otwartej-z-j.-angielskiego-kl-4-6-1.pdf\">Scenariusz lekcji otwartej z j. angielskiego kl 4-6<\/a><a href=\"https:\/\/www.zssgorkabusko.pl\/wp-content\/uploads\/2025\/05\/Scenariusz-lekcji-otwartej-z-j.-angielskiego-kl-4-6-1.pdf\" class=\"wp-block-file__button wp-element-button\" download aria-describedby=\"wp-block-file--media-1a4996e2-ae9e-4616-82df-c80a018a6265\">Pobierz<\/a><\/div>\n\n\n\n<div data-wp-interactive=\"core\/file\" class=\"wp-block-file\"><object data-wp-bind--hidden=\"!state.hasPdfPreview\" hidden class=\"wp-block-file__embed\" data=\"https:\/\/www.zssgorkabusko.pl\/wp-content\/uploads\/2025\/05\/Scenariusz-lekcji-matematyki-w-kl.-8.pdf\" type=\"application\/pdf\" style=\"width:100%;height:600px\" aria-label=\"Osadzone z Scenariusz lekcji matematyki w kl. 8.\"><\/object><a id=\"wp-block-file--media-5f7badab-b90b-4b02-a1b4-abe1e262750a\" href=\"https:\/\/www.zssgorkabusko.pl\/wp-content\/uploads\/2025\/05\/Scenariusz-lekcji-matematyki-w-kl.-8.pdf\">Scenariusz lekcji matematyki w kl. 8<\/a><a href=\"https:\/\/www.zssgorkabusko.pl\/wp-content\/uploads\/2025\/05\/Scenariusz-lekcji-matematyki-w-kl.-8.pdf\" class=\"wp-block-file__button wp-element-button\" download aria-describedby=\"wp-block-file--media-5f7badab-b90b-4b02-a1b4-abe1e262750a\">Pobierz<\/a><\/div>\n\n\n\n<div data-wp-interactive=\"core\/file\" class=\"wp-block-file\"><object data-wp-bind--hidden=\"!state.hasPdfPreview\" hidden class=\"wp-block-file__embed\" data=\"https:\/\/www.zssgorkabusko.pl\/wp-content\/uploads\/2025\/05\/Scenariusz-lekcji-z-edukacji-polonistycznej-kl-1-3.pdf\" type=\"application\/pdf\" style=\"width:100%;height:600px\" aria-label=\"Osadzone z Scenariusz lekcji z edukacji polonistycznej kl 1-3.\"><\/object><a id=\"wp-block-file--media-2e560759-6a92-4720-af70-8753ab1ebfd1\" href=\"https:\/\/www.zssgorkabusko.pl\/wp-content\/uploads\/2025\/05\/Scenariusz-lekcji-z-edukacji-polonistycznej-kl-1-3.pdf\">Scenariusz lekcji z edukacji polonistycznej kl 1-3<\/a><a href=\"https:\/\/www.zssgorkabusko.pl\/wp-content\/uploads\/2025\/05\/Scenariusz-lekcji-z-edukacji-polonistycznej-kl-1-3.pdf\" class=\"wp-block-file__button wp-element-button\" download aria-describedby=\"wp-block-file--media-2e560759-6a92-4720-af70-8753ab1ebfd1\">Pobierz<\/a><\/div>\n\n\n\n<div data-wp-interactive=\"core\/file\" class=\"wp-block-file\"><object data-wp-bind--hidden=\"!state.hasPdfPreview\" hidden class=\"wp-block-file__embed\" data=\"https:\/\/www.zssgorkabusko.pl\/wp-content\/uploads\/2025\/05\/Scenariusz-zajec-Dlaczego-fast-foody-saszkodliwe.pdf\" type=\"application\/pdf\" style=\"width:100%;height:600px\" aria-label=\"Osadzone z Scenariusz zaj\u0119\u0107 - Dlaczego fast foody s\u0105szkodliwe.\"><\/object><a id=\"wp-block-file--media-d7a48d3e-4e80-4c8d-af15-1d5ffd896890\" href=\"https:\/\/www.zssgorkabusko.pl\/wp-content\/uploads\/2025\/05\/Scenariusz-zajec-Dlaczego-fast-foody-saszkodliwe.pdf\">Scenariusz zaj\u0119\u0107 &#8211; Dlaczego fast foody s\u0105szkodliwe<\/a><a href=\"https:\/\/www.zssgorkabusko.pl\/wp-content\/uploads\/2025\/05\/Scenariusz-zajec-Dlaczego-fast-foody-saszkodliwe.pdf\" class=\"wp-block-file__button wp-element-button\" download aria-describedby=\"wp-block-file--media-d7a48d3e-4e80-4c8d-af15-1d5ffd896890\">Pobierz<\/a><\/div>\n\n\n\n<div data-wp-interactive=\"core\/file\" class=\"wp-block-file\"><object data-wp-bind--hidden=\"!state.hasPdfPreview\" hidden class=\"wp-block-file__embed\" data=\"https:\/\/www.zssgorkabusko.pl\/wp-content\/uploads\/2025\/05\/Scenariusz-zajec-umuzykalniajacych-.pdf\" type=\"application\/pdf\" style=\"width:100%;height:600px\" aria-label=\"Osadzone z Scenariusz zaj\u0119\u0107 umuzykalniaj\u0105cych.\"><\/object><a id=\"wp-block-file--media-3b2d70e1-925f-455b-8052-265384535218\" href=\"https:\/\/www.zssgorkabusko.pl\/wp-content\/uploads\/2025\/05\/Scenariusz-zajec-umuzykalniajacych-.pdf\">Scenariusz zaj\u0119\u0107 umuzykalniaj\u0105cych<\/a><a href=\"https:\/\/www.zssgorkabusko.pl\/wp-content\/uploads\/2025\/05\/Scenariusz-zajec-umuzykalniajacych-.pdf\" class=\"wp-block-file__button wp-element-button\" download aria-describedby=\"wp-block-file--media-3b2d70e1-925f-455b-8052-265384535218\">Pobierz<\/a><\/div>\n\n\n\n<div data-wp-interactive=\"core\/file\" class=\"wp-block-file\"><object data-wp-bind--hidden=\"!state.hasPdfPreview\" hidden class=\"wp-block-file__embed\" data=\"https:\/\/www.zssgorkabusko.pl\/wp-content\/uploads\/2025\/05\/Scenariusz-zajec-Swiatowy-dzien-wolontariatu.pdf\" type=\"application\/pdf\" style=\"width:100%;height:600px\" aria-label=\"Osadzone z Scenariusz zaj\u0119\u0107 -\u015awiatowy dzie\u0144 wolontariatu.\"><\/object><a id=\"wp-block-file--media-cd58fd0b-6063-4c74-bc32-65ed95948c88\" href=\"https:\/\/www.zssgorkabusko.pl\/wp-content\/uploads\/2025\/05\/Scenariusz-zajec-Swiatowy-dzien-wolontariatu.pdf\">Scenariusz zaj\u0119\u0107 -\u015awiatowy dzie\u0144 wolontariatu<\/a><a href=\"https:\/\/www.zssgorkabusko.pl\/wp-content\/uploads\/2025\/05\/Scenariusz-zajec-Swiatowy-dzien-wolontariatu.pdf\" class=\"wp-block-file__button wp-element-button\" download aria-describedby=\"wp-block-file--media-cd58fd0b-6063-4c74-bc32-65ed95948c88\">Pobierz<\/a><\/div>\n\n\n\n<div data-wp-interactive=\"core\/file\" class=\"wp-block-file\"><object data-wp-bind--hidden=\"!state.hasPdfPreview\" hidden class=\"wp-block-file__embed\" data=\"https:\/\/www.zssgorkabusko.pl\/wp-content\/uploads\/2025\/05\/Scenariusz-lekcji-z-geografii-w-kl1-liceum.pdf\" type=\"application\/pdf\" style=\"width:100%;height:600px\" aria-label=\"Osadzone z Scenariusz lekcji z geografii w kl1 liceum.\"><\/object><a id=\"wp-block-file--media-48935386-0634-4658-a8b4-2ddf7f9c1434\" href=\"https:\/\/www.zssgorkabusko.pl\/wp-content\/uploads\/2025\/05\/Scenariusz-lekcji-z-geografii-w-kl1-liceum.pdf\">Scenariusz lekcji z geografii w kl1 liceum<\/a><a href=\"https:\/\/www.zssgorkabusko.pl\/wp-content\/uploads\/2025\/05\/Scenariusz-lekcji-z-geografii-w-kl1-liceum.pdf\" class=\"wp-block-file__button wp-element-button\" download aria-describedby=\"wp-block-file--media-48935386-0634-4658-a8b4-2ddf7f9c1434\">Pobierz<\/a><\/div>\n\n\n\n<div data-wp-interactive=\"core\/file\" class=\"wp-block-file\"><object data-wp-bind--hidden=\"!state.hasPdfPreview\" hidden class=\"wp-block-file__embed\" data=\"https:\/\/www.zssgorkabusko.pl\/wp-content\/uploads\/2025\/05\/Scenariusz-lekcji-jezyka-polskiegoLO.pdf\" type=\"application\/pdf\" style=\"width:100%;height:600px\" aria-label=\"Osadzone z Scenariusz lekcji j\u0119zyka polskiegoLO.\"><\/object><a id=\"wp-block-file--media-93e48dc2-7164-4d34-9ebb-661a7f697252\" href=\"https:\/\/www.zssgorkabusko.pl\/wp-content\/uploads\/2025\/05\/Scenariusz-lekcji-jezyka-polskiegoLO.pdf\">Scenariusz lekcji j\u0119zyka polskiegoLO<\/a><a href=\"https:\/\/www.zssgorkabusko.pl\/wp-content\/uploads\/2025\/05\/Scenariusz-lekcji-jezyka-polskiegoLO.pdf\" class=\"wp-block-file__button wp-element-button\" download aria-describedby=\"wp-block-file--media-93e48dc2-7164-4d34-9ebb-661a7f697252\">Pobierz<\/a><\/div>\n","protected":false},"excerpt":{"rendered":"","protected":false},"author":2,"featured_media":0,"parent":10530,"menu_order":0,"comment_status":"closed","ping_status":"closed","template":"","meta":{"ngg_post_thumbnail":0,"footnotes":""},"class_list":["post-10556","page","type-page","status-publish"],"_links":{"self":[{"href":"https:\/\/www.zssgorkabusko.pl\/index.php\/wp-json\/wp\/v2\/pages\/10556","targetHints":{"allow":["GET"]}}],"collection":[{"href":"https:\/\/www.zssgorkabusko.pl\/index.php\/wp-json\/wp\/v2\/pages"}],"about":[{"href":"https:\/\/www.zssgorkabusko.pl\/index.php\/wp-json\/wp\/v2\/types\/page"}],"author":[{"embeddable":true,"href":"https:\/\/www.zssgorkabusko.pl\/index.php\/wp-json\/wp\/v2\/users\/2"}],"replies":[{"embeddable":true,"href":"https:\/\/www.zssgorkabusko.pl\/index.php\/wp-json\/wp\/v2\/comments?post=10556"}],"version-history":[{"count":7,"href":"https:\/\/www.zssgorkabusko.pl\/index.php\/wp-json\/wp\/v2\/pages\/10556\/revisions"}],"predecessor-version":[{"id":10615,"href":"https:\/\/www.zssgorkabusko.pl\/index.php\/wp-json\/wp\/v2\/pages\/10556\/revisions\/10615"}],"up":[{"embeddable":true,"href":"https:\/\/www.zssgorkabusko.pl\/index.php\/wp-json\/wp\/v2\/pages\/10530"}],"wp:attachment":[{"href":"https:\/\/www.zssgorkabusko.pl\/index.php\/wp-json\/wp\/v2\/media?parent=10556"}],"curies":[{"name":"wp","href":"https:\/\/api.w.org\/{rel}","templated":true}]}}