{"id":10584,"date":"2025-05-03T18:51:35","date_gmt":"2025-05-03T16:51:35","guid":{"rendered":"https:\/\/www.zssgorkabusko.pl\/?page_id=10584"},"modified":"2025-05-14T10:50:01","modified_gmt":"2025-05-14T08:50:01","slug":"przyklady-dobrych-praktyk","status":"publish","type":"page","link":"https:\/\/www.zssgorkabusko.pl\/index.php\/programy-realizowane-z-budzetu-panstwa\/aktywna-tablica\/przyklady-dobrych-praktyk\/","title":{"rendered":"Przyk\u0142ady dobrych praktyk"},"content":{"rendered":"\n<p>W zwi\u0105zku z realizacj\u0105 Rz\u0105dowego Programu Aktywna Tablica powsta\u0142a \u201eMi\u0119dzyszkolna sie\u0107 wsp\u00f3\u0142pracy nauczycieli\u201d<\/p>\n\n\n\n<p><strong>Szko\u0142y uczestnicz\u0105ce w sieci:<\/strong><\/p>\n\n\n\n<ul class=\"wp-block-list\">\n<li>VI Liceum Og\u00f3lnokszta\u0142c\u0105ce Specjalne w Zespole Szk\u00f3\u0142 Specjalnych w Busku &#8211; Zdroju<\/li>\n\n\n\n<li>Szko\u0142a Bran\u017cowa I Stopnia Specjalna w Zespole Plac\u00f3wek Szkolno &#8211; Wychowawczo &#8211; Rewalidacyjnych w Cudzynowicach<\/li>\n<\/ul>\n\n\n\n<ul class=\"wp-block-list\">\n<li>Szko\u0142a Podstawowa Specjalna w Zespole Szk\u00f3\u0142 Specjalnych w Busku Zdroju<\/li>\n\n\n\n<li>Szko\u0142a Podstawowa Specjalna w Zespole Plac\u00f3wek Szkolno &#8211; Wychowawczo &#8211; Rewalidacyjnych w Cudzynowicach<\/li>\n<\/ul>\n\n\n\n<p class=\"has-text-align-center\"><strong><em>POMOCNE INTERAKTYWNE PLATFORMY EDUKACYJNE I NARZ\u0118DZIA<\/em><\/strong><\/p>\n\n\n\n<figure class=\"wp-block-table\"><table class=\"has-fixed-layout\"><tbody><tr><td><a href=\"http:\/\/www.dzwonek.pl\">www.dzwonek.pl<\/a><\/td><td>&#8211; interaktywne materia\u0142y do nauki przy u\u017cyciu tablicy multimedialnej<\/td><\/tr><tr><td><a href=\"http:\/\/www.dlanauczyciela.pl\">www.dlanauczyciela.pl<\/a> &nbsp;&nbsp;&#8211; Nowa Era<\/td><td>&#8211; narz\u0119dzia i materia\u0142y wspieraj\u0105ce prac\u0119 nauczycieli &#8211; elektroniczne wersje podr\u0119cznik\u00f3w &#8211; generator test\u00f3w i sprawdzian\u00f3w<\/td><\/tr><tr><td><a href=\"http:\/\/www.gwo.pl\">www.gwo.pl<\/a>&nbsp;&nbsp;<\/td><td>&#8211; materia\u0142y dydaktyczne &#8211; multipodr\u0119czniki<\/td><\/tr><tr><td><a href=\"http:\/\/www.wsip.pl\">www.wsip.pl<\/a>&nbsp;<\/td><td>&#8211; pomoce dydaktyczne &#8211; EDURANGA &#8211; materia\u0142y gotowe do pobrania &#8211; generatory sprawdzian\u00f3w i kartk\u00f3wek<\/td><\/tr><tr><td><a href=\"http:\/\/www.learningApps.org\">www.learningApps.org<\/a><\/td><td>&#8211; aplikacje do stosowania na lekcjach &#8211; tworzenie w\u0142asnych aplikacji<\/td><\/tr><tr><td><a href=\"http:\/\/www.canva.pl\">www.canva.pl<\/a><\/td><td>&#8211; gotowe szablony to tworzenia prezentacji, ulotek, zaprosze\u0144<\/td><\/tr><tr><td><a href=\"http:\/\/www.kahoot.com\">www.kahoot.com<\/a><\/td><td>&#8211; tworzenie quiz\u00f3w dla uczni\u00f3w<\/td><\/tr><tr><td><a href=\"http:\/\/www.zpe.gov.pl\">www.zpe.gov.pl<\/a><\/td><td>&#8211; materia\u0142y dydaktyczne wspieraj\u0105ce proces edukacji<\/td><\/tr><tr><td><a href=\"http:\/\/www.Wordwall.net.pl\">www.Wordwall.net.pl<\/a><\/td><td>&#8211; interaktywne zadania i \u0107wiczenia &#8211; szablony kart pracy<\/td><\/tr><tr><td><a href=\"http:\/\/www.pistacja.tv\">www.pistacja.tv<\/a><\/td><td>&#8211; filmy edukacyjne do nauki matematyki, chemii, fizyki i biologii zgodne z podstaw\u0105 programow\u0105<\/td><\/tr><tr><td>123 edukacja<\/td><td>&#8211; aplikacje dla edukacji wczesnoszkolnej zawieraj\u0105 interaktywne zadania i quizy<br>&#8211; bajki, kt\u00f3re ucz\u0105 i bawi\u0105<\/td><\/tr><tr><td>Platforma Operon dla nauczyciela<\/td><td>&#8211; materia\u0142y do wy\u015bwietlania na tablicy interaktywnej: podr\u0119czniki w wersji cyfrowej, prezentacje multimedialne, <br>&#8211; scenariusze, -materia\u0142y metodyczne<br>&#8211; materia\u0142y metodyczne<br>&#8211; kursy i webinary<\/td><\/tr><\/tbody><\/table><\/figure>\n\n\n\n<p><\/p>\n","protected":false},"excerpt":{"rendered":"<p>W zwi\u0105zku z realizacj\u0105 Rz\u0105dowego Programu Aktywna Tablica powsta\u0142a \u201eMi\u0119dzyszkolna sie\u0107 wsp\u00f3\u0142pracy nauczycieli\u201d Szko\u0142y uczestnicz\u0105ce w sieci: POMOCNE INTERAKTYWNE PLATFORMY EDUKACYJNE I NARZ\u0118DZIA www.dzwonek.pl &#8211; interaktywne materia\u0142y do nauki przy u\u017cyciu tablicy multimedialnej www.dlanauczyciela.pl &nbsp;&nbsp;&#8211; Nowa Era &#8211; narz\u0119dzia i materia\u0142y wspieraj\u0105ce prac\u0119 nauczycieli &#8211; elektroniczne wersje podr\u0119cznik\u00f3w &#8211; generator test\u00f3w i sprawdzian\u00f3w www.gwo.pl&nbsp;&nbsp; &#8211; &#8230; <a title=\"Przyk\u0142ady dobrych praktyk\" class=\"read-more\" href=\"https:\/\/www.zssgorkabusko.pl\/index.php\/programy-realizowane-z-budzetu-panstwa\/aktywna-tablica\/przyklady-dobrych-praktyk\/\" aria-label=\"Dowiedz si\u0119 wi\u0119cej o Przyk\u0142ady dobrych praktyk\">Dowiedz si\u0119 wi\u0119cej<\/a><\/p>\n","protected":false},"author":2,"featured_media":0,"parent":10530,"menu_order":0,"comment_status":"closed","ping_status":"closed","template":"","meta":{"ngg_post_thumbnail":0,"footnotes":""},"class_list":["post-10584","page","type-page","status-publish"],"_links":{"self":[{"href":"https:\/\/www.zssgorkabusko.pl\/index.php\/wp-json\/wp\/v2\/pages\/10584","targetHints":{"allow":["GET"]}}],"collection":[{"href":"https:\/\/www.zssgorkabusko.pl\/index.php\/wp-json\/wp\/v2\/pages"}],"about":[{"href":"https:\/\/www.zssgorkabusko.pl\/index.php\/wp-json\/wp\/v2\/types\/page"}],"author":[{"embeddable":true,"href":"https:\/\/www.zssgorkabusko.pl\/index.php\/wp-json\/wp\/v2\/users\/2"}],"replies":[{"embeddable":true,"href":"https:\/\/www.zssgorkabusko.pl\/index.php\/wp-json\/wp\/v2\/comments?post=10584"}],"version-history":[{"count":4,"href":"https:\/\/www.zssgorkabusko.pl\/index.php\/wp-json\/wp\/v2\/pages\/10584\/revisions"}],"predecessor-version":[{"id":10606,"href":"https:\/\/www.zssgorkabusko.pl\/index.php\/wp-json\/wp\/v2\/pages\/10584\/revisions\/10606"}],"up":[{"embeddable":true,"href":"https:\/\/www.zssgorkabusko.pl\/index.php\/wp-json\/wp\/v2\/pages\/10530"}],"wp:attachment":[{"href":"https:\/\/www.zssgorkabusko.pl\/index.php\/wp-json\/wp\/v2\/media?parent=10584"}],"curies":[{"name":"wp","href":"https:\/\/api.w.org\/{rel}","templated":true}]}}