{"id":10830,"date":"2025-07-01T20:44:36","date_gmt":"2025-07-01T18:44:36","guid":{"rendered":"https:\/\/www.zssgorkabusko.pl\/?page_id=10830"},"modified":"2026-03-18T11:39:53","modified_gmt":"2026-03-18T10:39:53","slug":"sprawozdanie-z-realizacji-programu-laboratoria-przyszlosci-w-roku-szkolnym-2024-2025","status":"publish","type":"page","link":"https:\/\/www.zssgorkabusko.pl\/index.php\/programy-realizowane-z-budzetu-panstwa\/laboratoria-przyszlosci\/sprawozdanie-z-realizacji-programu-laboratoria-przyszlosci-w-roku-szkolnym-2024-2025\/","title":{"rendered":"Sprawozdanie z realizacji programu &#8222;Laboratoria Przysz\u0142o\u015bci&#8221; w drugim p\u00f3\u0142roczu roku szkolnym 2024\/2025"},"content":{"rendered":"\n<p>W drugim p\u00f3\u0142roczu roku szkolnym 2024\/2025 nasza szko\u0142a kontynuowa\u0142a aktywne uczestnictwo <br>w programie <strong>Laboratoria Przysz\u0142o\u015bci<\/strong>, kt\u00f3rego celem jest wsparcie szk\u00f3\u0142 podstawowych <br>w unowocze\u015bnianiu procesu edukacyjnego poprzez dost\u0119p do nowoczesnego sprz\u0119tu technologicznego i rozwijanie kompetencji przysz\u0142o\u015bci u uczni\u00f3w.<\/p>\n\n\n\n<p>Zakupiony w poprzednich latach sprz\u0119t by\u0142 intensywnie wykorzystywany podczas zaj\u0119\u0107 edukacyjnych oraz dodatkowych:<\/p>\n\n\n\n<ul class=\"wp-block-list\">\n<li><strong>Drukarka 3D<\/strong> by\u0142a wykorzystywana podczas lekcji informatyki, ko\u0142a informatycznego oraz zaj\u0119\u0107 z doradztwa zawodowego \u2013 uczniowie projektowali <br>i drukowali modele przestrzenne, ucz\u0105c si\u0119 podstaw projektowania 3D.<\/li>\n\n\n\n<li><strong>Aparat fotograficzny<\/strong> s\u0142u\u017cy\u0142 do dokumentowania \u017cycia szkolnego, realizacji projekt\u00f3w multimedialnych oraz nagrywania film\u00f3w edukacyjnych i szkolnych wydarze\u0144.<\/li>\n\n\n\n<li><strong>Klocki LEGO<\/strong> &nbsp;by\u0142y regularnie wykorzystywane podczas zaj\u0119\u0107 lekcyjnych <br>i pozalekcyjnych. By\u0142y &nbsp;u\u017cywane do wprowadzania element\u00f3w logicznego my\u015blenia i kodowania w klasach I\u2013III w formie zabawy edukacyjnej.<\/li>\n<\/ul>\n\n\n\n<p>Dzi\u0119ki programowi Laboratoria Przysz\u0142o\u015bci:<\/p>\n\n\n\n<ul class=\"wp-block-list\">\n<li>zwi\u0119kszy\u0142o si\u0119 zainteresowanie uczni\u00f3w przedmiotami \u015bcis\u0142ymi i technicznymi,<\/li>\n\n\n\n<li>rozwijano kreatywno\u015b\u0107, umiej\u0119tno\u015bci cyfrowe i kompetencje komunikacyjne,<\/li>\n\n\n\n<li>uczniowie zdobyli praktyczne do\u015bwiadczenia z nowoczesnymi technologiami,<\/li>\n\n\n\n<li>szko\u0142a mog\u0142a realizowa\u0107 nowoczesne formy nauczania w duchu STEAM (nauka, technologia, in\u017cynieria, sztuka, matematyka),<\/li>\n\n\n\n<li>wzros\u0142a<strong> <\/strong>aktywno\u015b\u0107 i &nbsp;zaanga\u017cowanie uczni\u00f3w \u2013 szczeg\u00f3lnie tych, kt\u00f3rzy wcze\u015bniej nie byli zmotywowani do nauki przedmiot\u00f3w \u015bcis\u0142ych.<\/li>\n<\/ul>\n\n\n\nngg_shortcode_0_placeholder\n\n\n\nngg_shortcode_1_placeholder\n\n\n\n<p>Koordynator: Justyna Pasternak<\/p>\n\n\n\n<p><\/p>\n","protected":false},"excerpt":{"rendered":"<p>W drugim p\u00f3\u0142roczu roku szkolnym 2024\/2025 nasza szko\u0142a kontynuowa\u0142a aktywne uczestnictwo w programie Laboratoria Przysz\u0142o\u015bci, kt\u00f3rego celem jest wsparcie szk\u00f3\u0142 podstawowych w unowocze\u015bnianiu procesu edukacyjnego poprzez dost\u0119p do nowoczesnego sprz\u0119tu technologicznego i rozwijanie kompetencji przysz\u0142o\u015bci u uczni\u00f3w. Zakupiony w poprzednich latach sprz\u0119t by\u0142 intensywnie wykorzystywany podczas zaj\u0119\u0107 edukacyjnych oraz dodatkowych: Dzi\u0119ki programowi Laboratoria Przysz\u0142o\u015bci: Koordynator: &#8230; <a title=\"Sprawozdanie z realizacji programu &#8222;Laboratoria Przysz\u0142o\u015bci&#8221; w drugim p\u00f3\u0142roczu roku szkolnym 2024\/2025\" class=\"read-more\" href=\"https:\/\/www.zssgorkabusko.pl\/index.php\/programy-realizowane-z-budzetu-panstwa\/laboratoria-przyszlosci\/sprawozdanie-z-realizacji-programu-laboratoria-przyszlosci-w-roku-szkolnym-2024-2025\/\" aria-label=\"Dowiedz si\u0119 wi\u0119cej o Sprawozdanie z realizacji programu &#8222;Laboratoria Przysz\u0142o\u015bci&#8221; w drugim p\u00f3\u0142roczu roku szkolnym 2024\/2025\">Dowiedz si\u0119 wi\u0119cej<\/a><\/p>\n","protected":false},"author":2,"featured_media":0,"parent":5942,"menu_order":-14,"comment_status":"closed","ping_status":"closed","template":"","meta":{"ngg_post_thumbnail":0,"footnotes":""},"class_list":["post-10830","page","type-page","status-publish"],"_links":{"self":[{"href":"https:\/\/www.zssgorkabusko.pl\/index.php\/wp-json\/wp\/v2\/pages\/10830","targetHints":{"allow":["GET"]}}],"collection":[{"href":"https:\/\/www.zssgorkabusko.pl\/index.php\/wp-json\/wp\/v2\/pages"}],"about":[{"href":"https:\/\/www.zssgorkabusko.pl\/index.php\/wp-json\/wp\/v2\/types\/page"}],"author":[{"embeddable":true,"href":"https:\/\/www.zssgorkabusko.pl\/index.php\/wp-json\/wp\/v2\/users\/2"}],"replies":[{"embeddable":true,"href":"https:\/\/www.zssgorkabusko.pl\/index.php\/wp-json\/wp\/v2\/comments?post=10830"}],"version-history":[{"count":7,"href":"https:\/\/www.zssgorkabusko.pl\/index.php\/wp-json\/wp\/v2\/pages\/10830\/revisions"}],"predecessor-version":[{"id":11637,"href":"https:\/\/www.zssgorkabusko.pl\/index.php\/wp-json\/wp\/v2\/pages\/10830\/revisions\/11637"}],"up":[{"embeddable":true,"href":"https:\/\/www.zssgorkabusko.pl\/index.php\/wp-json\/wp\/v2\/pages\/5942"}],"wp:attachment":[{"href":"https:\/\/www.zssgorkabusko.pl\/index.php\/wp-json\/wp\/v2\/media?parent=10830"}],"curies":[{"name":"wp","href":"https:\/\/api.w.org\/{rel}","templated":true}]}}