{"id":10864,"date":"2025-07-02T19:57:50","date_gmt":"2025-07-02T17:57:50","guid":{"rendered":"https:\/\/www.zssgorkabusko.pl\/?page_id=10864"},"modified":"2026-03-16T21:15:28","modified_gmt":"2026-03-16T20:15:28","slug":"sprawozdanie-z-realizacji-programu-aktywna-tablica-w-roku-szkolnym-2024-2025","status":"publish","type":"page","link":"https:\/\/www.zssgorkabusko.pl\/index.php\/programy-realizowane-z-budzetu-panstwa\/aktywna-tablica\/sprawozdanie-z-realizacji-programu-aktywna-tablica-w-roku-szkolnym-2024-2025\/","title":{"rendered":"Sprawozdanie z realizacji programu \u201eAktywna Tablica\u201d w roku szkolnym 2024\/2025"},"content":{"rendered":"\n<p>W roku szkolnym 2024\/2025 nasza plac\u00f3wka bra\u0142a &nbsp;udzia\u0142 w rz\u0105dowym programie <strong>\u201eAktywna Tablica\u201d<\/strong>, kt\u00f3rego celem jest wspieranie szk\u00f3\u0142 w rozwijaniu nowoczesnej edukacji z wykorzystaniem technologii informacyjno-komunikacyjnych (TIK).<\/p>\n\n\n\n<p>W ramach programu szko\u0142a zosta\u0142a wyposa\u017cona w nowoczesne pomoce dydaktyczne <br>i narz\u0119dzia TIK:<\/p>\n\n\n\n<ul class=\"wp-block-list\">\n<li>interaktywny monitor dotykowy,<\/li>\n\n\n\n<li>laptopy dla nauczycieli i uczni\u00f3w,<\/li>\n\n\n\n<li>programy Wirtualne Laboratoria Przyrodnicze.<\/li>\n<\/ul>\n\n\n\n<p>Sprz\u0119t zakupiony w ramach programu by\u0142 systematycznie wykorzystywany podczas:<\/p>\n\n\n\n<ul class=\"wp-block-list\">\n<li>zaj\u0119\u0107 edukacyjnych z r\u00f3\u017cnych przedmiot\u00f3w (m.in. j\u0119zyk polski, matematyka, przyroda, historia, j\u0119zyki obce),<\/li>\n\n\n\n<li>zaj\u0119\u0107 specjalnych grup wychowawczych,<\/li>\n\n\n\n<li>przygotowania prezentacji, quiz\u00f3w, film\u00f3w edukacyjnych i prac projektowych,<\/li>\n\n\n\n<li>szkole\u0144 i rad pedagogicznych \u2013 podnosz\u0105cych kompetencje nauczycieli <br>w zakresie wykorzystania TIK.<\/li>\n<\/ul>\n\n\n\n<p>Dzi\u0119ki programowi <strong>Aktywna Tablica<\/strong>:<\/p>\n\n\n\n<ul class=\"wp-block-list\">\n<li>podniesiono jako\u015b\u0107 nauczania i atrakcyjno\u015b\u0107 zaj\u0119\u0107 poprzez wykorzystanie interaktywnych narz\u0119dzi,<\/li>\n\n\n\n<li>wzros\u0142a aktywno\u015b\u0107 i motywacja uczni\u00f3w, szczeg\u00f3lnie w pracy z materia\u0142em multimedialnym,<\/li>\n\n\n\n<li>zwi\u0119kszy\u0142y si\u0119 kompetencje cyfrowe nauczycieli i uczni\u00f3w,<\/li>\n\n\n\n<li>u\u0142atwiono indywidualizacj\u0119 procesu nauczania, zw\u0142aszcza dla uczni\u00f3w ze specjalnymi potrzebami edukacyjnymi,<\/li>\n\n\n\n<li>szko\u0142a zyska\u0142a nowoczesne zaplecze technologiczne, kt\u00f3re b\u0119dzie s\u0142u\u017cy\u0107 w kolejnych latach.<\/li>\n<\/ul>\n\n\n\n<p>e-koordynator: Justyna Pasternak<\/p>\n\n\n\nngg_shortcode_0_placeholder\n","protected":false},"excerpt":{"rendered":"<p>W roku szkolnym 2024\/2025 nasza plac\u00f3wka bra\u0142a &nbsp;udzia\u0142 w rz\u0105dowym programie \u201eAktywna Tablica\u201d, kt\u00f3rego celem jest wspieranie szk\u00f3\u0142 w rozwijaniu nowoczesnej edukacji z wykorzystaniem technologii informacyjno-komunikacyjnych (TIK). W ramach programu szko\u0142a zosta\u0142a wyposa\u017cona w nowoczesne pomoce dydaktyczne i narz\u0119dzia TIK: Sprz\u0119t zakupiony w ramach programu by\u0142 systematycznie wykorzystywany podczas: Dzi\u0119ki programowi Aktywna Tablica: e-koordynator: Justyna &#8230; <a title=\"Sprawozdanie z realizacji programu \u201eAktywna Tablica\u201d w roku szkolnym 2024\/2025\" class=\"read-more\" href=\"https:\/\/www.zssgorkabusko.pl\/index.php\/programy-realizowane-z-budzetu-panstwa\/aktywna-tablica\/sprawozdanie-z-realizacji-programu-aktywna-tablica-w-roku-szkolnym-2024-2025\/\" aria-label=\"Dowiedz si\u0119 wi\u0119cej o Sprawozdanie z realizacji programu \u201eAktywna Tablica\u201d w roku szkolnym 2024\/2025\">Dowiedz si\u0119 wi\u0119cej<\/a><\/p>\n","protected":false},"author":2,"featured_media":0,"parent":10530,"menu_order":-13,"comment_status":"closed","ping_status":"closed","template":"","meta":{"ngg_post_thumbnail":0,"footnotes":""},"class_list":["post-10864","page","type-page","status-publish"],"_links":{"self":[{"href":"https:\/\/www.zssgorkabusko.pl\/index.php\/wp-json\/wp\/v2\/pages\/10864","targetHints":{"allow":["GET"]}}],"collection":[{"href":"https:\/\/www.zssgorkabusko.pl\/index.php\/wp-json\/wp\/v2\/pages"}],"about":[{"href":"https:\/\/www.zssgorkabusko.pl\/index.php\/wp-json\/wp\/v2\/types\/page"}],"author":[{"embeddable":true,"href":"https:\/\/www.zssgorkabusko.pl\/index.php\/wp-json\/wp\/v2\/users\/2"}],"replies":[{"embeddable":true,"href":"https:\/\/www.zssgorkabusko.pl\/index.php\/wp-json\/wp\/v2\/comments?post=10864"}],"version-history":[{"count":3,"href":"https:\/\/www.zssgorkabusko.pl\/index.php\/wp-json\/wp\/v2\/pages\/10864\/revisions"}],"predecessor-version":[{"id":10880,"href":"https:\/\/www.zssgorkabusko.pl\/index.php\/wp-json\/wp\/v2\/pages\/10864\/revisions\/10880"}],"up":[{"embeddable":true,"href":"https:\/\/www.zssgorkabusko.pl\/index.php\/wp-json\/wp\/v2\/pages\/10530"}],"wp:attachment":[{"href":"https:\/\/www.zssgorkabusko.pl\/index.php\/wp-json\/wp\/v2\/media?parent=10864"}],"curies":[{"name":"wp","href":"https:\/\/api.w.org\/{rel}","templated":true}]}}