{"id":11641,"date":"2026-03-18T11:34:10","date_gmt":"2026-03-18T10:34:10","guid":{"rendered":"https:\/\/www.zssgorkabusko.pl\/?page_id=11641"},"modified":"2026-03-18T11:40:10","modified_gmt":"2026-03-18T10:40:10","slug":"sprawozdanie-z-realizacji-programu-laboratoria-przyszlosci-w-pierwszym-polroczu-roku-szkolnego-2025-2026","status":"publish","type":"page","link":"https:\/\/www.zssgorkabusko.pl\/index.php\/programy-realizowane-z-budzetu-panstwa\/laboratoria-przyszlosci\/sprawozdanie-z-realizacji-programu-laboratoria-przyszlosci-w-pierwszym-polroczu-roku-szkolnego-2025-2026\/","title":{"rendered":"Sprawozdanie z realizacji programu ,,Laboratoria Przysz\u0142o\u015bci&#8221; w pierwszym p\u00f3\u0142roczu roku szkolnego 2025\/2026"},"content":{"rendered":"\n<p>W pierwszym p\u00f3\u0142roczu roku szkolnego 2025\/2026 w ramach realizacji programu \u201eLaboratoria Przysz\u0142o\u015bci\u201d kontynuowano rozwijanie kompetencji przysz\u0142o\u015bci w\u015br\u00f3d uczni\u00f3w poprzez wykorzystanie nowoczesnych technologii oraz metod nauczania opartych <br>na do\u015bwiadczeniu i kreatywno\u015bci. Wykorzystywano zakupiony sprz\u0119t: drukark\u0119 3D, aparat fotograficzny oraz zestawy klock\u00f3w LEGO. Sprz\u0119t by\u0142 u\u017cywany podczas zaj\u0119\u0107 lekcyjnych, projekt\u00f3w edukacyjnych oraz zaj\u0119\u0107 dodatkowych.<\/p>\n\n\n\n<p><strong>Wykorzystanie drukarki 3D<\/strong><\/p>\n\n\n\n<p>Drukarka 3D by\u0142a wykorzystywana podczas lekcji informatyki, ko\u0142a informatycznego <br>i zaj\u0119\u0107 z wychowawc\u0105. Uczniowie poznawali podstawy modelowania przestrzennego, proces przygotowania modeli do druku oraz wykorzystanie druku 3D w r\u00f3\u017cnych zawodach.<br>Dzi\u0119ki pracy z drukark\u0105 3D uczniowie rozwijali wyobra\u017ani\u0119 przestrzenn\u0105, umiej\u0119tno\u015bci projektowania oraz logicznego my\u015blenia.<\/p>\n\n\n\n<p><strong>Wykorzystanie aparatu fotograficznego<\/strong><\/p>\n\n\n\n<p>Aparat fotograficzny by\u0142 wykorzystywany podczas dokumentowania dzia\u0142a\u0144 projektowych oraz zaj\u0119\u0107 edukacyjnych. Uczniowie mieli mo\u017cliwo\u015b\u0107 poznania podstaw fotografii i pracy z obrazem.<br>Wykorzystanie aparatu rozwija\u0142o wra\u017cliwo\u015b\u0107 estetyczn\u0105 uczni\u00f3w oraz ich umiej\u0119tno\u015bci dokumentowania pracy.<\/p>\n\n\n\n<p><strong>Wykorzystanie klock\u00f3w LEGO<\/strong><\/p>\n\n\n\n<p>Zestawy klock\u00f3w LEGO by\u0142y wykorzystywane podczas zaj\u0119\u0107 rozwijaj\u0105cych kompetencje techniczne oraz kreatywno\u015b\u0107 uczni\u00f3w. Praca z klockami odbywa\u0142a si\u0119 zar\u00f3wno indywidualnie, jak i w zespo\u0142ach.<br>Zaj\u0119cia z wykorzystaniem klock\u00f3w LEGO sprzyja\u0142y rozwijaniu umiej\u0119tno\u015bci wsp\u00f3\u0142pracy, kreatywno\u015bci oraz zdolno\u015bci technicznych.<\/p>\n\n\n\n<p>Wykorzystanie drukarki 3D, aparatu fotograficznego oraz klock\u00f3w LEGO w ramach programu \u201eLaboratoria Przysz\u0142o\u015bci\u201d znacz\u0105co wzbogaci\u0142o proces dydaktyczny. <br>Sprz\u0119t umo\u017cliwi\u0142 prowadzenie atrakcyjnych zaj\u0119\u0107 rozwijaj\u0105cych kompetencje przysz\u0142o\u015bci oraz wspiera\u0142 nauk\u0119 poprzez praktyczne dzia\u0142anie. Program przyczyni\u0142 si\u0119 do zwi\u0119kszenia aktywno\u015bci uczni\u00f3w oraz rozwijania ich zainteresowa\u0144 technologicznych i kreatywnych.<\/p>\n\n\n\n<p>Koordynator: Justyna Pasternak<\/p>\n\n\n\nngg_shortcode_0_placeholder\n","protected":false},"excerpt":{"rendered":"<p>W pierwszym p\u00f3\u0142roczu roku szkolnego 2025\/2026 w ramach realizacji programu \u201eLaboratoria Przysz\u0142o\u015bci\u201d kontynuowano rozwijanie kompetencji przysz\u0142o\u015bci w\u015br\u00f3d uczni\u00f3w poprzez wykorzystanie nowoczesnych technologii oraz metod nauczania opartych na do\u015bwiadczeniu i kreatywno\u015bci. Wykorzystywano zakupiony sprz\u0119t: drukark\u0119 3D, aparat fotograficzny oraz zestawy klock\u00f3w LEGO. Sprz\u0119t by\u0142 u\u017cywany podczas zaj\u0119\u0107 lekcyjnych, projekt\u00f3w edukacyjnych oraz zaj\u0119\u0107 dodatkowych. Wykorzystanie drukarki 3D &#8230; <a title=\"Sprawozdanie z realizacji programu ,,Laboratoria Przysz\u0142o\u015bci&#8221; w pierwszym p\u00f3\u0142roczu roku szkolnego 2025\/2026\" class=\"read-more\" href=\"https:\/\/www.zssgorkabusko.pl\/index.php\/programy-realizowane-z-budzetu-panstwa\/laboratoria-przyszlosci\/sprawozdanie-z-realizacji-programu-laboratoria-przyszlosci-w-pierwszym-polroczu-roku-szkolnego-2025-2026\/\" aria-label=\"Dowiedz si\u0119 wi\u0119cej o Sprawozdanie z realizacji programu ,,Laboratoria Przysz\u0142o\u015bci&#8221; w pierwszym p\u00f3\u0142roczu roku szkolnego 2025\/2026\">Dowiedz si\u0119 wi\u0119cej<\/a><\/p>\n","protected":false},"author":2,"featured_media":0,"parent":5942,"menu_order":-15,"comment_status":"closed","ping_status":"closed","template":"","meta":{"ngg_post_thumbnail":0,"footnotes":""},"class_list":["post-11641","page","type-page","status-publish"],"_links":{"self":[{"href":"https:\/\/www.zssgorkabusko.pl\/index.php\/wp-json\/wp\/v2\/pages\/11641","targetHints":{"allow":["GET"]}}],"collection":[{"href":"https:\/\/www.zssgorkabusko.pl\/index.php\/wp-json\/wp\/v2\/pages"}],"about":[{"href":"https:\/\/www.zssgorkabusko.pl\/index.php\/wp-json\/wp\/v2\/types\/page"}],"author":[{"embeddable":true,"href":"https:\/\/www.zssgorkabusko.pl\/index.php\/wp-json\/wp\/v2\/users\/2"}],"replies":[{"embeddable":true,"href":"https:\/\/www.zssgorkabusko.pl\/index.php\/wp-json\/wp\/v2\/comments?post=11641"}],"version-history":[{"count":3,"href":"https:\/\/www.zssgorkabusko.pl\/index.php\/wp-json\/wp\/v2\/pages\/11641\/revisions"}],"predecessor-version":[{"id":11655,"href":"https:\/\/www.zssgorkabusko.pl\/index.php\/wp-json\/wp\/v2\/pages\/11641\/revisions\/11655"}],"up":[{"embeddable":true,"href":"https:\/\/www.zssgorkabusko.pl\/index.php\/wp-json\/wp\/v2\/pages\/5942"}],"wp:attachment":[{"href":"https:\/\/www.zssgorkabusko.pl\/index.php\/wp-json\/wp\/v2\/media?parent=11641"}],"curies":[{"name":"wp","href":"https:\/\/api.w.org\/{rel}","templated":true}]}}