{"id":1805,"date":"2018-03-24T20:26:33","date_gmt":"2018-03-24T19:26:33","guid":{"rendered":"http:\/\/www.zssgorkabusko.pl\/?page_id=1805"},"modified":"2025-02-07T15:41:19","modified_gmt":"2025-02-07T14:41:19","slug":"doradztwo-zawodowe","status":"publish","type":"page","link":"https:\/\/www.zssgorkabusko.pl\/index.php\/dokumenty-szkoly\/doradztwo-zawodowe\/","title":{"rendered":"DORADZTWO ZAWODOWE"},"content":{"rendered":"<p>Drodzy Rodzice,<\/p>\n<p>Wasze dzieci przygotowuj\u0105 si\u0119 do jednej z wa\u017cniejszych decyzji w swoim \u017cyciu. T\u0105 decyzj\u0105 jest wyb\u00f3r szko\u0142y ponadpodstawowej \/ ponadgimnazjalnej zwi\u0105zanej z wyborem zawodu. Proces podejmowania decyzji zapewne nie tylko dla Waszych dzieci, ale i dla Was, Rodzic\u00f3w, jest ekscytuj\u0105cy i trudny. Dlaczego? Cho\u0107by dlatego, \u017ce \u015bwiat edukacji oraz pracy zmienia si\u0119 dynamicznie. \u0141atwiej b\u0119dzie podj\u0105\u0107 w\u0142a\u015bciw\u0105 decyzj\u0119, je\u015bli b\u0119dziecie mie\u0107 informacje mi\u0119dzy innymi o talentach, mo\u017cliwo\u015bciach, zainteresowaniach swoich dzieci, o zmianach w systemie edukacji, o najnowszych trendach&nbsp; na rynku pracy. W wi\u0119kszo\u015bci<strong>&nbsp; <\/strong><strong>podejmowanie \u015bwiadomych decyzji zawodowych w\u015br\u00f3d dzieci i m\u0142odzie\u017cy odbywa si\u0119 wraz z rodzicami.&nbsp; <\/strong><\/p>\n<p><strong>\u015awi\u0119tokrzyski Kurator O\u015bwiaty wraz z Dyrektorami szk\u00f3\u0142 pragnie wspiera\u0107 Was, Rodzic\u00f3w, w pe\u0142nieniu funkcji doradczych dla swoich dzieci.&nbsp; W tym celu na terenie naszego powiatu zosta\u0142&nbsp; uruchomiony<\/strong> Punktu Doradztwa Edukacyjno-Zawodowego dla rodzic\u00f3w i uczni\u00f3w szk\u00f3\u0142 podstawowych i gimnazj\u00f3w. &nbsp;Ma on siedzib\u0119 w Publicznej Szkole Podstawowej Nr 3 w Busku-Zdroju przy ul. Grotta 3. &nbsp;Dzi\u0119ki temu macie Pa\u0144stwo &nbsp;mo\u017cliwo\u015b\u0107:<\/p>\n<ul>\n<li>skorzystania z konsultacji dla rodzic\u00f3w w szkole lub Punkcie Doradztwa<\/li>\n<li>przeprowadzenia indywidualnej porady i diagnozy \u2013 po wcze\u015bniejszym ustaleniu terminu<\/li>\n<li>uzyskanie informacji na temat mo\u017cliwo\u015bci dalszego kszta\u0142cenia dla ucznia<\/li>\n<li>uzyskanie informacji na temat zawod\u00f3w przysz\u0142o\u015bci i aktualnych trend\u00f3w na rynku pracy.<\/li>\n<\/ul>\n<p>Punkty Doradztwa Edukacyjno-Zawodowego wsp\u00f3\u0142pracuj\u0105 z r\u00f3\u017cnymi instytucjami mog\u0105cymi wesprze\u0107 prowadzon\u0105 dzia\u0142alno\u015b\u0107 informacyjno-edukacyjn\u0105 m.in. z OHP, Izb\u0105 Rzemie\u015blnik\u00f3w&nbsp; i Pracodawc\u00f3w, urz\u0119dami pracy, o\u015brodkami akademickimi, \u015awi\u0119tokrzyskim Centrum Doskonalenia Nauczycieli w Kielcach.<\/p>\n<p>Dzia\u0142alno\u015b\u0107 Punkt\u00f3w Doradztwa Edukacyjno-Zawodowego przeznaczona jest dla wszystkich tych,&nbsp; dla kt\u00f3rych wa\u017cnym zagadnieniem i&nbsp;szczeg\u00f3ln\u0105 trosk\u0105 jest w\u0142a\u015bciwe ukierunkowanie dzieci i m\u0142odzie\u017cy w wyborze kierunku kszta\u0142cenia i przysz\u0142ego zawodu adekwatnego do przejawianych predyspozycji i&nbsp;zainteresowa\u0144.<\/p>\n<p>Liczymy, \u017ce ch\u0119tnie skorzystaj\u0105 pa\u0144stwo z proponowanej oferty wsp\u00f3\u0142pracy.<\/p>\n<p><a href=\"https:\/\/kuratorium.kielce.pl\/25773\/komunikat-w-sprawie-powolania-punktow-doradztwa-edukacyjno-zawodowego\/\">https:\/\/kuratorium.kielce.pl\/25773\/komunikat-w-sprawie-powolania-punktow-doradztwa-edukacyjno-zawodowego\/<\/a>&nbsp;<\/p>\n<p>Punkty Doradztwa Zawodowego w Busku \u2013Zdroju:<\/p>\n<ul>\n<li>Punkt Doradztwa Edukacyjno-Zawodowego przy Publicznej Szkole Podstawowej Nr 3 w Busku- Zdroju (wcze\u015bniejsze ustalenie porady pod nr tel. 608&nbsp;356&nbsp;155 po godz. 16)<\/li>\n<li>M\u0142odzie\u017cowe Centrum Kariery OHP&nbsp;ul. Ko\u015bciuszki 60\/204 (wcze\u015bniejsze ustalenie porady pod nr tel. . 41 370 82 84 w godz. 9-16)<\/li>\n<li>Poradnia Psychologiczno-Pedagogiczna w Busku-Zdroju al. Mickiewicza 27 ( rejestracja telefoniczna 501&nbsp;356&nbsp;354, 41&nbsp;378 3597 ) czynna od 8 do 17<\/li>\n<\/ul>\n<p>&nbsp;<\/p>\n<p>&nbsp;Oferta zawod\u00f3w dost\u0119pna w sieci edukacji na terenie wojew\u00f3dztwa \u015bwi\u0119tokrzyskiego jest umieszczona &nbsp;na stronie<\/p>\n<p>&nbsp;<a href=\"https:\/\/kuratorium.kielce.pl\/pl\/oferta-zawodow\/\">https:\/\/kuratorium.kielce.pl\/pl\/oferta-zawodow\/<\/a><\/p>\n<p>Doradztwo zawodowe \u2013 wybrane warto\u015bciowe strony internetowe<\/p>\n<ul>\n<li><strong>Doradztwo zawodowe dla dzieci i m\u0142odzie\u017cy:<\/strong>\n<ul>\n<li><a href=\"http:\/\/doradztwo.ore.edu.pl\/\">http:\/\/doradztwo.ore.edu.pl<\/a>\u2013 strona O\u015brodka Rozwoju Edukacji<\/li>\n<li><a href=\"http:\/\/ohp.pl\/\">http:\/\/ohp.pl\/<\/a>\u2013 strona Ochotniczych Hufc\u00f3w Pracy<\/li>\n<li><a href=\"http:\/\/dokariery.pl\/\">http:\/\/dokariery.pl\/<\/a>\u2013 Elektroniczne Centrum Aktywizacji M\u0142odzie\u017cy<\/li>\n<\/ul>\n<\/li>\n<li><strong>Doradztwo zawodowe dla doros\u0142ych:<\/strong>\n<ul>\n<li><a href=\"http:\/\/psz.praca.gov.pl\/dla-bezrobotnych-i-poszukujacych-pracy\/poradnictwo-zawodowe\">http:\/\/psz.praca.gov.pl\/dla-bezrobotnych-i-poszukujacych-pracy\/poradnictwo-zawodowe<\/a><\/li>\n<li><a href=\"http:\/\/zielonalinia.gov.pl\/\">http:\/\/zielonalinia.gov.pl\/<\/a> \u2013 strona Centrum Informacyjne S\u0142u\u017cb Zatrudnienia<\/li>\n<\/ul>\n<\/li>\n<li><strong>Doradztwo zawodowe dla doradc\u00f3w zawodowych:<\/strong>\n<ul>\n<li><a href=\"http:\/\/euroguidance.eu\/\">http:\/\/euroguidance.eu\/<\/a>\u2013 europejska strona Sieci Eurodoradztwo<\/li>\n<li><a href=\"http:\/\/eurodoradztwo.praca.gov.pl\/\">http:\/\/eurodoradztwo.praca.gov.pl\/<\/a>\u2013 polska strona Sieci Eurodoradztwo (konferencje, szkolenia, publikacje realizowane w ramach projektu Eurodoradztwo Polska)<\/li>\n<\/ul>\n<\/li>\n<\/ul>\n<p>&nbsp;<\/p>\n<p>&nbsp;<\/p>\n","protected":false},"excerpt":{"rendered":"<p>Drodzy Rodzice, Wasze dzieci przygotowuj\u0105 si\u0119 do jednej z wa\u017cniejszych decyzji w swoim \u017cyciu. T\u0105 decyzj\u0105 jest wyb\u00f3r szko\u0142y ponadpodstawowej \/ ponadgimnazjalnej zwi\u0105zanej z wyborem zawodu. Proces podejmowania decyzji zapewne nie tylko dla Waszych dzieci, ale i dla Was, Rodzic\u00f3w, jest ekscytuj\u0105cy i trudny. Dlaczego? Cho\u0107by dlatego, \u017ce \u015bwiat edukacji oraz pracy zmienia si\u0119 dynamicznie. &#8230; <a title=\"DORADZTWO ZAWODOWE\" class=\"read-more\" href=\"https:\/\/www.zssgorkabusko.pl\/index.php\/dokumenty-szkoly\/doradztwo-zawodowe\/\" aria-label=\"Dowiedz si\u0119 wi\u0119cej o DORADZTWO ZAWODOWE\">Dowiedz si\u0119 wi\u0119cej<\/a><\/p>\n","protected":false},"author":2,"featured_media":0,"parent":83,"menu_order":0,"comment_status":"closed","ping_status":"closed","template":"","meta":{"ngg_post_thumbnail":0,"footnotes":""},"class_list":["post-1805","page","type-page","status-publish"],"_links":{"self":[{"href":"https:\/\/www.zssgorkabusko.pl\/index.php\/wp-json\/wp\/v2\/pages\/1805","targetHints":{"allow":["GET"]}}],"collection":[{"href":"https:\/\/www.zssgorkabusko.pl\/index.php\/wp-json\/wp\/v2\/pages"}],"about":[{"href":"https:\/\/www.zssgorkabusko.pl\/index.php\/wp-json\/wp\/v2\/types\/page"}],"author":[{"embeddable":true,"href":"https:\/\/www.zssgorkabusko.pl\/index.php\/wp-json\/wp\/v2\/users\/2"}],"replies":[{"embeddable":true,"href":"https:\/\/www.zssgorkabusko.pl\/index.php\/wp-json\/wp\/v2\/comments?post=1805"}],"version-history":[{"count":5,"href":"https:\/\/www.zssgorkabusko.pl\/index.php\/wp-json\/wp\/v2\/pages\/1805\/revisions"}],"predecessor-version":[{"id":7812,"href":"https:\/\/www.zssgorkabusko.pl\/index.php\/wp-json\/wp\/v2\/pages\/1805\/revisions\/7812"}],"up":[{"embeddable":true,"href":"https:\/\/www.zssgorkabusko.pl\/index.php\/wp-json\/wp\/v2\/pages\/83"}],"wp:attachment":[{"href":"https:\/\/www.zssgorkabusko.pl\/index.php\/wp-json\/wp\/v2\/media?parent=1805"}],"curies":[{"name":"wp","href":"https:\/\/api.w.org\/{rel}","templated":true}]}}