{"id":2,"date":"2017-07-28T14:49:55","date_gmt":"2017-07-28T12:49:55","guid":{"rendered":"http:\/\/gorka.bajtnetbusko.pl\/?page_id=2"},"modified":"2026-03-08T14:05:57","modified_gmt":"2026-03-08T13:05:57","slug":"przykladowa-strona","status":"publish","type":"page","link":"https:\/\/www.zssgorkabusko.pl\/","title":{"rendered":"STRONA G\u0141\u00d3WNA"},"content":{"rendered":"\n<p><\/p>\n\n\n\n<p class=\"has-text-align-center has-contrast-color has-accent-background-color has-text-color has-background has-link-color has-x-large-font-size wp-elements-d031d133fee9f455788dcb0847660e93\"><strong><em>ZESP\u00d3\u0141 SZK\u00d3\u0141 SPECJALNYCH <\/em><\/strong><br><strong><em>W BUSKU &#8211; ZDROJU<\/em><\/strong><\/p>\n\n\n\n<figure class=\"wp-block-video aligncenter\"><video autoplay controls loop muted src=\"https:\/\/www.zssgorkabusko.pl\/wp-content\/uploads\/2026\/03\/ZESPOL-SZKOL-SPECJALNYCH-W-BUSKU-\u2013-ZDROJU.mp4\"><\/video><\/figure>\n","protected":false},"excerpt":{"rendered":"<p>ZESP\u00d3\u0141 SZK\u00d3\u0141 SPECJALNYCH W BUSKU &#8211; ZDROJU<\/p>\n","protected":false},"author":1,"featured_media":0,"parent":0,"menu_order":0,"comment_status":"closed","ping_status":"closed","template":"","meta":{"ngg_post_thumbnail":0,"footnotes":""},"class_list":["post-2","page","type-page","status-publish"],"_links":{"self":[{"href":"https:\/\/www.zssgorkabusko.pl\/index.php\/wp-json\/wp\/v2\/pages\/2","targetHints":{"allow":["GET"]}}],"collection":[{"href":"https:\/\/www.zssgorkabusko.pl\/index.php\/wp-json\/wp\/v2\/pages"}],"about":[{"href":"https:\/\/www.zssgorkabusko.pl\/index.php\/wp-json\/wp\/v2\/types\/page"}],"author":[{"embeddable":true,"href":"https:\/\/www.zssgorkabusko.pl\/index.php\/wp-json\/wp\/v2\/users\/1"}],"replies":[{"embeddable":true,"href":"https:\/\/www.zssgorkabusko.pl\/index.php\/wp-json\/wp\/v2\/comments?post=2"}],"version-history":[{"count":15,"href":"https:\/\/www.zssgorkabusko.pl\/index.php\/wp-json\/wp\/v2\/pages\/2\/revisions"}],"predecessor-version":[{"id":11621,"href":"https:\/\/www.zssgorkabusko.pl\/index.php\/wp-json\/wp\/v2\/pages\/2\/revisions\/11621"}],"wp:attachment":[{"href":"https:\/\/www.zssgorkabusko.pl\/index.php\/wp-json\/wp\/v2\/media?parent=2"}],"curies":[{"name":"wp","href":"https:\/\/api.w.org\/{rel}","templated":true}]}}