{"id":2295,"date":"2018-05-30T13:52:44","date_gmt":"2018-05-30T11:52:44","guid":{"rendered":"http:\/\/www.zssgorkabusko.pl\/index.php\/cookie-policy\/"},"modified":"2025-02-10T15:09:43","modified_gmt":"2025-02-10T14:09:43","slug":"cookie-policy","status":"publish","type":"page","link":"https:\/\/www.zssgorkabusko.pl\/index.php\/dokumenty-szkoly\/cookie-policy\/","title":{"rendered":"Polityka Ciasteczek"},"content":{"rendered":"<h1>Polityka Szko\u0142y dotycz\u0105ca Ciasteczek<\/h1>\n<div>\n<p>Niniejsza Polityka dotycz\u0105ca Ciasteczek odnosi si\u0119 do wszystkich stron internetowych oraz aplikacji na urz\u0105dzenia mobilne, nale\u017c\u0105cych do Zespo\u0142u Szk\u00f3\u0142 Specjalnych w Busku-Zdroju. Przez u\u017cywanie Stron ZSS wyra\u017casz zgod\u0119 na u\u017cywanie ciasteczek zgodnie z t\u0105 Polityk\u0105 Ciasteczek. Je\u017celi nie zgadzasz si\u0119 na u\u017cywanie przez nas ciasteczek, powiniene\u015b zmieni\u0107 ustawienia swojej przegl\u0105darki w odpowiedni spos\u00f3b lub zrezygnowa\u0107 z u\u017cywania Stron ZSS.<\/p>\n<p><strong>Co to s\u0105 ciasteczka?<\/strong><\/p>\n<p>Ciasteczka (ang. cookies) to niewielkie pliki, zapisywane i przechowywane na twoim komputerze, tablecie lub smartphonie podczas gdy odwiedzasz r\u00f3\u017cne strony w internecie. Ciasteczko zazwyczaj zawiera nazw\u0119 strony internetowej, z kt\u00f3rej pochodzi, \u201ed\u0142ugo\u015b\u0107 \u017cycia\u201d ciasteczka (to znaczy czas jego istnienia), oraz przypadkowo wygenerowany unikalny numer s\u0142u\u017c\u0105cy do identyfikacji przegl\u0105darki, z jakiej nast\u0119puje po\u0142\u0105czenie ze stron\u0105 internetow\u0105.<\/p>\n<p><strong>Do czego u\u017cywamy ciasteczek?<\/strong><\/p>\n<p>ZSS&nbsp; u\u017cywa ciasteczek by Strony ZSS dzia\u0142a\u0142y szybciej i by\u0142y \u0142atwiejsze w u\u017cyciu. U\u017cywaj\u0105c ciasteczek w wy\u017cej opisany spos\u00f3b nigdy nie identyfikujemy to\u017csamo\u015bci u\u017cytkownik\u00f3w na podstawie informacji przechowywanych w ciasteczkach.<\/p>\n<p><strong>Jak d\u0142ugo przechowywane s\u0105 dane w ciasteczkach?<\/strong><\/p>\n<p>Na Stronach ZSS&nbsp; mog\u0105 by\u0107 u\u017cywane dwa rodzaje ciasteczek \u2013 sesyjne oraz sta\u0142e. Te pierwsze pozostaj\u0105 na Twoim urz\u0105dzeniu jedynie podczas korzystania ze ZSS . Ciasteczka sta\u0142e pozostaj\u0105 na Twoim urz\u0105dzeniu tak d\u0142ugo jak d\u0142ugo maj\u0105 ustawiony czas \u017cycia lub do momentu kiedy je usuniesz.<\/p>\n<p>&nbsp;<\/p>\n<p><strong>Rodzaje ciasteczek u\u017cywanych na Stronach ZSS<\/strong><\/p>\n<p>&nbsp;<\/p>\n<table border=\"1\" cellspacing=\"0\" cellpadding=\"0\">\n<tbody>\n<tr>\n<td><strong>Typ Ciasteczka <\/strong><\/td>\n<td><strong>Do czego s\u0105 wykorzystywane?<\/strong><\/td>\n<\/tr>\n<tr>\n<td>Konieczne do dzia\u0142ania stron<\/td>\n<td>Niezb\u0119dne do prawid\u0142owego funkcjonowania Stron ZSS , pozwalaj\u0105 Ci na poruszanie si\u0119 po nich oraz u\u017cywanie ich element\u00f3w. Przyk\u0142adowo mog\u0105 zapami\u0119tywa\u0107 poprzednie czynno\u015bci (np. otwarte teksty) podczas wracania na stron\u0119 w tej samej sesji.<\/td>\n<\/tr>\n<tr>\n<td>Poprawiaj\u0105ce wydajno\u015b\u0107<\/td>\n<td>Zbieranie informacji o tym jak odwiedzaj\u0105cy korzystaj\u0105 ze ZSS&nbsp; poprzez dostarczanie informacji na temat obszar\u00f3w kt\u00f3re odwiedzaj\u0105, czasu jaki na nich sp\u0119dzaj\u0105 oraz problem\u00f3w jakie na nich napotykaj\u0105, jak np. komunikaty o b\u0142\u0119dach. To pozwala nam poprawia\u0107 dzia\u0142anie Stron ZSS<\/td>\n<\/tr>\n<tr>\n<td>Poprawiaj\u0105ce funkcjonalno\u015b\u0107<\/td>\n<td>Zapami\u0119tywanie Twoich ustawie\u0144 i wybor\u00f3w (np. nazwa u\u017cytkownika, region, w kt\u00f3rym jeste\u015b, personalizowane ustawienia tre\u015bci) by dostarczy\u0107 Ci bardziej spersonalizowane tre\u015bci i us\u0142ugi.<\/td>\n<\/tr>\n<\/tbody>\n<\/table>\n<h1><strong>W jaki spos\u00f3b mog\u0119 zmieni\u0107 ustawienia dot. ciasteczek albo je usun\u0105\u0107?<\/strong><\/h1>\n<p>Wi\u0119kszo\u015b\u0107 przegl\u0105darek internetowych jest pocz\u0105tkowo ustawionych na automatyczne przyjmowanie ciasteczek. Mo\u017cesz jednak zmieni\u0107 ustawienia przegl\u0105darki tak, aby ciasteczka by\u0142y blokowane \u2013 w ca\u0142o\u015bci lub w jakiej\u015b cz\u0119\u015bci, np. tylko od stron trzecich, albo aby ka\u017cdorazowo otrzymywa\u0107 komunikat w momencie kiedy ciasteczka s\u0105 wysy\u0142ane na Twoje urz\u0105dzenie. Pami\u0119taj jednak, \u017ce je\u017celi zablokujesz u\u017cywane przez nas ciasteczka, mo\u017ce to negatywnie wp\u0142yn\u0105\u0107 na wygod\u0119 korzystania ze Stron ZSS , na przyk\u0142ad mo\u017cesz nie by\u0107 w stanie odwiedzi\u0107 pewnych obszar\u00f3w Stron ZSS.<\/p>\n<\/div>\n<h1>Jak wy\u0142\u0105czy\u0107 cookies?<\/h1>\n<div>\n<p>Aby wy\u0142\u0105czy\u0107 obs\u0142ug\u0119 ciasteczek (cookies) w przegl\u0105darce nale\u017cy wykona\u0107 opisane poni\u017cej czynno\u015bci z uwzgl\u0119dnieniem u\u017cywanej przegl\u0105darki:<br \/>\n<strong>Google Chrome:<\/strong><br \/>\nW prawym g\u00f3rnym rogu klikamy w symbol ustawie\u0144. W otwartym menu wybieramy opcj\u0119 \u201eUstawienia\u201d. W otwartym oknie na samym dole b\u0119dzie przycisk \u201ePoka\u017c ustawienia zaawansowane\u201d. W\u00f3wczas pojawi si\u0119 kilka dodatkowych pozycji. Klikamy w link \u201eUstawienia tre\u015bci\u201d w polu \u201ePrywatno\u015b\u0107\u201d. W otwartym nowym oknie wybieramy opcj\u0119 \u201eBlokuj pr\u00f3by umieszczania na komputerze danych z witryn\u201d. Mo\u017cemy te\u017c wcisn\u0105\u0107 przycisk \u201eWszystkie pliki cookie i dane witryn\u201d i w otwartym oknie klikn\u0105\u0107 \u201eUsu\u0144 wszystkie\u201d \u2013 to usunie wszystkie dotychczas zapisane na komputerze pliki cookies. Mo\u017cna te\u017c zablokowa\u0107 obs\u0142ug\u0119 ciasteczek na okre\u015blonej witrynie. W tym celu w powy\u017cej przedstawionym zrzucie ekranu pozostawiamy zaznaczon\u0105 opcj\u0119 \u201eZezwalaj na przechowywanie danych lokalnie (zalecane)\u201d, ale klikamy w przycisk \u201eZarz\u0105dzaj wyj\u0105tkami\u201d. W nowo otwartym oknie wpisujemy kluczow\u0105 cz\u0119\u015b\u0107 adresu witryny (np. \u201eadreswitryny\u201d dla \u201eadreswitryny.com\u201d) i wybieramy opcj\u0119 \u201eblokuj\u201d, po czym klikamy przycisk gotowe.<br \/>\n<strong>Microsoft Internet Explorer<\/strong><br \/>\nW najnowszych ods\u0142onach przegl\u0105darki Microsoft Internet Explorer domy\u015blnie schowany jest pasek menu. Aby go otworzy\u0107 nale\u017cy wcisn\u0105\u0107 lewy klawisz Alt lub F10 i wybieramy z menu opcj\u0119 \u201eNarz\u0119dzia\u201d, a z otwartego menu ostatni\u0105 pozycj\u0119 \u201eOpcje internetowe\u201d:<br \/>\nPo zatwierdzeniu w otwartym oknie wybieramy zak\u0142adk\u0119 \u201ePrywatno\u015b\u0107\u201d, a p\u00f3\u017aniej klikamy w przycisk \u201eZaawansowane\u201d.<br \/>\nW otwartym okienku zaznaczamy wszystkie opcje tak jak zosta\u0142o to pokazane na poni\u017cszym zrzucie ekranu: Mo\u017cna te\u017c wykasowa\u0107 wszystkie dotychczas zapisane dane witryn. W tym celu w otwartym wcze\u015bniej oknie \u201eUstawienia internetowe\u201d klikamy w zak\u0142adk\u0119 \u201eOg\u00f3lne\u201d i tam wybieramy opcj\u0119 \u201eUsu\u0144\u201d wskazan\u0105 na poni\u017cszym zrzucie ekranu: W nowo otwartym oknie zaznaczamy opcje tak jak na poni\u017cej przedstawiono i klikamy w \u201eUsu\u0144\u201d. Zaznaczona opcja \u201eZachowaj dane ulubionych witryn sieci Web\u201d pozwala na zachowanie danych witryn, kt\u00f3re mamy wpisane w zak\u0142adce \u201eUlubione\u201d. Je\u015bli jej nie odznaczymy ciasteczka nie zostan\u0105 usuni\u0119te ze wszystkich witryn.<br \/>\n<strong>Mozilla Firefox<\/strong><br \/>\nW najnowszych ods\u0142onach przegl\u0105darki Mozilla Firefox domy\u015blnie schowany jest pasek menu. Aby go otworzy\u0107 nale\u017cy wcisn\u0105\u0107 lewy klawisz Alt lub F10 i wybieramy z menu pozycj\u0119 \u201eNarz\u0119dzia\u201d, a tam \u201eOpcje\u201d: W otwartym oknie wybieramy zak\u0142adk\u0119 \u201ePrywatno\u015b\u0107\u201d, tak jak zosta\u0142o to pokazane poni\u017cej: W tym oknie zmieniamy opcje widoczn\u0105 pod nazw\u0105 \u201eProgram Firefox:\u201d kt\u00f3r\u0105 zmieniamy na \u201eb\u0119dzie u\u017cywa\u0142 ustawie\u0144 u\u017cytkownika\u201d: Nieco ni\u017cej odznaczamy opcj\u0119 \u201eAkceptuj ciasteczka\u201d. Po tych zabiegach klikamy w przycisk OK. Mo\u017cemy te\u017c pozostawi\u0107 w\u0142\u0105czon\u0105 opcj\u0119 \u201eAkceptuj ciasteczka\u201d ale zablokowa\u0107 je na konkretnej witrynie. W tym celu Klikamy w przycisk \u201eWyj\u0105tki\u201d widoczny na powy\u017cszym zrzucie ekranu i w nowo otwartym oknie uzupe\u0142niamy adres witryny i klikamy w przycisk \u201eBlokuj\u201d. Mo\u017cna te\u017c wyczy\u015bci\u0107 wszystkie dotychczas zgromadzone ciasteczka. W tym celu w g\u0142\u00f3wnym menu (po wci\u015bni\u0119ciu F10 lub lewego klawisza Alt) wybieramy ponownie \u201eNarz\u0119dzia\u201d, a tam \u201eWyczy\u015b\u0107 histori\u0119 przegl\u0105dania\u201d. W nowo otwartym oknie wybieramy \u201ewszystko\u201d w polu \u201eOkres do wyczyszczenia\u201d oraz zaznaczamy opcj\u0119 \u201eCiasteczka\u201d odznaczaj\u0105c pozosta\u0142e pola, tak jak na poni\u017cszym zrzucie ekranu: Wyb\u00f3r zatwierdzamy przyciskiem \u201eOK\u201d.<br \/>\n<strong>Opera<\/strong><br \/>\nW przegl\u0105darce Opera klikamy w przycisk \u201eOpera\u201d znajduj\u0105cy si\u0119 w lewym g\u00f3rnym rogu okna przegl\u0105darki lub wciskamy lewy klawisz Alt. W otwartym menu wybieramy opcj\u0119 \u201eUstawienia\u201d, a p\u00f3\u017aniej \u201ePreferencje\u2026\u201d W nowo otwartym oknie wybieramy zak\u0142adk\u0119 \u201eZaawansowane\u201d, a p\u00f3\u017aniej z listy zamieszczone w lewej cz\u0119\u015bci okna wybieramy \u201eCiasteczka\u201d. Powinni\u015bmy zobaczy\u0107 takie oto opcje: Zaznaczamy opcj\u0119 \u201eNigdy nie akceptuj ciasteczek\u201d i klikamy w przycisk \u201eOK\u201d. Mo\u017cemy te\u017c wyczy\u015bci\u0107 wszystkie dotychczas zebrane ciasteczka wybieraj\u0105c opcj\u0119 \u201eZarz\u0105dzaj ciasteczkami\u201d w powy\u017cej zamieszczonym zrzucie ekranu. W nowo otwartym oknie nale\u017cy konsekwentnie klika\u0107 w przycisk \u201eUsu\u0144\u201d dla ka\u017cdej pozycji.<\/p>\n<\/div>\n","protected":false},"excerpt":{"rendered":"<p>Polityka Szko\u0142y dotycz\u0105ca Ciasteczek Niniejsza Polityka dotycz\u0105ca Ciasteczek odnosi si\u0119 do wszystkich stron internetowych oraz aplikacji na urz\u0105dzenia mobilne, nale\u017c\u0105cych do Zespo\u0142u Szk\u00f3\u0142 Specjalnych w Busku-Zdroju. Przez u\u017cywanie Stron ZSS wyra\u017casz zgod\u0119 na u\u017cywanie ciasteczek zgodnie z t\u0105 Polityk\u0105 Ciasteczek. Je\u017celi nie zgadzasz si\u0119 na u\u017cywanie przez nas ciasteczek, powiniene\u015b zmieni\u0107 ustawienia swojej przegl\u0105darki w &#8230; <a title=\"Polityka Ciasteczek\" class=\"read-more\" href=\"https:\/\/www.zssgorkabusko.pl\/index.php\/dokumenty-szkoly\/cookie-policy\/\" aria-label=\"Dowiedz si\u0119 wi\u0119cej o Polityka Ciasteczek\">Dowiedz si\u0119 wi\u0119cej<\/a><\/p>\n","protected":false},"author":1,"featured_media":0,"parent":83,"menu_order":0,"comment_status":"closed","ping_status":"closed","template":"","meta":{"ngg_post_thumbnail":0,"footnotes":""},"class_list":["post-2295","page","type-page","status-publish"],"_links":{"self":[{"href":"https:\/\/www.zssgorkabusko.pl\/index.php\/wp-json\/wp\/v2\/pages\/2295","targetHints":{"allow":["GET"]}}],"collection":[{"href":"https:\/\/www.zssgorkabusko.pl\/index.php\/wp-json\/wp\/v2\/pages"}],"about":[{"href":"https:\/\/www.zssgorkabusko.pl\/index.php\/wp-json\/wp\/v2\/types\/page"}],"author":[{"embeddable":true,"href":"https:\/\/www.zssgorkabusko.pl\/index.php\/wp-json\/wp\/v2\/users\/1"}],"replies":[{"embeddable":true,"href":"https:\/\/www.zssgorkabusko.pl\/index.php\/wp-json\/wp\/v2\/comments?post=2295"}],"version-history":[{"count":3,"href":"https:\/\/www.zssgorkabusko.pl\/index.php\/wp-json\/wp\/v2\/pages\/2295\/revisions"}],"predecessor-version":[{"id":9591,"href":"https:\/\/www.zssgorkabusko.pl\/index.php\/wp-json\/wp\/v2\/pages\/2295\/revisions\/9591"}],"up":[{"embeddable":true,"href":"https:\/\/www.zssgorkabusko.pl\/index.php\/wp-json\/wp\/v2\/pages\/83"}],"wp:attachment":[{"href":"https:\/\/www.zssgorkabusko.pl\/index.php\/wp-json\/wp\/v2\/media?parent=2295"}],"curies":[{"name":"wp","href":"https:\/\/api.w.org\/{rel}","templated":true}]}}