{"id":25,"date":"2017-07-29T13:37:24","date_gmt":"2017-07-29T11:37:24","guid":{"rendered":"http:\/\/gorka.bajtnetbusko.pl\/?page_id=25"},"modified":"2017-08-02T08:32:41","modified_gmt":"2017-08-02T06:32:41","slug":"historia","status":"publish","type":"page","link":"https:\/\/www.zssgorkabusko.pl\/index.php\/o-szkole\/historia\/","title":{"rendered":"HISTORIA"},"content":{"rendered":"<h1 style=\"text-align: center;\"><span class=\"diyfeDecoration\">Historia naszej szko\u0142y<\/span><\/h1>\n<p>&nbsp;<\/p>\n<p><iframe loading=\"lazy\" width=\"1200\" height=\"900\" src=\"https:\/\/www.youtube.com\/embed\/5Rvo3Ql6oug?feature=oembed\" frameborder=\"0\" allowfullscreen><\/iframe><\/p>\n<div class=\"n module-type-header diyfeLiveArea \">\n<h1><span class=\"diyfeDecoration\">Zesp\u00f3\u0142 Szk\u00f3\u0142 Specjalnych<\/span><\/h1>\n<\/div>\n<div class=\"n module-type-text diyfeLiveArea \">\n<p>&nbsp;Historia szko\u0142y jest \u015bci\u015ble zwi\u0105zana z powstaniem szpitala i dzia\u0142alno\u015bci\u0105<br \/>\ndr Szymona Starkiewicza, za\u0142o\u017cyciela &#8222;G\u00f3rki&#8221;. D\u0105\u017cy\u0142 on do systematycznego kszta\u0142cenia pacjent\u00f3w, a to mog\u0142a zapewni\u0107 tylko szko\u0142a na prawach pa\u0144stwowych funkcjonuj\u0105ca na terenie szpitala.<br \/>\nOrganizacji szko\u0142y podj\u0105\u0142 si\u0119 Eustachy Kuroczko. W styczniu 1930 roku rozpocz\u0105\u0142 organizowanie szko\u0142y przysanatoryjnej. W szkole przez niego zorganizowanej&nbsp; funkcjonowa\u0142o: przedszkole, szko\u0142a powszechna i gimnazjum. Przynale\u017cno\u015b\u0107 do grupy klasowej zale\u017ca\u0142a nie od wieku, ale od pracowito\u015bci<br \/>\ni uzdolnie\u0144.<\/p>\n<p>W 1930 roku szko\u0142a zosta\u0142a zatwierdzona przez Ministerstwo Wyzna\u0144<br \/>\nReligijnych i O\u015bwiecenia Publicznego.<\/p>\n<p>Wybuch wojny przerwa\u0142 dzia\u0142alno\u015b\u0107 szko\u0142y, ale zaraz po wyzwoleniu zosta\u0142a ona zaraz reaktywowana. Organizacj\u0105 zaj\u0119\u0107 dydaktycznych zaj\u0119\u0142a si\u0119 Wanda Starkiewicz.<\/p>\n<p>W roku 1950 po\u017car szpitala na dwa lata przerwa\u0142 prac\u0119 szko\u0142y. Jednak po<br \/>\nodbudowie szpitala stale wzrasta\u0142a liczba klas, co zmusi\u0142o dyrekcj\u0119 uzdrowiska do udost\u0119pnienia pomieszcze\u0144 na parterze budynku. Natomiast dyrekcja szko\u0142y<br \/>\npodj\u0119\u0142a decyzj\u0119 o pracy w systemie dwuzmianowym, \u015bci\u015ble skorelowanym z planem<br \/>\nzabieg\u00f3w. Nadal funkcjonowa\u0142y: przedszkole, siedmioklasowa szko\u0142a podstawowa<br \/>\noraz grupy wychowawcze.<\/p>\n<p>Pe\u0142ny rozkwit dzia\u0142alno\u015bci szko\u0142y nast\u0105pi\u0142 po obj\u0119ciu funkcji dyrektora<br \/>\nszpitala przez docenta Tomasza Gory\u0144skiego, kt\u00f3ry podobnie jak dr Starkiewicz,<br \/>\nuwa\u017ca\u0142, \u017ce jedn\u0105 z form kompleksowej rehabilitacji jest obj\u0119cie pacjent\u00f3w<br \/>\nnauczaniem i wychowaniem. Powsta\u0142a wtedy o\u015bmioklasowa szko\u0142a podstawowa.<br \/>\nUtworzona zosta\u0142a r\u00f3wnie\u017c klasa dla dzieci g\u0142\u0119biej upo\u015bledzonych. Zaj\u0119cia<br \/>\nlekcyjne zosta\u0142y skr\u00f3cone o 10 minut, a wygospodarowane w ten spos\u00f3b godziny<br \/>\nzosta\u0142y przeznaczone na zaj\u0119cia z dzie\u0107mi le\u017c\u0105cymi po zabiegach operacyjnych.<\/p>\n<p>Od 2011 roku w wyniku przekszta\u0142ce\u0144 w dzia\u0142alno\u015bci Szpitala, nauczanie zosta\u0142o przeniesione na oddzia\u0142y i prowadzone jest w ramach zespo\u0142\u00f3w klasowych. Zaj\u0119cia lekcyjne trwaj\u0105 45 minut i obejmuj\u0105 wszystkie przedmioty wynikaj\u0105ce<br \/>\nz podstawy programowej.<\/p>\n<\/div>\n","protected":false},"excerpt":{"rendered":"<p>Historia naszej szko\u0142y &nbsp; Zesp\u00f3\u0142 Szk\u00f3\u0142 Specjalnych &nbsp;Historia szko\u0142y jest \u015bci\u015ble zwi\u0105zana z powstaniem szpitala i dzia\u0142alno\u015bci\u0105 dr Szymona Starkiewicza, za\u0142o\u017cyciela &#8222;G\u00f3rki&#8221;. D\u0105\u017cy\u0142 on do systematycznego kszta\u0142cenia pacjent\u00f3w, a to mog\u0142a zapewni\u0107 tylko szko\u0142a na prawach pa\u0144stwowych funkcjonuj\u0105ca na terenie szpitala. Organizacji szko\u0142y podj\u0105\u0142 si\u0119 Eustachy Kuroczko. W styczniu 1930 roku rozpocz\u0105\u0142 organizowanie szko\u0142y przysanatoryjnej. &#8230; <a title=\"HISTORIA\" class=\"read-more\" href=\"https:\/\/www.zssgorkabusko.pl\/index.php\/o-szkole\/historia\/\" aria-label=\"Dowiedz si\u0119 wi\u0119cej o HISTORIA\">Dowiedz si\u0119 wi\u0119cej<\/a><\/p>\n","protected":false},"author":1,"featured_media":0,"parent":17,"menu_order":0,"comment_status":"closed","ping_status":"closed","template":"","meta":{"ngg_post_thumbnail":0,"footnotes":""},"class_list":["post-25","page","type-page","status-publish"],"_links":{"self":[{"href":"https:\/\/www.zssgorkabusko.pl\/index.php\/wp-json\/wp\/v2\/pages\/25","targetHints":{"allow":["GET"]}}],"collection":[{"href":"https:\/\/www.zssgorkabusko.pl\/index.php\/wp-json\/wp\/v2\/pages"}],"about":[{"href":"https:\/\/www.zssgorkabusko.pl\/index.php\/wp-json\/wp\/v2\/types\/page"}],"author":[{"embeddable":true,"href":"https:\/\/www.zssgorkabusko.pl\/index.php\/wp-json\/wp\/v2\/users\/1"}],"replies":[{"embeddable":true,"href":"https:\/\/www.zssgorkabusko.pl\/index.php\/wp-json\/wp\/v2\/comments?post=25"}],"version-history":[{"count":2,"href":"https:\/\/www.zssgorkabusko.pl\/index.php\/wp-json\/wp\/v2\/pages\/25\/revisions"}],"predecessor-version":[{"id":529,"href":"https:\/\/www.zssgorkabusko.pl\/index.php\/wp-json\/wp\/v2\/pages\/25\/revisions\/529"}],"up":[{"embeddable":true,"href":"https:\/\/www.zssgorkabusko.pl\/index.php\/wp-json\/wp\/v2\/pages\/17"}],"wp:attachment":[{"href":"https:\/\/www.zssgorkabusko.pl\/index.php\/wp-json\/wp\/v2\/media?parent=25"}],"curies":[{"name":"wp","href":"https:\/\/api.w.org\/{rel}","templated":true}]}}