{"id":2577,"date":"2018-09-19T20:13:03","date_gmt":"2018-09-19T18:13:03","guid":{"rendered":"http:\/\/www.zssgorkabusko.pl\/?page_id=2577"},"modified":"2022-03-24T08:18:56","modified_gmt":"2022-03-24T07:18:56","slug":"punkt-konsultacyjny","status":"publish","type":"page","link":"https:\/\/www.zssgorkabusko.pl\/index.php\/punkt-konsultacyjny\/","title":{"rendered":"PUNKT KONSULTACYJNY"},"content":{"rendered":"<p><strong>Punkt konsultacyjny dla nauczycieli szk\u00f3\u0142 og\u00f3lnodost\u0119pnych<\/strong><\/p>\n<p>Zesp\u00f3\u0142 Szk\u00f3\u0142 Specjalnych w Busku-Zdroju zaprasza nauczycieli pracuj\u0105cych w szko\u0142ach og\u00f3lnodost\u0119pnych z uczniami ze specjalnymi potrzebami edukacyjnymi do wsp\u00f3\u0142pracy<br>w zakresie:<\/p>\n<p>&#8211; dostosowania form i metod pracy z uczniem przewlekle chorym;<\/p>\n<p>&#8211; rozwi\u0105zywania problem\u00f3w wychowawczych;<\/p>\n<p>&#8211; pomocy w opracowaniu indywidualnych program\u00f3w edukacyjno-terapeutycznych;<\/p>\n<p>&#8211; wskazania alternatywnych metod komunikacji.<\/p>\n<p>Zainteresowanych nauczycieli prosimy o wcze\u015bniejszy kontakt telefoniczny <br>pod numerem 41&nbsp;370 34 06.<\/p>\n<p>&nbsp;<\/p>\n\n\n<p class=\"has-text-align-center\"><strong>Kuratorium\u00a0 O\u015bwiaty w Kielcach przygotowa\u0142o zestawienie materia\u0142\u00f3w <\/strong><br><strong>do wykorzystania w bie\u017c\u0105cej pracy nauczycieli.<\/strong><\/p>\n\n\n\n<p><strong>&nbsp;Poni\u017cej zosta\u0142y zamieszczone linki do opublikowanych informacji:<\/strong><\/p>\n\n\n\n<ol class=\"wp-block-list\"><li><em><strong>Na stronie Kuratorium O\u015bwiaty w Kielcach:<\/strong><\/em><\/li><\/ol>\n\n\n\n<ul class=\"wp-block-list\"><li>Komunikat z 16 lutego br.\u00a0<em>\u2013 Program wsparcia psychologiczno-pedagogicznego dla uczni\u00f3w i nauczycieli \u2013 zasoby <strong>Platformy specjalistyczno-doradczej<\/strong>.<\/em><\/li><\/ul>\n\n\n\n<p><em>Link:&nbsp;<\/em><a href=\"https:\/\/pwpp.uksw.edu.pl\/\"><em>https:\/\/pwpp.uksw.edu.pl\/<\/em><\/a><em><\/em><\/p>\n\n\n\n<ul class=\"wp-block-list\"><li>Informacja z 24 stycznia 2022 r. <strong>Dzieci\u0119cy Telefon Zaufania Rzecznika Praw Dziecka 800 12 12 12<\/strong><\/li><\/ul>\n\n\n\n<p>Szczeg\u00f3\u0142owe informacje na stronach:<\/p>\n\n\n\n<p><em>Link:&nbsp;<\/em>:<a href=\"https:\/\/www.gov.pl\/web\/edukacja-i-nauka\/realne-wsparcie-dla-dzieci-i-mlodziezy--dzieciecy-telefon-zaufania-rzecznika-praw-dziecka-800-12-12-12\">https:\/\/www.gov.pl\/web\/edukacja-i-nauka\/realne-wsparcie-dla-dzieci-i-mlodziezy\u2013dzieciecy-telefon-zaufania-rzecznika-praw-dziecka-800-12-12-12<\/a><\/p>\n\n\n\n<p><em>Link:&nbsp;<\/em><a href=\"https:\/\/brpd.gov.pl\/\">https:\/\/brpd.gov.pl\/<\/a><\/p>\n\n\n\n<ul class=\"wp-block-list\"><li>Komunikat z 5 listopada 2021-\u00a0<strong><em>Profilaktyka zintegrowana\u00a0 w ka\u017cd\u0105 pogod\u0119. Projekt wspierania kondycji psychicznej m\u0142odzie\u017cy przez szko\u0142\u0119<\/em><\/strong><\/li><\/ul>\n\n\n\n<p>2. <em><strong>Na stronie ORE:<\/strong><\/em><\/p>\n\n\n\n<ul class=\"wp-block-list\"><li>Ciekawe informacje nt. zdrowia psychicznego dzieci\/m\u0142odzie\u017cy<br>Szczeg\u00f3\u0142y na stronie: <a href=\"https:\/\/www.ore.edu.pl\/2022\/02\/23-lutego-2022-ogolnopolski-dzien-walki-z-depresja\/\">https:\/\/www.ore.edu.pl\/2022\/02\/23-lutego-2022-ogolnopolski-dzien-walki-z-depresja\/<\/a><\/li><\/ul>\n","protected":false},"excerpt":{"rendered":"<p>Punkt konsultacyjny dla nauczycieli szk\u00f3\u0142 og\u00f3lnodost\u0119pnych Zesp\u00f3\u0142 Szk\u00f3\u0142 Specjalnych w Busku-Zdroju zaprasza nauczycieli pracuj\u0105cych w szko\u0142ach og\u00f3lnodost\u0119pnych z uczniami ze specjalnymi potrzebami edukacyjnymi do wsp\u00f3\u0142pracyw zakresie: &#8211; dostosowania form i metod pracy z uczniem przewlekle chorym; &#8211; rozwi\u0105zywania problem\u00f3w wychowawczych; &#8211; pomocy w opracowaniu indywidualnych program\u00f3w edukacyjno-terapeutycznych; &#8211; wskazania alternatywnych metod komunikacji. Zainteresowanych nauczycieli prosimy &#8230; <a title=\"PUNKT KONSULTACYJNY\" class=\"read-more\" href=\"https:\/\/www.zssgorkabusko.pl\/index.php\/punkt-konsultacyjny\/\" aria-label=\"Dowiedz si\u0119 wi\u0119cej o PUNKT KONSULTACYJNY\">Dowiedz si\u0119 wi\u0119cej<\/a><\/p>\n","protected":false},"author":2,"featured_media":0,"parent":0,"menu_order":0,"comment_status":"closed","ping_status":"closed","template":"","meta":{"ngg_post_thumbnail":0,"footnotes":""},"class_list":["post-2577","page","type-page","status-publish"],"_links":{"self":[{"href":"https:\/\/www.zssgorkabusko.pl\/index.php\/wp-json\/wp\/v2\/pages\/2577","targetHints":{"allow":["GET"]}}],"collection":[{"href":"https:\/\/www.zssgorkabusko.pl\/index.php\/wp-json\/wp\/v2\/pages"}],"about":[{"href":"https:\/\/www.zssgorkabusko.pl\/index.php\/wp-json\/wp\/v2\/types\/page"}],"author":[{"embeddable":true,"href":"https:\/\/www.zssgorkabusko.pl\/index.php\/wp-json\/wp\/v2\/users\/2"}],"replies":[{"embeddable":true,"href":"https:\/\/www.zssgorkabusko.pl\/index.php\/wp-json\/wp\/v2\/comments?post=2577"}],"version-history":[{"count":3,"href":"https:\/\/www.zssgorkabusko.pl\/index.php\/wp-json\/wp\/v2\/pages\/2577\/revisions"}],"predecessor-version":[{"id":5900,"href":"https:\/\/www.zssgorkabusko.pl\/index.php\/wp-json\/wp\/v2\/pages\/2577\/revisions\/5900"}],"wp:attachment":[{"href":"https:\/\/www.zssgorkabusko.pl\/index.php\/wp-json\/wp\/v2\/media?parent=2577"}],"curies":[{"name":"wp","href":"https:\/\/api.w.org\/{rel}","templated":true}]}}