{"id":27,"date":"2017-07-29T14:15:49","date_gmt":"2017-07-29T12:15:49","guid":{"rendered":"http:\/\/gorka.bajtnetbusko.pl\/?page_id=27"},"modified":"2025-08-31T08:54:29","modified_gmt":"2025-08-31T06:54:29","slug":"kadra-pedagogiczna","status":"publish","type":"page","link":"https:\/\/www.zssgorkabusko.pl\/index.php\/o-szkole\/kadra-pedagogiczna\/","title":{"rendered":"KADRA PEDAGOGICZNA"},"content":{"rendered":"<h1 style=\"text-align: center;\">Kadra pedagogiczna<\/h1>\n<p><strong>Dyrektor Zespo\u0142u \u2013 Justyna Kwiatkowska<\/strong><\/p>\n<p><strong>Kierownik Specjalnych Grup Wychowawczych &#8211; Agnieszka Kaszewska<\/strong><\/p>\n<p><strong>Kadr\u0119 pedagogiczn\u0105 Zespo\u0142u stanowi grono nauczycieli, kt\u00f3rzy posiadaj\u0105 kwalifikacje do nauczanego przedmiotu, rodzaju prowadzonych zaj\u0119\u0107<br \/>\noraz s\u0105 specjalistami z zakresu pedagogiki leczniczej i oligofrenopedagogiki.<\/strong><br \/>\n<strong>Bior\u0105c pod uwag\u0119 potrzeby naszych uczni\u00f3w, nauczyciele stale podnosz\u0105 swoje kwalifikacje w celu zapewnienia wszechstronnego rozwoju dzieci i m\u0142odzie\u017cy.<\/strong><\/p>\n<h2>Przegl\u0105d kadry pedagogicznej<\/h2>\n<table width=\"825\">\n<tbody>\n<tr>\n<td width=\"383\">Imi\u0119 i nazwisko nauczyciela<\/td>\n<td width=\"404\">Nauczany przedmiot, rodzaj prowadzonych zaj\u0119\u0107<\/td>\n<\/tr>\n<tr>\n<td width=\"383\">Borecka Ewa<\/td>\n<td width=\"404\">j\u0119zyk niemiecki<\/td>\n<\/tr>\n<tr>\n<td width=\"383\">Fr\u0105czkiewicz Anna<\/td>\n<td width=\"404\">specjalne grupy wychowawcze<\/td>\n<\/tr>\n<tr>\n<td width=\"383\">J\u00f3zefiak Dorota<\/td>\n<td width=\"404\">specjalne grupy wychowawcze<\/td>\n<\/tr>\n<tr>\n<td width=\"383\">Karpowicz Marta<\/td>\n<td width=\"404\">specjalne grupy wychowawcze<\/td>\n<\/tr>\n<tr>\n<td width=\"383\">Kaszewska Agnieszka<\/td>\n<td width=\"404\">j\u0119zyk polski<\/td>\n<\/tr>\n<tr>\n<td width=\"383\">&nbsp;Kilijanek Marzena<\/td>\n<td width=\"404\">edukacja wczesnoszkolna<\/td>\n<\/tr>\n<tr>\n<td width=\"383\">&nbsp;Klepka Iwona<\/td>\n<td width=\"404\">specjalne grupy wychowawcze<\/td>\n<\/tr>\n<tr>\n<td width=\"383\">Kwiatkowska Justyna<\/td>\n<td width=\"404\">j\u0119zyk polski<\/td>\n<\/tr>\n<tr>\n<td width=\"383\">&nbsp;Kwa\u015bniewski Marek<\/td>\n<td width=\"404\">specjalne grupy wychowawcze<\/td>\n<\/tr>\n<tr>\n<td width=\"383\">&nbsp;Lotko-Pikul El\u017cbieta<\/td>\n<td width=\"404\">chemia, fizyka, biologia, przyroda<\/td>\n<\/tr>\n<tr>\n<td width=\"383\">Mazur Anna<\/td>\n<td width=\"404\">specjalne grupy wychowawcze<\/td>\n<\/tr>\n<tr>\n<td width=\"383\">J\u0119drocha Aleksandra<\/td>\n<td width=\"404\">j\u0119zyk polski, wiedza o spo\u0142ecze\u0144stwie, edukacja obywatelska<\/td>\n<\/tr>\n<tr>\n<td width=\"383\">Pasternak Justyna<\/td>\n<td width=\"404\">matematyka, informatyka<\/td>\n<\/tr>\n<tr>\n<td width=\"383\">Bitner -Sarna Beata<\/td>\n<td width=\"404\">religia<\/td>\n<\/tr>\n<tr>\n<td width=\"383\">B\u0142ach Katarzyna<\/td>\n<td width=\"404\">j\u0119zyk angielski<\/td>\n<\/tr>\n<tr>\n<td width=\"383\">Sad\u0142ocha Anna<\/td>\n<td width=\"404\">historia<\/td>\n<\/tr>\n<tr>\n<td width=\"383\">Gajewska-Papier Izabela<\/td>\n<td width=\"404\">geografia<\/td>\n<\/tr>\n<tr>\n<td width=\"383\">Doroz Monika<\/td>\n<td width=\"404\">nauczyciel bibliotekarz<\/td>\n<\/tr>\n<\/tbody>\n<\/table>\n<p>&nbsp;<\/p>\n","protected":false},"excerpt":{"rendered":"<p>Kadra pedagogiczna Dyrektor Zespo\u0142u \u2013 Justyna Kwiatkowska Kierownik Specjalnych Grup Wychowawczych &#8211; Agnieszka Kaszewska Kadr\u0119 pedagogiczn\u0105 Zespo\u0142u stanowi grono nauczycieli, kt\u00f3rzy posiadaj\u0105 kwalifikacje do nauczanego przedmiotu, rodzaju prowadzonych zaj\u0119\u0107 oraz s\u0105 specjalistami z zakresu pedagogiki leczniczej i oligofrenopedagogiki. Bior\u0105c pod uwag\u0119 potrzeby naszych uczni\u00f3w, nauczyciele stale podnosz\u0105 swoje kwalifikacje w celu zapewnienia wszechstronnego rozwoju dzieci &#8230; <a title=\"KADRA PEDAGOGICZNA\" class=\"read-more\" href=\"https:\/\/www.zssgorkabusko.pl\/index.php\/o-szkole\/kadra-pedagogiczna\/\" aria-label=\"Dowiedz si\u0119 wi\u0119cej o KADRA PEDAGOGICZNA\">Dowiedz si\u0119 wi\u0119cej<\/a><\/p>\n","protected":false},"author":1,"featured_media":0,"parent":17,"menu_order":2,"comment_status":"closed","ping_status":"closed","template":"","meta":{"ngg_post_thumbnail":0,"footnotes":""},"class_list":["post-27","page","type-page","status-publish"],"_links":{"self":[{"href":"https:\/\/www.zssgorkabusko.pl\/index.php\/wp-json\/wp\/v2\/pages\/27","targetHints":{"allow":["GET"]}}],"collection":[{"href":"https:\/\/www.zssgorkabusko.pl\/index.php\/wp-json\/wp\/v2\/pages"}],"about":[{"href":"https:\/\/www.zssgorkabusko.pl\/index.php\/wp-json\/wp\/v2\/types\/page"}],"author":[{"embeddable":true,"href":"https:\/\/www.zssgorkabusko.pl\/index.php\/wp-json\/wp\/v2\/users\/1"}],"replies":[{"embeddable":true,"href":"https:\/\/www.zssgorkabusko.pl\/index.php\/wp-json\/wp\/v2\/comments?post=27"}],"version-history":[{"count":24,"href":"https:\/\/www.zssgorkabusko.pl\/index.php\/wp-json\/wp\/v2\/pages\/27\/revisions"}],"predecessor-version":[{"id":11050,"href":"https:\/\/www.zssgorkabusko.pl\/index.php\/wp-json\/wp\/v2\/pages\/27\/revisions\/11050"}],"up":[{"embeddable":true,"href":"https:\/\/www.zssgorkabusko.pl\/index.php\/wp-json\/wp\/v2\/pages\/17"}],"wp:attachment":[{"href":"https:\/\/www.zssgorkabusko.pl\/index.php\/wp-json\/wp\/v2\/media?parent=27"}],"curies":[{"name":"wp","href":"https:\/\/api.w.org\/{rel}","templated":true}]}}