{"id":41,"date":"2017-07-30T16:51:09","date_gmt":"2017-07-30T14:51:09","guid":{"rendered":"http:\/\/gorka.bajtnetbusko.pl\/?page_id=41"},"modified":"2024-09-15T08:59:15","modified_gmt":"2024-09-15T06:59:15","slug":"dla-rodzicow","status":"publish","type":"page","link":"https:\/\/www.zssgorkabusko.pl\/index.php\/dla-rodzicow\/","title":{"rendered":"DLA RODZIC\u00d3W"},"content":{"rendered":"<div class=\"n module-type-text diyfeLiveArea \">\n<p align=\"center\"><span style=\"color: #ff0000;\"><strong>Wa\u017cne informacje dla rodzic\u00f3w<\/strong><\/span><\/p>\n<\/div>\n<div class=\"n module-type-text diyfeLiveArea \">\n<p align=\"center\"><span style=\"color: #ffcc00;\"><strong>Dokumenty wymagane do przyj\u0119cia ucznia do Zespo\u0142u Szk\u00f3\u0142 Specjalnych w Busku &#8211; Zdroju<\/strong><\/span><\/p>\n<ul>\n<li>Opinia Poradni Psychologiczno \u2013 Pedagogicznej (je\u015bli dziecko taki dokument posiada).<\/li>\n<li>Orzeczenie o potrzebie kszta\u0142cenia specjalnego (je\u015bli dziecko taki dokument posiada).<\/li>\n<li>Za\u015bwiadczenie ze szko\u0142y macierzystej potwierdzaj\u0105ce ucz\u0119szczanie dziecka do danej klasy.<\/li>\n<li>Zakres materia\u0142u do realizacji w szkole przyszpitalnej.<\/li>\n<\/ul>\n<p>Prosimy r\u00f3wnie\u017c o zabranie podr\u0119cznik\u00f3w, zeszyt\u00f3w, przybor\u00f3w szkolnych, kt\u00f3re s\u0105 niezb\u0119dne podczas prowadzonych zaj\u0119\u0107.<\/p>\n<p>Uczniom przebywaj\u0105cym w naszej szkole (ko\u0144cz\u0105cym pobyt) wystawiane s\u0105 za\u015bwiadczenia<br \/>\nz ocenami cz\u0105stkowymi, kt\u00f3re s\u0105 przesy\u0142ane na adres szko\u0142y macierzystej.<\/p>\n<\/div>\n<p><strong data-rich-text-format-boundary=\"true\">GODZINY DOST\u0118PNO\u015aCI NAUCZYCIELI W ROKU SZKOLNYM 2024\/2025<\/strong><\/p>\n<table width=\"669\">\n<tbody>\n<tr>\n<td width=\"45\"><strong>Lp.<\/strong><\/td>\n<td width=\"182\"><strong>Nazwisko i imi\u0119<\/strong><\/td>\n<td width=\"158\"><strong>Dzie\u0144<\/strong><\/td>\n<td width=\"113\"><strong>Godzina<\/strong><\/td>\n<td width=\"170\"><strong>Miejsce<\/strong><\/td>\n<\/tr>\n<tr>\n<td width=\"45\">1.&nbsp;&nbsp;&nbsp;&nbsp;&nbsp; &nbsp;<\/td>\n<td width=\"182\">Bitner- Sarna Beata<\/td>\n<td width=\"158\">\u015aroda co dwa tygodnie<\/td>\n<td width=\"113\">16:00 \u2013 16:30<\/td>\n<td width=\"170\">Pok\u00f3j nauczycielski<\/td>\n<\/tr>\n<tr>\n<td width=\"45\">2.&nbsp;&nbsp;&nbsp;&nbsp;&nbsp; &nbsp;<\/td>\n<td width=\"182\">B\u0142ach Katarzyna<\/td>\n<td width=\"158\">Pi\u0105tek<\/td>\n<td width=\"113\">17:35 \u2013 18:35<\/td>\n<td width=\"170\">Pok\u00f3j nauczycielski<\/td>\n<\/tr>\n<tr>\n<td width=\"45\">3.&nbsp;&nbsp;&nbsp;&nbsp;&nbsp; &nbsp;<\/td>\n<td width=\"182\">Borecka Ewa<\/td>\n<td width=\"158\">Pierwszy pi\u0105tek miesi\u0105ca<\/td>\n<td width=\"113\">15:05 \u2013 16:05<\/td>\n<td width=\"170\">Pok\u00f3j nauczycielski<\/td>\n<\/tr>\n<tr>\n<td width=\"45\">4.&nbsp;&nbsp;&nbsp;&nbsp;&nbsp; &nbsp;<\/td>\n<td width=\"182\">Fr\u0105czkiewicz Anna<\/td>\n<td width=\"158\">Wtorek<\/td>\n<td width=\"113\">14:50 \u2013 15:50<\/td>\n<td width=\"170\">Pok\u00f3j nauczycielski<\/td>\n<\/tr>\n<tr>\n<td width=\"45\">5.&nbsp;&nbsp;&nbsp;&nbsp;&nbsp; &nbsp;<\/td>\n<td width=\"182\">J\u0119drocha Aleksandra<\/td>\n<td width=\"158\">Pierwszy poniedzia\u0142ek miesi\u0105ca<\/td>\n<td width=\"113\">14:00 \u2013 15:00<\/td>\n<td width=\"170\">Pok\u00f3j nauczycielski<\/td>\n<\/tr>\n<tr>\n<td width=\"45\">6.&nbsp;&nbsp;&nbsp;&nbsp;&nbsp; &nbsp;<\/td>\n<td width=\"182\">J\u00f3zefiak Dorota<\/td>\n<td width=\"158\">Pi\u0105tek<\/td>\n<td width=\"113\">11:15 \u2013 12:15<\/td>\n<td width=\"170\">Pok\u00f3j nauczycielski<\/td>\n<\/tr>\n<tr>\n<td width=\"45\">7.&nbsp;&nbsp;&nbsp;&nbsp;&nbsp; &nbsp;<\/td>\n<td width=\"182\">Karpowicz&nbsp; Marta<\/td>\n<td width=\"158\">Czwartek<\/td>\n<td width=\"113\">12:30 \u2013 13:30<\/td>\n<td width=\"170\">Pok\u00f3j nauczycielski<\/td>\n<\/tr>\n<tr>\n<td width=\"45\">8.&nbsp;&nbsp;&nbsp;&nbsp;&nbsp; &nbsp;<\/td>\n<td width=\"182\">Kaszewska Agnieszka<\/td>\n<td width=\"158\">Pi\u0105tek<\/td>\n<td width=\"113\">10:50 \u2013 11:50<\/td>\n<td width=\"170\">Pok\u00f3j nauczycielski<\/td>\n<\/tr>\n<tr>\n<td width=\"45\">9.&nbsp;&nbsp;&nbsp;&nbsp;&nbsp; &nbsp;<\/td>\n<td width=\"182\">Kilijanek Marzena<\/td>\n<td width=\"158\">Pi\u0105tek<\/td>\n<td width=\"113\">12:15 \u2013 13:15<\/td>\n<td width=\"170\">Pok\u00f3j nauczycielski<\/td>\n<\/tr>\n<tr>\n<td width=\"45\">10.&nbsp; &nbsp;<\/td>\n<td width=\"182\">Klepka Iwona<\/td>\n<td width=\"158\">Pi\u0105tek<\/td>\n<td width=\"113\">13:20 \u2013 14:30<\/td>\n<td width=\"170\">Pok\u00f3j nauczycielski<\/td>\n<\/tr>\n<tr>\n<td width=\"45\">11.&nbsp; &nbsp;<\/td>\n<td width=\"182\">Kwa\u015bniewski Marek<\/td>\n<td width=\"158\">Czwartek<\/td>\n<td width=\"113\">12:00 &#8211; 13:00<\/td>\n<td width=\"170\">Pok\u00f3j nauczycielski<\/td>\n<\/tr>\n<tr>\n<td width=\"45\">12.&nbsp; &nbsp;<\/td>\n<td width=\"182\">Kwiatkowska Justyna<\/td>\n<td width=\"158\">Poniedzia\u0142ek<\/td>\n<td width=\"113\">8:00&nbsp; \u2013&nbsp; 9:00<\/td>\n<td width=\"170\">Gabinet dyrektora<\/td>\n<\/tr>\n<tr>\n<td width=\"45\">13.&nbsp; &nbsp;<\/td>\n<td width=\"182\">Lotko &#8211; Pikul El\u017cbieta<\/td>\n<td width=\"158\">Pi\u0105tek<\/td>\n<td width=\"113\">12:15 \u2013 13:15<\/td>\n<td width=\"170\">Pok\u00f3j nauczycielski<\/td>\n<\/tr>\n<tr>\n<td width=\"45\">14.&nbsp; &nbsp;<\/td>\n<td width=\"182\">Mazur Anna<\/td>\n<td width=\"158\">Poniedzia\u0142ek<\/td>\n<td width=\"113\">14:50 &#8211; 15:50<\/td>\n<td width=\"170\">Pok\u00f3j nauczycielski<\/td>\n<\/tr>\n<tr>\n<td width=\"45\">15.&nbsp; &nbsp;<\/td>\n<td width=\"182\">Pasternak Justyna<\/td>\n<td width=\"158\">\u015aroda<\/td>\n<td width=\"113\">13:05 \u2013 14:05<\/td>\n<td width=\"170\">Pok\u00f3j nauczycielski<\/td>\n<\/tr>\n<tr>\n<td width=\"45\">16.&nbsp; &nbsp;<\/td>\n<td width=\"182\">Tomala Ewa<\/td>\n<td width=\"158\">Wtorek<\/td>\n<td width=\"113\">13:30 \u2013 14:30<\/td>\n<td width=\"170\">Biuro administracji<\/td>\n<\/tr>\n<\/tbody>\n<\/table>\n","protected":false},"excerpt":{"rendered":"<p>Wa\u017cne informacje dla rodzic\u00f3w Dokumenty wymagane do przyj\u0119cia ucznia do Zespo\u0142u Szk\u00f3\u0142 Specjalnych w Busku &#8211; Zdroju Opinia Poradni Psychologiczno \u2013 Pedagogicznej (je\u015bli dziecko taki dokument posiada). Orzeczenie o potrzebie kszta\u0142cenia specjalnego (je\u015bli dziecko taki dokument posiada). Za\u015bwiadczenie ze szko\u0142y macierzystej potwierdzaj\u0105ce ucz\u0119szczanie dziecka do danej klasy. Zakres materia\u0142u do realizacji w szkole przyszpitalnej. Prosimy &#8230; <a title=\"DLA RODZIC\u00d3W\" class=\"read-more\" href=\"https:\/\/www.zssgorkabusko.pl\/index.php\/dla-rodzicow\/\" aria-label=\"Dowiedz si\u0119 wi\u0119cej o DLA RODZIC\u00d3W\">Dowiedz si\u0119 wi\u0119cej<\/a><\/p>\n","protected":false},"author":1,"featured_media":0,"parent":0,"menu_order":3,"comment_status":"closed","ping_status":"closed","template":"","meta":{"ngg_post_thumbnail":0,"footnotes":""},"class_list":["post-41","page","type-page","status-publish"],"_links":{"self":[{"href":"https:\/\/www.zssgorkabusko.pl\/index.php\/wp-json\/wp\/v2\/pages\/41","targetHints":{"allow":["GET"]}}],"collection":[{"href":"https:\/\/www.zssgorkabusko.pl\/index.php\/wp-json\/wp\/v2\/pages"}],"about":[{"href":"https:\/\/www.zssgorkabusko.pl\/index.php\/wp-json\/wp\/v2\/types\/page"}],"author":[{"embeddable":true,"href":"https:\/\/www.zssgorkabusko.pl\/index.php\/wp-json\/wp\/v2\/users\/1"}],"replies":[{"embeddable":true,"href":"https:\/\/www.zssgorkabusko.pl\/index.php\/wp-json\/wp\/v2\/comments?post=41"}],"version-history":[{"count":9,"href":"https:\/\/www.zssgorkabusko.pl\/index.php\/wp-json\/wp\/v2\/pages\/41\/revisions"}],"predecessor-version":[{"id":8931,"href":"https:\/\/www.zssgorkabusko.pl\/index.php\/wp-json\/wp\/v2\/pages\/41\/revisions\/8931"}],"wp:attachment":[{"href":"https:\/\/www.zssgorkabusko.pl\/index.php\/wp-json\/wp\/v2\/media?parent=41"}],"curies":[{"name":"wp","href":"https:\/\/api.w.org\/{rel}","templated":true}]}}