{"id":51,"date":"2017-07-30T16:56:43","date_gmt":"2017-07-30T14:56:43","guid":{"rendered":"http:\/\/gorka.bajtnetbusko.pl\/?page_id=51"},"modified":"2025-09-07T20:07:27","modified_gmt":"2025-09-07T18:07:27","slug":"szkola-podstawowa","status":"publish","type":"page","link":"https:\/\/www.zssgorkabusko.pl\/index.php\/plan-zajec\/szkola-podstawowa\/","title":{"rendered":"SZKO\u0141A PODSTAWOWA"},"content":{"rendered":"<div class=\"n module-type-header diyfeLiveArea \">\n<h2><span class=\"diyfeDecoration\">Plan lekcji Szko\u0142y Podstawowej od 02-09-2024<\/span><\/h2>\n<table width=\"900\">\n<tbody>\n<tr>\n<td colspan=\"2\" width=\"185\">ZSS:411.9.2022<\/td>\n<td colspan=\"2\" width=\"185\">Zesp\u00f3\u0142&nbsp; Klas&nbsp;&nbsp; I &#8211; III&nbsp; SP<\/td>\n<td colspan=\"2\" width=\"167\">Zesp\u00f3\u0142 Klas&nbsp; IV -VI&nbsp; SP<\/td>\n<td colspan=\"2\" width=\"178\">Zesp\u00f3\u0142 Klas VII -VIII&nbsp; SP<\/td>\n<\/tr>\n<tr>\n<td colspan=\"2\" rowspan=\"2\">WYCHOWAWCA<\/td>\n<td colspan=\"2\">Marzena Kilijanek<\/td>\n<td colspan=\"2\" width=\"167\">Justyna Pasternak<\/td>\n<td colspan=\"2\">Katarzyna B\u0142ach<\/td>\n<\/tr>\n<tr>\n<td>N-l<\/td>\n<td>Przedmiot<\/td>\n<td>N-l<\/td>\n<td>Przedmiot<\/td>\n<td>N-l<\/td>\n<td>Przedmiot<\/td>\n<\/tr>\n<tr>\n<td rowspan=\"5\">Poniedzia\u0142ek<\/td>\n<td>&nbsp;13:25-14:10<\/td>\n<td>MK<\/td>\n<td>edukacja wczesnoszkolna<\/td>\n<td>JP<\/td>\n<td>matematyka<\/td>\n<td>AK<\/td>\n<td>j. polski<\/td>\n<\/tr>\n<tr>\n<td>&nbsp;14:15-15:00<\/td>\n<td>MK<\/td>\n<td>edukacja wczesnoszkolna<\/td>\n<td>AS<\/td>\n<td>historia<\/td>\n<td>AJ<\/td>\n<td>wiedza o spo\u0142ecze\u0144stwie<\/td>\n<\/tr>\n<tr>\n<td>&nbsp;15:05-15:50&nbsp;<\/td>\n<td>BB<\/td>\n<td>religia<\/td>\n<td>JP<\/td>\n<td>informatyka<\/td>\n<td>AS<\/td>\n<td>historia<\/td>\n<\/tr>\n<tr>\n<td>&nbsp;15:55-16:40<\/td>\n<td>MK<\/td>\n<td>edukacja wczesnoszkolna<\/td>\n<td>JK<\/td>\n<td>j\u0119zyk polski<\/td>\n<td>EB<\/td>\n<td>j\u0119zyk niemiecki<\/td>\n<\/tr>\n<tr>\n<td>&nbsp;16:45-17:30&nbsp;<\/td>\n<td>&nbsp;<\/td>\n<td>&nbsp;<\/td>\n<td>&nbsp;<\/td>\n<td>&nbsp;<\/td>\n<td>JP<\/td>\n<td>matematyka<\/td>\n<\/tr>\n<tr>\n<td colspan=\"8\">&nbsp;<\/td>\n<\/tr>\n<tr>\n<td rowspan=\"5\">Wtorek<\/td>\n<td>&nbsp;13:25-14:10<\/td>\n<td>MK<\/td>\n<td>edukacja wczesnoszkolna<\/td>\n<td>JK<\/td>\n<td>j\u0119zyk polski<\/td>\n<td>JP<\/td>\n<td>matematyka<\/td>\n<\/tr>\n<tr>\n<td>&nbsp;14:15-15:00<\/td>\n<td>MK<\/td>\n<td>edukacja wczesnoszkolna<\/td>\n<td>JK<\/td>\n<td>j\u0119zyk polski<\/td>\n<td>EL<\/td>\n<td>fizyka<\/td>\n<\/tr>\n<tr>\n<td>&nbsp;15:05-15:50<\/td>\n<td>MK<\/td>\n<td>edukacja wczesnoszkolna<\/td>\n<td>KA<\/td>\n<td>j\u0119zyk angielski<\/td>\n<td>JP<\/td>\n<td>informatyka<\/td>\n<\/tr>\n<tr>\n<td>&nbsp;15:55-16:40&nbsp;<\/td>\n<td>MK<\/td>\n<td>edukacja wczesnoszkolna<\/td>\n<td>JP<\/td>\n<td>matematyka<\/td>\n<td>AK<\/td>\n<td>j\u0119zyk polski<\/td>\n<\/tr>\n<tr>\n<td>&nbsp;16:45-17:30<\/td>\n<td>&nbsp;<\/td>\n<td>&nbsp;<\/td>\n<td>&nbsp;<\/td>\n<td>&nbsp;<\/td>\n<td>KB<\/td>\n<td>j\u0119zyk angielski<\/td>\n<\/tr>\n<tr>\n<td colspan=\"8\">&nbsp;<\/td>\n<\/tr>\n<tr>\n<td rowspan=\"5\">\u015aroda<\/td>\n<td>&nbsp;13:25-14:10<\/td>\n<td>MK<\/td>\n<td>edukacja wczesnoszkolna<\/td>\n<td>JK<\/td>\n<td>j\u0119zyk polski<\/td>\n<td>AK<\/td>\n<td>j\u0119zyk polski<\/td>\n<\/tr>\n<tr>\n<td>&nbsp;14:15-15:00&nbsp;<\/td>\n<td>MK<\/td>\n<td>edukacja wczesnoszkolna<\/td>\n<td>JP<\/td>\n<td>matematyka<\/td>\n<td>AK<\/td>\n<td>j\u0119zyk polski<\/td>\n<\/tr>\n<tr>\n<td>&nbsp;15:05-15:50&nbsp;<\/td>\n<td>MK<\/td>\n<td>edukacja wczesnoszkolna<\/td>\n<td>EL<\/td>\n<td>przyroda<\/td>\n<td>JP<\/td>\n<td>matematyka<\/td>\n<\/tr>\n<tr>\n<td>&nbsp;15:55-16:40&nbsp;<\/td>\n<td>BB<\/td>\n<td>religia<\/td>\n<td>KB<\/td>\n<td>j\u0119zyk angielski<\/td>\n<td>EL<\/td>\n<td>fizyka<\/td>\n<\/tr>\n<tr>\n<td>&nbsp;16:45-17:30&nbsp;<\/td>\n<td>&nbsp;<\/td>\n<td>&nbsp;<\/td>\n<td>&nbsp;<\/td>\n<td>&nbsp;<\/td>\n<td>EL<\/td>\n<td>chemia<\/td>\n<\/tr>\n<tr>\n<td colspan=\"8\">&nbsp;<\/td>\n<\/tr>\n<tr>\n<td rowspan=\"5\">Czwartek<\/td>\n<td>&nbsp;13:25-14:10<\/td>\n<td>MK<\/td>\n<td>edukacja wczesnoszkolna<\/td>\n<td>KB<\/td>\n<td>j\u0119zyk angielski<\/td>\n<td>EL<\/td>\n<td>chemia<\/td>\n<\/tr>\n<tr>\n<td>&nbsp;14:15-15:00&nbsp;<\/td>\n<td>KB<\/td>\n<td>edukacja j\u0119zykowa<\/td>\n<td>IP<\/td>\n<td>geografia<\/td>\n<td>JP<\/td>\n<td>matematyka<\/td>\n<\/tr>\n<tr>\n<td>&nbsp;15:05-15:50&nbsp;<\/td>\n<td>MK<\/td>\n<td>edukacja wczesnoszkolna<\/td>\n<td>EL<\/td>\n<td>przyroda<\/td>\n<td>IP<\/td>\n<td>geografia<\/td>\n<\/tr>\n<tr>\n<td>&nbsp;15:55-16:40<\/td>\n<td>MK<\/td>\n<td>edukacja wczesnoszkolna<\/td>\n<td>JK<\/td>\n<td>j\u0119zyk polski<\/td>\n<td>KB<\/td>\n<td>j\u0119zyk angielski<\/td>\n<\/tr>\n<tr>\n<td>&nbsp;16:45-17:30<\/td>\n<td>&nbsp;<\/td>\n<td>&nbsp;<\/td>\n<td>&nbsp;<\/td>\n<td>&nbsp;<\/td>\n<td>AK<\/td>\n<td>j\u0119zyk polski<\/td>\n<\/tr>\n<tr>\n<td colspan=\"8\">&nbsp;<\/td>\n<\/tr>\n<tr>\n<td rowspan=\"5\">Pi\u0105tek<\/td>\n<td>&nbsp;13:25-14:10<\/td>\n<td>MK<\/td>\n<td>edukacja wczesnoszkolna<\/td>\n<td>KB<\/td>\n<td>j\u0119zyk angielski<\/td>\n<td>EL<\/td>\n<td>biologia<\/td>\n<\/tr>\n<tr>\n<td>&nbsp;14:15-15:00<\/td>\n<td>MK<\/td>\n<td>edukacja wczesnoszkolna<\/td>\n<td>JP<\/td>\n<td>zaj\u0119cia z wychowawc\u0105<\/td>\n<td>KB<\/td>\n<td>zaj\u0119cia z wychowawc\u0105<\/td>\n<\/tr>\n<tr>\n<td>&nbsp;15:05-15:50&nbsp;<\/td>\n<td>KA<\/td>\n<td>edukacja j\u0119zykowa<\/td>\n<td>EL<\/td>\n<td>biologia<\/td>\n<td>EB<\/td>\n<td>j\u0119zyk niemiecki<\/td>\n<\/tr>\n<tr>\n<td>&nbsp;15:55-16:40<\/td>\n<td>KB<\/td>\n<td>edukacja j\u0119zykowa<\/td>\n<td>BB<\/td>\n<td>religia<\/td>\n<td>AS<\/td>\n<td>historia<\/td>\n<\/tr>\n<tr>\n<td>&nbsp;16:45-17:30&nbsp;<\/td>\n<td>&nbsp;<\/td>\n<td>&nbsp;<\/td>\n<td>&nbsp;<\/td>\n<td>&nbsp;<\/td>\n<td>BB<\/td>\n<td>religia<\/td>\n<\/tr>\n<\/tbody>\n<\/table>\n<\/div>\n<div class=\"n module-type-table diyfeLiveArea \">&nbsp;<\/div>\n<p><!--more--><\/p>\n","protected":false},"excerpt":{"rendered":"<p>Plan lekcji Szko\u0142y Podstawowej od 02-09-2024 ZSS:411.9.2022 Zesp\u00f3\u0142&nbsp; Klas&nbsp;&nbsp; I &#8211; III&nbsp; SP Zesp\u00f3\u0142 Klas&nbsp; IV -VI&nbsp; SP Zesp\u00f3\u0142 Klas VII -VIII&nbsp; SP WYCHOWAWCA Marzena Kilijanek Justyna Pasternak Katarzyna B\u0142ach N-l Przedmiot N-l Przedmiot N-l Przedmiot Poniedzia\u0142ek &nbsp;13:25-14:10 MK edukacja wczesnoszkolna JP matematyka AK j. polski &nbsp;14:15-15:00 MK edukacja wczesnoszkolna AS historia AJ wiedza o &#8230; <a title=\"SZKO\u0141A PODSTAWOWA\" class=\"read-more\" href=\"https:\/\/www.zssgorkabusko.pl\/index.php\/plan-zajec\/szkola-podstawowa\/\" aria-label=\"Dowiedz si\u0119 wi\u0119cej o SZKO\u0141A PODSTAWOWA\">Dowiedz si\u0119 wi\u0119cej<\/a><\/p>\n","protected":false},"author":1,"featured_media":0,"parent":44,"menu_order":2,"comment_status":"closed","ping_status":"closed","template":"","meta":{"ngg_post_thumbnail":0,"footnotes":""},"class_list":["post-51","page","type-page","status-publish"],"_links":{"self":[{"href":"https:\/\/www.zssgorkabusko.pl\/index.php\/wp-json\/wp\/v2\/pages\/51","targetHints":{"allow":["GET"]}}],"collection":[{"href":"https:\/\/www.zssgorkabusko.pl\/index.php\/wp-json\/wp\/v2\/pages"}],"about":[{"href":"https:\/\/www.zssgorkabusko.pl\/index.php\/wp-json\/wp\/v2\/types\/page"}],"author":[{"embeddable":true,"href":"https:\/\/www.zssgorkabusko.pl\/index.php\/wp-json\/wp\/v2\/users\/1"}],"replies":[{"embeddable":true,"href":"https:\/\/www.zssgorkabusko.pl\/index.php\/wp-json\/wp\/v2\/comments?post=51"}],"version-history":[{"count":24,"href":"https:\/\/www.zssgorkabusko.pl\/index.php\/wp-json\/wp\/v2\/pages\/51\/revisions"}],"predecessor-version":[{"id":11067,"href":"https:\/\/www.zssgorkabusko.pl\/index.php\/wp-json\/wp\/v2\/pages\/51\/revisions\/11067"}],"up":[{"embeddable":true,"href":"https:\/\/www.zssgorkabusko.pl\/index.php\/wp-json\/wp\/v2\/pages\/44"}],"wp:attachment":[{"href":"https:\/\/www.zssgorkabusko.pl\/index.php\/wp-json\/wp\/v2\/media?parent=51"}],"curies":[{"name":"wp","href":"https:\/\/api.w.org\/{rel}","templated":true}]}}