{"id":5677,"date":"2021-12-30T09:00:35","date_gmt":"2021-12-30T08:00:35","guid":{"rendered":"http:\/\/www.zssgorkabusko.pl\/?page_id=5677"},"modified":"2021-12-30T09:17:45","modified_gmt":"2021-12-30T08:17:45","slug":"programy-realizowane-z-budzetu-panstwa","status":"publish","type":"page","link":"https:\/\/www.zssgorkabusko.pl\/index.php\/programy-realizowane-z-budzetu-panstwa\/","title":{"rendered":"PROGRAMY REALIZOWANE Z BUD\u017bETU PA\u0143STWA"},"content":{"rendered":"\n<div class=\"wp-block-image\"><figure class=\"aligncenter size-large\"><img loading=\"lazy\" decoding=\"async\" width=\"1304\" height=\"1738\" src=\"http:\/\/www.zssgorkabusko.pl\/wp-content\/uploads\/2021\/12\/logo-Laboratoria_Przyszlosci_pion_kolor-edited.png\" alt=\"\" class=\"wp-image-5690\" srcset=\"https:\/\/www.zssgorkabusko.pl\/wp-content\/uploads\/2021\/12\/logo-Laboratoria_Przyszlosci_pion_kolor-edited.png 1304w, https:\/\/www.zssgorkabusko.pl\/wp-content\/uploads\/2021\/12\/logo-Laboratoria_Przyszlosci_pion_kolor-edited-225x300.png 225w, https:\/\/www.zssgorkabusko.pl\/wp-content\/uploads\/2021\/12\/logo-Laboratoria_Przyszlosci_pion_kolor-edited-768x1024.png 768w, https:\/\/www.zssgorkabusko.pl\/wp-content\/uploads\/2021\/12\/logo-Laboratoria_Przyszlosci_pion_kolor-edited-1152x1536.png 1152w\" sizes=\"auto, (max-width: 1304px) 100vw, 1304px\" \/><\/figure><\/div>\n\n\n\n<p class=\"has-medium-font-size\"><strong>Zesp\u00f3\u0142 Szk\u00f3\u0142 Specjalnych w Busku- Zdroju przyst\u0105pi\u0142 do Rz\u0105dowego Programu Laboratoria Przysz\u0142o\u015bci &#8211; inicjatywy edukacyjnej realizowanej przez Ministerstwo Edukacji i Nauki we wsp\u00f3\u0142pracy z Centrum GovTech w Kancelarii Prezesa Rady Ministr\u00f3w, kt\u00f3rej celem jest stworzenie nowoczesnej szko\u0142y z zaj\u0119ciami prowadzonymi w spos\u00f3b ciekawy, anga\u017cuj\u0105cy uczni\u00f3w oraz sprzyjaj\u0105cy odkrywaniu ich talent\u00f3w <\/strong><br><strong>i rozwijaniu zainteresowa\u0144. W dniu 22 grudnia 2021 roku otrzymali\u015bmy wsparcie w wysoko\u015bci 30 000 z\u0142 na zakup nowoczesnego sprz\u0119tu.<\/strong><\/p>\n","protected":false},"excerpt":{"rendered":"<p>Zesp\u00f3\u0142 Szk\u00f3\u0142 Specjalnych w Busku- Zdroju przyst\u0105pi\u0142 do Rz\u0105dowego Programu Laboratoria Przysz\u0142o\u015bci &#8211; inicjatywy edukacyjnej realizowanej przez Ministerstwo Edukacji i Nauki we wsp\u00f3\u0142pracy z Centrum GovTech w Kancelarii Prezesa Rady Ministr\u00f3w, kt\u00f3rej celem jest stworzenie nowoczesnej szko\u0142y z zaj\u0119ciami prowadzonymi w spos\u00f3b ciekawy, anga\u017cuj\u0105cy uczni\u00f3w oraz sprzyjaj\u0105cy odkrywaniu ich talent\u00f3w i rozwijaniu zainteresowa\u0144. W dniu &#8230; <a title=\"PROGRAMY REALIZOWANE Z BUD\u017bETU PA\u0143STWA\" class=\"read-more\" href=\"https:\/\/www.zssgorkabusko.pl\/index.php\/programy-realizowane-z-budzetu-panstwa\/\" aria-label=\"Dowiedz si\u0119 wi\u0119cej o PROGRAMY REALIZOWANE Z BUD\u017bETU PA\u0143STWA\">Dowiedz si\u0119 wi\u0119cej<\/a><\/p>\n","protected":false},"author":2,"featured_media":0,"parent":0,"menu_order":0,"comment_status":"closed","ping_status":"closed","template":"","meta":{"ngg_post_thumbnail":0,"footnotes":""},"class_list":["post-5677","page","type-page","status-publish"],"_links":{"self":[{"href":"https:\/\/www.zssgorkabusko.pl\/index.php\/wp-json\/wp\/v2\/pages\/5677","targetHints":{"allow":["GET"]}}],"collection":[{"href":"https:\/\/www.zssgorkabusko.pl\/index.php\/wp-json\/wp\/v2\/pages"}],"about":[{"href":"https:\/\/www.zssgorkabusko.pl\/index.php\/wp-json\/wp\/v2\/types\/page"}],"author":[{"embeddable":true,"href":"https:\/\/www.zssgorkabusko.pl\/index.php\/wp-json\/wp\/v2\/users\/2"}],"replies":[{"embeddable":true,"href":"https:\/\/www.zssgorkabusko.pl\/index.php\/wp-json\/wp\/v2\/comments?post=5677"}],"version-history":[{"count":7,"href":"https:\/\/www.zssgorkabusko.pl\/index.php\/wp-json\/wp\/v2\/pages\/5677\/revisions"}],"predecessor-version":[{"id":5698,"href":"https:\/\/www.zssgorkabusko.pl\/index.php\/wp-json\/wp\/v2\/pages\/5677\/revisions\/5698"}],"wp:attachment":[{"href":"https:\/\/www.zssgorkabusko.pl\/index.php\/wp-json\/wp\/v2\/media?parent=5677"}],"curies":[{"name":"wp","href":"https:\/\/api.w.org\/{rel}","templated":true}]}}