{"id":5942,"date":"2022-04-10T12:16:08","date_gmt":"2022-04-10T10:16:08","guid":{"rendered":"http:\/\/www.zssgorkabusko.pl\/?page_id=5942"},"modified":"2022-11-17T11:13:34","modified_gmt":"2022-11-17T10:13:34","slug":"laboratoria-przyszlosci","status":"publish","type":"page","link":"https:\/\/www.zssgorkabusko.pl\/index.php\/programy-realizowane-z-budzetu-panstwa\/laboratoria-przyszlosci\/","title":{"rendered":"#LABORATORIA PRZYSZ\u0141O\u015aCI"},"content":{"rendered":"\n<figure class=\"wp-block-image size-large\"><img loading=\"lazy\" decoding=\"async\" width=\"192\" height=\"108\" src=\"http:\/\/www.zssgorkabusko.pl\/wp-content\/uploads\/2022\/04\/logo-Laboratoria-Przyszlosci-poziom-kolor-aa.png\" alt=\"\" class=\"wp-image-5950\"\/><\/figure>\n\n\n\n<p> Nasza szko\u0142a w ramach udzia\u0142u w programie #Laboratoria Przysz\u0142o\u015bci zosta\u0142a wyposa\u017cona <br>w nowoczesny sprz\u0119t na kwot\u0119 30\u00a0000 z\u0142. Uczniowie\u00a0 Zespo\u0142u b\u0119d\u0105 mogli rozwija\u0107 swoje umiej\u0119tno\u015bci, kreatywno\u015b\u0107\u00a0 oraz pasje korzystaj\u0105c z drukarki 3D, nowoczesnego aparatu fotograficznego z funkcj\u0105 kamery, zestaw\u00f3w klock\u00f3w konstrukcyjnych.\u00a0\u00a0\u00a0<\/p>\n\n\n\n<figure class=\"wp-block-gallery has-nested-images columns-2 is-cropped wp-block-gallery-1 is-layout-flex wp-block-gallery-is-layout-flex\">\n<figure class=\"wp-block-image size-large\"><img loading=\"lazy\" decoding=\"async\" width=\"768\" height=\"1024\" data-id=\"5946\" src=\"http:\/\/www.zssgorkabusko.pl\/wp-content\/uploads\/2022\/04\/277963737_512689210560565_4954545394118433983_n-768x1024.jpg\" alt=\"\" class=\"wp-image-5946\" srcset=\"https:\/\/www.zssgorkabusko.pl\/wp-content\/uploads\/2022\/04\/277963737_512689210560565_4954545394118433983_n-768x1024.jpg 768w, https:\/\/www.zssgorkabusko.pl\/wp-content\/uploads\/2022\/04\/277963737_512689210560565_4954545394118433983_n-225x300.jpg 225w, https:\/\/www.zssgorkabusko.pl\/wp-content\/uploads\/2022\/04\/277963737_512689210560565_4954545394118433983_n-1152x1536.jpg 1152w, https:\/\/www.zssgorkabusko.pl\/wp-content\/uploads\/2022\/04\/277963737_512689210560565_4954545394118433983_n.jpg 1488w\" sizes=\"auto, (max-width: 768px) 100vw, 768px\" \/><\/figure>\n\n\n\n<figure class=\"wp-block-image size-large\"><img loading=\"lazy\" decoding=\"async\" width=\"768\" height=\"1024\" data-id=\"5947\" src=\"http:\/\/www.zssgorkabusko.pl\/wp-content\/uploads\/2022\/04\/277971308_936944370329772_22318195871904646_n-768x1024.jpg\" alt=\"\" class=\"wp-image-5947\" srcset=\"https:\/\/www.zssgorkabusko.pl\/wp-content\/uploads\/2022\/04\/277971308_936944370329772_22318195871904646_n-768x1024.jpg 768w, https:\/\/www.zssgorkabusko.pl\/wp-content\/uploads\/2022\/04\/277971308_936944370329772_22318195871904646_n-225x300.jpg 225w, https:\/\/www.zssgorkabusko.pl\/wp-content\/uploads\/2022\/04\/277971308_936944370329772_22318195871904646_n-1152x1536.jpg 1152w, https:\/\/www.zssgorkabusko.pl\/wp-content\/uploads\/2022\/04\/277971308_936944370329772_22318195871904646_n.jpg 1488w\" sizes=\"auto, (max-width: 768px) 100vw, 768px\" \/><\/figure>\n\n\n\n<figure class=\"wp-block-image size-large\"><img loading=\"lazy\" decoding=\"async\" width=\"768\" height=\"1024\" data-id=\"5948\" src=\"http:\/\/www.zssgorkabusko.pl\/wp-content\/uploads\/2022\/04\/277945502_519066246461792_757747398063501503_n-768x1024.jpg\" alt=\"\" class=\"wp-image-5948\" srcset=\"https:\/\/www.zssgorkabusko.pl\/wp-content\/uploads\/2022\/04\/277945502_519066246461792_757747398063501503_n-768x1024.jpg 768w, https:\/\/www.zssgorkabusko.pl\/wp-content\/uploads\/2022\/04\/277945502_519066246461792_757747398063501503_n-225x300.jpg 225w, https:\/\/www.zssgorkabusko.pl\/wp-content\/uploads\/2022\/04\/277945502_519066246461792_757747398063501503_n-1152x1536.jpg 1152w, https:\/\/www.zssgorkabusko.pl\/wp-content\/uploads\/2022\/04\/277945502_519066246461792_757747398063501503_n.jpg 1488w\" sizes=\"auto, (max-width: 768px) 100vw, 768px\" \/><\/figure>\n\n\n\n<figure class=\"wp-block-image size-large\"><img loading=\"lazy\" decoding=\"async\" width=\"768\" height=\"1024\" data-id=\"5949\" src=\"http:\/\/www.zssgorkabusko.pl\/wp-content\/uploads\/2022\/04\/277972762_509639330833366_8516261418645039998_n-768x1024.jpg\" alt=\"\" class=\"wp-image-5949\" srcset=\"https:\/\/www.zssgorkabusko.pl\/wp-content\/uploads\/2022\/04\/277972762_509639330833366_8516261418645039998_n-768x1024.jpg 768w, https:\/\/www.zssgorkabusko.pl\/wp-content\/uploads\/2022\/04\/277972762_509639330833366_8516261418645039998_n-225x300.jpg 225w, https:\/\/www.zssgorkabusko.pl\/wp-content\/uploads\/2022\/04\/277972762_509639330833366_8516261418645039998_n-1152x1536.jpg 1152w, https:\/\/www.zssgorkabusko.pl\/wp-content\/uploads\/2022\/04\/277972762_509639330833366_8516261418645039998_n.jpg 1488w\" sizes=\"auto, (max-width: 768px) 100vw, 768px\" \/><\/figure>\n<\/figure>\n","protected":false},"excerpt":{"rendered":"<p>Nasza szko\u0142a w ramach udzia\u0142u w programie #Laboratoria Przysz\u0142o\u015bci zosta\u0142a wyposa\u017cona w nowoczesny sprz\u0119t na kwot\u0119 30\u00a0000 z\u0142. Uczniowie\u00a0 Zespo\u0142u b\u0119d\u0105 mogli rozwija\u0107 swoje umiej\u0119tno\u015bci, kreatywno\u015b\u0107\u00a0 oraz pasje korzystaj\u0105c z drukarki 3D, nowoczesnego aparatu fotograficznego z funkcj\u0105 kamery, zestaw\u00f3w klock\u00f3w konstrukcyjnych.\u00a0\u00a0\u00a0<\/p>\n","protected":false},"author":2,"featured_media":0,"parent":5677,"menu_order":0,"comment_status":"closed","ping_status":"closed","template":"","meta":{"ngg_post_thumbnail":0,"footnotes":""},"class_list":["post-5942","page","type-page","status-publish"],"_links":{"self":[{"href":"https:\/\/www.zssgorkabusko.pl\/index.php\/wp-json\/wp\/v2\/pages\/5942","targetHints":{"allow":["GET"]}}],"collection":[{"href":"https:\/\/www.zssgorkabusko.pl\/index.php\/wp-json\/wp\/v2\/pages"}],"about":[{"href":"https:\/\/www.zssgorkabusko.pl\/index.php\/wp-json\/wp\/v2\/types\/page"}],"author":[{"embeddable":true,"href":"https:\/\/www.zssgorkabusko.pl\/index.php\/wp-json\/wp\/v2\/users\/2"}],"replies":[{"embeddable":true,"href":"https:\/\/www.zssgorkabusko.pl\/index.php\/wp-json\/wp\/v2\/comments?post=5942"}],"version-history":[{"count":4,"href":"https:\/\/www.zssgorkabusko.pl\/index.php\/wp-json\/wp\/v2\/pages\/5942\/revisions"}],"predecessor-version":[{"id":6515,"href":"https:\/\/www.zssgorkabusko.pl\/index.php\/wp-json\/wp\/v2\/pages\/5942\/revisions\/6515"}],"up":[{"embeddable":true,"href":"https:\/\/www.zssgorkabusko.pl\/index.php\/wp-json\/wp\/v2\/pages\/5677"}],"wp:attachment":[{"href":"https:\/\/www.zssgorkabusko.pl\/index.php\/wp-json\/wp\/v2\/media?parent=5942"}],"curies":[{"name":"wp","href":"https:\/\/api.w.org\/{rel}","templated":true}]}}