{"id":60,"date":"2017-07-30T17:00:26","date_gmt":"2017-07-30T15:00:26","guid":{"rendered":"http:\/\/gorka.bajtnetbusko.pl\/?page_id=60"},"modified":"2025-09-14T18:45:38","modified_gmt":"2025-09-14T16:45:38","slug":"biblioteka-szkolna","status":"publish","type":"page","link":"https:\/\/www.zssgorkabusko.pl\/index.php\/plan-zajec\/biblioteka-szkolna\/","title":{"rendered":"BIBLIOTEKA SZKOLNA"},"content":{"rendered":"<div id=\"matrix_792987\" class=\"sortable-matrix\" data-matrixid=\"792987\">\n<div class=\"n module-type-header diyfeLiveArea \">\n<h1><span class=\"diyfeDecoration\">Wydarzenia w szkolnej bibliotece<\/span><\/h1>\n<\/div>\n<div class=\"n module-type-text diyfeLiveArea \">\n<p>Zesp\u00f3\u0142 Szk\u00f3\u0142 Specjalnych organizuje wiele specjalnych wydarze\u0144 podczas roku szkolnego, maj\u0105cych na celu zach\u0119canie uczni\u00f3w do czytania wi\u0119kszej ilo\u015bci ksi\u0105\u017cek.<br \/>\nNa bibliotecznych p\u00f3\u0142kach znale\u017a\u0107 mo\u017cna mn\u00f3stwo ksi\u0105\u017cek zwi\u0105zanych z g\u0142\u00f3wn\u0105 osi\u0105 programu nauczania, materia\u0142y \u017ar\u00f3d\u0142owe, ale tak\u017ce ksi\u0105\u017cki fabularne i lektury oraz ma\u0142\u0105 kolekcj\u0119 publikacji w j\u0119zykach obcych.<\/p>\n<h2><span class=\"diyfeDecoration\">Godziny otwarcia biblioteki:<\/span><\/h2>\n<table width=\"612\">\n<tbody>\n<tr>\n<td width=\"213\"><strong>DZIE\u0143 TYGODNIA<\/strong><\/td>\n<td width=\"215\"><strong>GODZINY OTWARCIA<\/strong><\/td>\n<td width=\"176\"><strong>NAUCZYCIEL<\/strong><\/td>\n<\/tr>\n<tr>\n<td width=\"213\"><strong>Poniedzia\u0142ek<\/strong><\/td>\n<td width=\"215\"><strong>15<sup>00<\/sup> \u2013 18<sup>30<\/sup><\/strong><\/td>\n<td width=\"176\"><strong>Monika Doroz<\/strong><\/td>\n<\/tr>\n<tr>\n<td width=\"213\"><strong>Wtorek<\/strong><\/td>\n<td width=\"215\"><strong>13<sup>40<\/sup> &#8211; 15<sup>40<\/sup><\/strong><\/td>\n<td width=\"176\"><strong>Agnieszka Kaszewska<\/strong><\/td>\n<\/tr>\n<tr>\n<td width=\"213\"><strong>\u015aroda<\/strong><\/td>\n<td width=\"215\"><strong>16<sup>00<\/sup> \u2013 19<sup>00<\/sup><\/strong><\/td>\n<td width=\"176\"><strong>Monika Doroz<\/strong><\/td>\n<\/tr>\n<tr>\n<td width=\"213\"><strong>Czwartek<\/strong><\/td>\n<td width=\"215\"><strong>13<sup>30<\/sup> \u2013 16<sup>30<\/sup><\/strong><\/td>\n<td width=\"176\"><strong>Agnieszka Kaszewska<\/strong><\/td>\n<\/tr>\n<tr>\n<td width=\"213\"><strong>Pi\u0105tek<\/strong><\/td>\n<td width=\"215\"><strong>14<sup>00<\/sup> \u201317<sup>30<\/sup><\/strong><\/td>\n<td width=\"176\"><strong>Monika Doroz<\/strong><\/td>\n<\/tr>\n<\/tbody>\n<\/table>\n<\/div>\n<div class=\"n module-type-header diyfeLiveArea \">\n<h2><span class=\"diyfeDecoration\">Nauczyciel bibliotekarz<\/span><\/h2>\n<\/div>\n<div class=\"n module-type-text diyfeLiveArea \">\n<p>Monika Doroz<\/p>\n<p>E-mail: monika.doroz@zssgorkabusko.pl<\/p>\n<\/div>\n<\/div>\n","protected":false},"excerpt":{"rendered":"<p>Wydarzenia w szkolnej bibliotece Zesp\u00f3\u0142 Szk\u00f3\u0142 Specjalnych organizuje wiele specjalnych wydarze\u0144 podczas roku szkolnego, maj\u0105cych na celu zach\u0119canie uczni\u00f3w do czytania wi\u0119kszej ilo\u015bci ksi\u0105\u017cek. Na bibliotecznych p\u00f3\u0142kach znale\u017a\u0107 mo\u017cna mn\u00f3stwo ksi\u0105\u017cek zwi\u0105zanych z g\u0142\u00f3wn\u0105 osi\u0105 programu nauczania, materia\u0142y \u017ar\u00f3d\u0142owe, ale tak\u017ce ksi\u0105\u017cki fabularne i lektury oraz ma\u0142\u0105 kolekcj\u0119 publikacji w j\u0119zykach obcych. Godziny otwarcia biblioteki: &#8230; <a title=\"BIBLIOTEKA SZKOLNA\" class=\"read-more\" href=\"https:\/\/www.zssgorkabusko.pl\/index.php\/plan-zajec\/biblioteka-szkolna\/\" aria-label=\"Dowiedz si\u0119 wi\u0119cej o BIBLIOTEKA SZKOLNA\">Dowiedz si\u0119 wi\u0119cej<\/a><\/p>\n","protected":false},"author":1,"featured_media":0,"parent":44,"menu_order":5,"comment_status":"closed","ping_status":"closed","template":"","meta":{"ngg_post_thumbnail":0,"footnotes":""},"class_list":["post-60","page","type-page","status-publish"],"_links":{"self":[{"href":"https:\/\/www.zssgorkabusko.pl\/index.php\/wp-json\/wp\/v2\/pages\/60","targetHints":{"allow":["GET"]}}],"collection":[{"href":"https:\/\/www.zssgorkabusko.pl\/index.php\/wp-json\/wp\/v2\/pages"}],"about":[{"href":"https:\/\/www.zssgorkabusko.pl\/index.php\/wp-json\/wp\/v2\/types\/page"}],"author":[{"embeddable":true,"href":"https:\/\/www.zssgorkabusko.pl\/index.php\/wp-json\/wp\/v2\/users\/1"}],"replies":[{"embeddable":true,"href":"https:\/\/www.zssgorkabusko.pl\/index.php\/wp-json\/wp\/v2\/comments?post=60"}],"version-history":[{"count":8,"href":"https:\/\/www.zssgorkabusko.pl\/index.php\/wp-json\/wp\/v2\/pages\/60\/revisions"}],"predecessor-version":[{"id":11083,"href":"https:\/\/www.zssgorkabusko.pl\/index.php\/wp-json\/wp\/v2\/pages\/60\/revisions\/11083"}],"up":[{"embeddable":true,"href":"https:\/\/www.zssgorkabusko.pl\/index.php\/wp-json\/wp\/v2\/pages\/44"}],"wp:attachment":[{"href":"https:\/\/www.zssgorkabusko.pl\/index.php\/wp-json\/wp\/v2\/media?parent=60"}],"curies":[{"name":"wp","href":"https:\/\/api.w.org\/{rel}","templated":true}]}}