{"id":62,"date":"2017-07-30T17:01:21","date_gmt":"2017-07-30T15:01:21","guid":{"rendered":"http:\/\/gorka.bajtnetbusko.pl\/?page_id=62"},"modified":"2024-09-15T08:52:04","modified_gmt":"2024-09-15T06:52:04","slug":"zajecia-pozalekcyjne","status":"publish","type":"page","link":"https:\/\/www.zssgorkabusko.pl\/index.php\/plan-zajec\/zajecia-pozalekcyjne\/","title":{"rendered":"ZAJ\u0118CIA POZALEKCYJNE"},"content":{"rendered":"\n<p class=\"has-text-align-center\"><strong><u>Harmonogram zaj\u0119\u0107 rozwijaj\u0105cych kompetencje na rok szkolny 2024\/20<\/u>25<\/strong><\/p>\n\n\n\n<figure class=\"wp-block-table\"><table><tbody><tr><td><strong>Lp<\/strong><\/td><td><strong>TYP ZAJ\u0118\u0106<\/strong><\/td><td><strong>IMI\u0118 I NAZWISKO PROWADZ\u0104CEGO<\/strong><\/td><td><strong>DZIE\u0143 TYGODNIA<\/strong><\/td><td><strong>Daty realizacji zaj\u0119\u0107<\/strong><\/td><td><strong>GODZINY REALIZACJI<\/strong><\/td><\/tr><tr><td>1<\/td><td><strong>Ko\u0142o Informatyczne<\/strong><\/td><td>&nbsp; &nbsp; &nbsp; &nbsp; &nbsp; Justyna Pasternak<\/td><td>wtorek<\/td><td>3, 24 \u2013 IX -2024 15 \u2013 X &#8211; 2024 5, 26 &nbsp;\u2013 XI &#8211; 2024 17 \u2013 XII &#8211; 2024 7 \u2013 I \u2013 2025 4, 25 \u2013 II &#8211; 2025 18 \u2013 III- 2025 8, 29 \u2013 IV \u2013 2025 20 &nbsp;\u2013 V- 2025 10 \u2013 VI &#8211; 2025<\/td><td>12<sup>05<\/sup> \u2013 12<sup>50<\/sup><\/td><\/tr><tr><td>2<\/td><td><strong>Dru\u017cyna Harcerska<\/strong><\/td><td>&nbsp; Marzena Kilijanek El\u017cbieta Lotko- Pikul &nbsp;<\/td><td>pi\u0105tek<\/td><td>13, 20 \u2013 IX -2024 4, 25 &nbsp;\u2013 X &#8211; 2024 15 &nbsp;\u2013 XI &#8211; 2024 13 \u2013 XII &#8211; 2024 3 \u2013 I \u2013 2025 14 &nbsp;\u2013 II &#8211; 2025 7, 28 \u2013 III- 2025 25 &nbsp;\u2013 IV \u2013 2025 16&nbsp; \u2013 V- 2025 6, 20 \u2013 VI &#8211; 2025<\/td><td>11<sup>25<\/sup> \u2013 12<sup>10<\/sup><\/td><\/tr><tr><td>3<\/td><td><strong>&nbsp;<\/strong> <strong>Zaj\u0119cia rozwijaj\u0105ce kompetencje&nbsp;&nbsp;&nbsp;&nbsp;&nbsp;&nbsp;&nbsp;&nbsp;&nbsp;&nbsp;&nbsp;&nbsp;&nbsp;&nbsp;&nbsp;&nbsp;&nbsp;&nbsp;&nbsp;&nbsp;&nbsp; z j. polskiego \u2013Klasa&nbsp; I- IV LO<\/strong><\/td><td>&nbsp; Aleksandra J\u0119drocha<\/td><td>&nbsp; \u015broda<\/td><td>4, 25 \u2013 IX -2024 16 \u2013 X &#8211; 2024 6, 27 &nbsp;\u2013 XI &#8211; 2024 18 \u2013 XII &#8211; 2024 8 &nbsp;\u2013 I \u2013 2025 5, 26 \u2013 II &#8211; 2025 19 \u2013 III- 2025 9, 30 \u2013 IV \u2013 2025 21&nbsp; \u2013 V- 2025 11 \u2013 VI \u2013 2025<\/td><td>&nbsp; &nbsp; 12<sup>00<\/sup> \u2013 12<sup>45<\/sup> <sup>&nbsp;<\/sup><\/td><\/tr><tr><td>4<\/td><td><strong>&nbsp;<\/strong> <strong>Zaj\u0119cia rozwijaj\u0105ce kompetencje&nbsp;&nbsp;&nbsp;&nbsp;&nbsp;&nbsp;&nbsp;&nbsp;&nbsp;&nbsp;&nbsp;&nbsp;&nbsp;&nbsp;&nbsp;&nbsp;&nbsp;&nbsp;&nbsp;&nbsp;&nbsp; z j. polskiego \u2013 Klasa VII \u2013 VII SP<\/strong><\/td><td>Agnieszka Kaszewska<\/td><td>pi\u0105tek<\/td><td>6, 27 &nbsp;\u2013 IX -2024 18 \u2013 X &#8211; 2024 8, 29 &nbsp;\u2013 XI &#8211; 2024 20 \u2013 XII &#8211; 2024 10 \u2013 I \u2013 2025 7, 28 \u2013 II &#8211; 2025 21 \u2013 III- 2025 11 \u2013 IV \u2013 2025 2, 23&nbsp; \u2013 V- 2025 13 \u2013 VI &#8211; 2025<\/td><td>&nbsp; &nbsp; 10<sup>00<\/sup> \u2013 10<sup>45<\/sup> <sup>&nbsp;<\/sup><\/td><\/tr><tr><td>5<\/td><td><strong>Zaj\u0119cia&nbsp; rozwijaj\u0105ce kompetencje&nbsp;&nbsp;&nbsp;&nbsp;&nbsp;&nbsp;&nbsp;&nbsp;&nbsp;&nbsp;&nbsp;&nbsp;&nbsp;&nbsp;&nbsp;&nbsp;&nbsp;&nbsp;&nbsp;&nbsp;&nbsp;&nbsp;&nbsp; z j. angielskiego<\/strong><\/td><td>Katarzyna B\u0142ach<\/td><td>wtorek<\/td><td>3, 24 \u2013 IX -2024 15 \u2013 X &#8211; 2024 5, 26 &nbsp;\u2013 XI &#8211; 2024 17 \u2013 XII &#8211; 2024 7 \u2013 I \u2013 2025 4, 25 \u2013 II &#8211; 2025 18 \u2013 III- 2025 8, 29 \u2013 IV \u2013 2025 20&nbsp; \u2013 V- 2025 10 \u2013 VI &#8211; 2025<\/td><td><sup>&nbsp;&nbsp;&nbsp; <\/sup>17<sup>30<\/sup> \u201318<sup>15<\/sup><\/td><\/tr><tr><td>&nbsp; &nbsp; &nbsp; 6<\/td><td><strong>Zaj\u0119cia rozwijaj\u0105ce kompetencje&nbsp;&nbsp;&nbsp;&nbsp;&nbsp;&nbsp;&nbsp;&nbsp;&nbsp;&nbsp;&nbsp;&nbsp;&nbsp;&nbsp;&nbsp;&nbsp;&nbsp;&nbsp;&nbsp;&nbsp;&nbsp; z j. niemieckiego<\/strong><\/td><td>Ewa Borecka<\/td><td>pi\u0105tek<\/td><td>6, 27 &nbsp;\u2013 IX -2024 18 \u2013 X &#8211; 2024 8, 29 &nbsp;\u2013 XI &#8211; 2024 20 \u2013 XII &#8211; 2024 10 \u2013 I \u2013 2025 7, 28 \u2013 II &#8211; 2025 21 \u2013 III- 2025 11 \u2013 IV \u2013 2025 2, 23&nbsp; \u2013 V- 2025 13 \u2013 VI &#8211; 2025<\/td><td>&nbsp; &nbsp; 8<sup>45<\/sup> &#8211; 9<sup>30<\/sup> &nbsp; &nbsp; &nbsp;<\/td><\/tr><tr><td>7<\/td><td><strong>Zaj\u0119cia rozwijaj\u0105ce kompetencje&nbsp;&nbsp;&nbsp;&nbsp;&nbsp;&nbsp;&nbsp;&nbsp;&nbsp;&nbsp;&nbsp;&nbsp;&nbsp;&nbsp;&nbsp;&nbsp;&nbsp;&nbsp;&nbsp;&nbsp;&nbsp; z matematyki<\/strong><\/td><td>Justyna Pasternak<\/td><td>\u015broda<\/td><td>4, 25 \u2013 IX -2024 16 \u2013 X &#8211; 2024 6, 27 &nbsp;\u2013 XI &#8211; 2024 18 \u2013 XII &#8211; 2024 8 &nbsp;\u2013 I \u2013 2025 5, 26 \u2013 II &#8211; 2025 19 \u2013 III- 2025 9, 30 \u2013 IV \u2013 2025 21&nbsp; \u2013 V- 2025 11 \u2013 VI \u2013 2025<\/td><td>12<sup>05<\/sup> \u2013 12<sup>50<\/sup><\/td><\/tr><tr><td>8<\/td><td><strong>Zaj\u0119cia rozwijaj\u0105ce kompetencje&nbsp; z zakresu przygotowania duchowego do pe\u0142nego uczestnictwa w r\u00f3\u017cnych formach liturgii Ko\u015bcio\u0142a&nbsp;&nbsp;&nbsp;&nbsp;&nbsp;&nbsp;&nbsp;&nbsp;&nbsp;&nbsp;&nbsp;&nbsp;&nbsp;&nbsp;&nbsp;&nbsp;&nbsp;&nbsp;&nbsp;<\/strong><\/td><td>Beata Bitner &#8211; Sarna<\/td><td>\u015broda<\/td><td>4, 25 \u2013 IX -2024 16 \u2013 X &#8211; 2024 6, 27 &nbsp;\u2013 XI &#8211; 2024 18 \u2013 XII &#8211; 2024 8 &nbsp;\u2013 I \u2013 2025 5, 26 \u2013 II &#8211; 2025 19 \u2013 III- 2025 9, 30 \u2013 IV \u2013 2025 21&nbsp; \u2013 V- 2025 11 \u2013 VI \u2013 2025<\/td><td>18<sup>00<\/sup> \u2013 18<sup>45<\/sup><\/td><\/tr><tr><td>9<\/td><td><strong>Zaj\u0119cia rozwijaj\u0105ce kompetencje w zakresie edukacji polonistycznej&nbsp;&nbsp; i matematycznej<\/strong><\/td><td>Marzena Kilijanek<\/td><td>\u015broda<\/td><td>4, 25 \u2013 IX -2024 16 \u2013 X &#8211; 2024 6, 27 &nbsp;\u2013 XI &#8211; 2024 18 \u2013 XII &#8211; 2024 8 &nbsp;\u2013 I \u2013 2025 5, 26 \u2013 II &#8211; 2025 19 \u2013 III- 2025 9, 30 \u2013 IV \u2013 2025 21&nbsp; \u2013 V- 2025 11 \u2013 VI \u2013 2025<\/td><td>12<sup>00<\/sup> \u2013 12<sup>45<\/sup><sup><\/sup><\/td><\/tr><tr><td>10<\/td><td><strong>Zaj\u0119cia rozwijaj\u0105ce kompetencje z zakresu&nbsp; chemii, fizyki<\/strong> <strong>i biologii<\/strong><\/td><td>El\u017cbieta Lotko -Pikul<\/td><td>pi\u0105tek<\/td><td>6, 27 &nbsp;\u2013 IX -2024 18 \u2013 X &#8211; 2024 8, 29 &nbsp;\u2013 XI &#8211; 2024 20 \u2013 XII &#8211; 2024 10 \u2013 I \u2013 2025 7, 28 \u2013 II &#8211; 2025 21 \u2013 III- 2025 11 \u2013 IV \u2013 2025 2, 23&nbsp; \u2013 V- 2025 13 \u2013 VI &#8211; 2025<\/td><td>11<sup>25<\/sup> \u2013 12<sup>10<\/sup><\/td><\/tr><\/tbody><\/table><\/figure>\n","protected":false},"excerpt":{"rendered":"<p>Harmonogram zaj\u0119\u0107 rozwijaj\u0105cych kompetencje na rok szkolny 2024\/2025 Lp TYP ZAJ\u0118\u0106 IMI\u0118 I NAZWISKO PROWADZ\u0104CEGO DZIE\u0143 TYGODNIA Daty realizacji zaj\u0119\u0107 GODZINY REALIZACJI 1 Ko\u0142o Informatyczne &nbsp; &nbsp; &nbsp; &nbsp; &nbsp; Justyna Pasternak wtorek 3, 24 \u2013 IX -2024 15 \u2013 X &#8211; 2024 5, 26 &nbsp;\u2013 XI &#8211; 2024 17 \u2013 XII &#8211; 2024 7 &#8230; <a title=\"ZAJ\u0118CIA POZALEKCYJNE\" class=\"read-more\" href=\"https:\/\/www.zssgorkabusko.pl\/index.php\/plan-zajec\/zajecia-pozalekcyjne\/\" aria-label=\"Dowiedz si\u0119 wi\u0119cej o ZAJ\u0118CIA POZALEKCYJNE\">Dowiedz si\u0119 wi\u0119cej<\/a><\/p>\n","protected":false},"author":1,"featured_media":0,"parent":44,"menu_order":5,"comment_status":"closed","ping_status":"closed","template":"","meta":{"ngg_post_thumbnail":0,"footnotes":""},"class_list":["post-62","page","type-page","status-publish"],"_links":{"self":[{"href":"https:\/\/www.zssgorkabusko.pl\/index.php\/wp-json\/wp\/v2\/pages\/62","targetHints":{"allow":["GET"]}}],"collection":[{"href":"https:\/\/www.zssgorkabusko.pl\/index.php\/wp-json\/wp\/v2\/pages"}],"about":[{"href":"https:\/\/www.zssgorkabusko.pl\/index.php\/wp-json\/wp\/v2\/types\/page"}],"author":[{"embeddable":true,"href":"https:\/\/www.zssgorkabusko.pl\/index.php\/wp-json\/wp\/v2\/users\/1"}],"replies":[{"embeddable":true,"href":"https:\/\/www.zssgorkabusko.pl\/index.php\/wp-json\/wp\/v2\/comments?post=62"}],"version-history":[{"count":24,"href":"https:\/\/www.zssgorkabusko.pl\/index.php\/wp-json\/wp\/v2\/pages\/62\/revisions"}],"predecessor-version":[{"id":8926,"href":"https:\/\/www.zssgorkabusko.pl\/index.php\/wp-json\/wp\/v2\/pages\/62\/revisions\/8926"}],"up":[{"embeddable":true,"href":"https:\/\/www.zssgorkabusko.pl\/index.php\/wp-json\/wp\/v2\/pages\/44"}],"wp:attachment":[{"href":"https:\/\/www.zssgorkabusko.pl\/index.php\/wp-json\/wp\/v2\/media?parent=62"}],"curies":[{"name":"wp","href":"https:\/\/api.w.org\/{rel}","templated":true}]}}