{"id":6268,"date":"2022-10-03T11:33:13","date_gmt":"2022-10-03T09:33:13","guid":{"rendered":"http:\/\/www.zssgorkabusko.pl\/?page_id=6268"},"modified":"2023-06-14T20:55:15","modified_gmt":"2023-06-14T18:55:15","slug":"realizacja-programu-laboratoria-przyszlosci-wrzesien","status":"publish","type":"page","link":"https:\/\/www.zssgorkabusko.pl\/index.php\/programy-realizowane-z-budzetu-panstwa\/laboratoria-przyszlosci\/realizacja-programu-laboratoria-przyszlosci-wrzesien\/","title":{"rendered":",,#Laboratoria Przysz\u0142o\u015bci&#8221; &#8211; wrzesie\u0144"},"content":{"rendered":"\n<p>We wrze\u015bniu uczniowie wszystkich klas szko\u0142y podstawowej brali udzia\u0142 w nowej inicjatywie \u201eLaboratoria przysz\u0142o\u015bci\u201d. Na lekcjach z r\u00f3\u017cnych przedmiot\u00f3w oraz zaj\u0119ciach specjalnych grup wychowawczych korzystali z pomocy dydaktycznych zakupionych w ramach programu \u201eLaboratoria przysz\u0142o\u015bci\u201d. <\/p>\n\n\n\n<p>Uczniowie poznali podstawowe elementy drukarki 3D oraz zasad\u0119 jej dzia\u0142ania. Po raz pierwszy widzieli jak drukuje si\u0119 modele 3D.<\/p>\n\n\n\n<p>Uczniowie, kt\u00f3rzy interesuj\u0105 si\u0119 fotografik\u0105 mogli wykona\u0107 zdj\u0119cia za pomoc\u0105 profesjonalnego aparatu fotograficznego.<\/p>\n\n\n\n<p>M\u0142odsi uczniowie z klas 1-3 bawili si\u0119 klockami lego, ucz\u0105c si\u0119 w ten spos\u00f3b rozr\u00f3\u017cniania cech wielko\u015bciowych, grupowania i przeliczania.<\/p>\n\n\n\n<p>Wykorzystanie wymienionych pomocy dydaktycznych wp\u0142yn\u0119\u0142o na uatrakcyjnienie procesu nauczania i rozw\u00f3j zainteresowa\u0144 uczni\u00f3w.<\/p>\n\n\n\n<p>Justyna Pasternak<\/p>\n\n\n\n<figure class=\"wp-block-gallery has-nested-images columns-2 is-cropped wp-block-gallery-1 is-layout-flex wp-block-gallery-is-layout-flex\">\n<figure class=\"wp-block-image size-large\"><img decoding=\"async\" data-id=\"6270\" src=\"http:\/\/www.zssgorkabusko.pl\/wp-content\/uploads\/2022\/10\/309997010_522939159666949_2569560730097561125_n.jpg\" alt=\"\" class=\"wp-image-6270\"\/><figcaption><strong><em>Urz\u0105dzenia techniki komputerowej wok\u00f3\u0142 nas<\/em><\/strong><\/figcaption><\/figure>\n\n\n\n<figure class=\"wp-block-image size-large\"><img decoding=\"async\" data-id=\"6271\" src=\"http:\/\/www.zssgorkabusko.pl\/wp-content\/uploads\/2022\/10\/309876984_593831802535408_4792266328076106553_n.jpg\" alt=\"\" class=\"wp-image-6271\"\/><figcaption><strong><em>Czym zajmuje si\u0119 fizyka?<\/em><\/strong><\/figcaption><\/figure>\n\n\n\n<figure class=\"wp-block-image size-full\"><img loading=\"lazy\" decoding=\"async\" width=\"508\" height=\"480\" data-id=\"6592\" src=\"http:\/\/www.zssgorkabusko.pl\/wp-content\/uploads\/2022\/11\/received_847907832911763.jpeg\" alt=\"\" class=\"wp-image-6592\" srcset=\"https:\/\/www.zssgorkabusko.pl\/wp-content\/uploads\/2022\/11\/received_847907832911763.jpeg 508w, https:\/\/www.zssgorkabusko.pl\/wp-content\/uploads\/2022\/11\/received_847907832911763-300x283.jpeg 300w\" sizes=\"auto, (max-width: 508px) 100vw, 508px\" \/><figcaption><strong><em>Dzie\u0144 jab\u0142ka<\/em><\/strong><\/figcaption><\/figure>\n\n\n\n<figure class=\"wp-block-image size-large\"><img decoding=\"async\" data-id=\"6273\" src=\"http:\/\/www.zssgorkabusko.pl\/wp-content\/uploads\/2022\/10\/20220906_163526.jpg\" alt=\"\" class=\"wp-image-6273\"\/><figcaption><strong><em>Urz\u0105dzenia techniki komputerowej wok\u00f3\u0142 nas<\/em><\/strong><\/figcaption><\/figure>\n\n\n\n<figure class=\"wp-block-image size-large\"><img loading=\"lazy\" decoding=\"async\" width=\"800\" height=\"600\" data-id=\"6277\" src=\"http:\/\/www.zssgorkabusko.pl\/wp-content\/uploads\/2022\/10\/20220906_163648.jpg\" alt=\"\" class=\"wp-image-6277\" srcset=\"https:\/\/www.zssgorkabusko.pl\/wp-content\/uploads\/2022\/10\/20220906_163648.jpg 800w, https:\/\/www.zssgorkabusko.pl\/wp-content\/uploads\/2022\/10\/20220906_163648-300x225.jpg 300w, https:\/\/www.zssgorkabusko.pl\/wp-content\/uploads\/2022\/10\/20220906_163648-768x576.jpg 768w\" sizes=\"auto, (max-width: 800px) 100vw, 800px\" \/><figcaption><strong><em>Urz\u0105dzenia techniki komputerowej wok\u00f3\u0142 na<\/em><\/strong><\/figcaption><\/figure>\n\n\n\n<figure class=\"wp-block-image size-large\"><img decoding=\"async\" data-id=\"6275\" src=\"http:\/\/www.zssgorkabusko.pl\/wp-content\/uploads\/2022\/10\/309656660_522642759675002_7590308555617197880_n-1.jpg\" alt=\"\" class=\"wp-image-6275\"\/><figcaption><strong><em>Moje hobby<\/em><\/strong><\/figcaption><\/figure>\n\n\n\n<figure class=\"wp-block-image size-large\"><img decoding=\"async\" data-id=\"6276\" src=\"http:\/\/www.zssgorkabusko.pl\/wp-content\/uploads\/2022\/10\/310745459_471007841642831_129506095966945153_n-1024x768.jpg\" alt=\"\" class=\"wp-image-6276\"\/><figcaption><strong><em>Cechy wielko\u015bciowe, grupowanie i przeliczanie przedmiot\u00f3w.<\/em><\/strong><\/figcaption><\/figure>\n\n\n\n<figure class=\"wp-block-image size-large\"><img loading=\"lazy\" decoding=\"async\" width=\"768\" height=\"1024\" data-id=\"6278\" src=\"http:\/\/www.zssgorkabusko.pl\/wp-content\/uploads\/2022\/10\/310233373_482608897082143_4803774374749788548_n-768x1024.jpg\" alt=\"\" class=\"wp-image-6278\" srcset=\"https:\/\/www.zssgorkabusko.pl\/wp-content\/uploads\/2022\/10\/310233373_482608897082143_4803774374749788548_n-768x1024.jpg 768w, https:\/\/www.zssgorkabusko.pl\/wp-content\/uploads\/2022\/10\/310233373_482608897082143_4803774374749788548_n-225x300.jpg 225w, https:\/\/www.zssgorkabusko.pl\/wp-content\/uploads\/2022\/10\/310233373_482608897082143_4803774374749788548_n.jpg 1080w\" sizes=\"auto, (max-width: 768px) 100vw, 768px\" \/><figcaption><strong><em>Cechy wielko\u015bciowe, grupowanie i przeliczanie przedmiot\u00f3w.<\/em><\/strong><\/figcaption><\/figure>\n<\/figure>\n","protected":false},"excerpt":{"rendered":"<p>We wrze\u015bniu uczniowie wszystkich klas szko\u0142y podstawowej brali udzia\u0142 w nowej inicjatywie \u201eLaboratoria przysz\u0142o\u015bci\u201d. Na lekcjach z r\u00f3\u017cnych przedmiot\u00f3w oraz zaj\u0119ciach specjalnych grup wychowawczych korzystali z pomocy dydaktycznych zakupionych w ramach programu \u201eLaboratoria przysz\u0142o\u015bci\u201d. Uczniowie poznali podstawowe elementy drukarki 3D oraz zasad\u0119 jej dzia\u0142ania. Po raz pierwszy widzieli jak drukuje si\u0119 modele 3D. Uczniowie, kt\u00f3rzy &#8230; <a title=\",,#Laboratoria Przysz\u0142o\u015bci&#8221; &#8211; wrzesie\u0144\" class=\"read-more\" href=\"https:\/\/www.zssgorkabusko.pl\/index.php\/programy-realizowane-z-budzetu-panstwa\/laboratoria-przyszlosci\/realizacja-programu-laboratoria-przyszlosci-wrzesien\/\" aria-label=\"Dowiedz si\u0119 wi\u0119cej o ,,#Laboratoria Przysz\u0142o\u015bci&#8221; &#8211; wrzesie\u0144\">Dowiedz si\u0119 wi\u0119cej<\/a><\/p>\n","protected":false},"author":2,"featured_media":0,"parent":5942,"menu_order":-1,"comment_status":"closed","ping_status":"closed","template":"","meta":{"ngg_post_thumbnail":0,"footnotes":""},"class_list":["post-6268","page","type-page","status-publish"],"_links":{"self":[{"href":"https:\/\/www.zssgorkabusko.pl\/index.php\/wp-json\/wp\/v2\/pages\/6268","targetHints":{"allow":["GET"]}}],"collection":[{"href":"https:\/\/www.zssgorkabusko.pl\/index.php\/wp-json\/wp\/v2\/pages"}],"about":[{"href":"https:\/\/www.zssgorkabusko.pl\/index.php\/wp-json\/wp\/v2\/types\/page"}],"author":[{"embeddable":true,"href":"https:\/\/www.zssgorkabusko.pl\/index.php\/wp-json\/wp\/v2\/users\/2"}],"replies":[{"embeddable":true,"href":"https:\/\/www.zssgorkabusko.pl\/index.php\/wp-json\/wp\/v2\/comments?post=6268"}],"version-history":[{"count":8,"href":"https:\/\/www.zssgorkabusko.pl\/index.php\/wp-json\/wp\/v2\/pages\/6268\/revisions"}],"predecessor-version":[{"id":6706,"href":"https:\/\/www.zssgorkabusko.pl\/index.php\/wp-json\/wp\/v2\/pages\/6268\/revisions\/6706"}],"up":[{"embeddable":true,"href":"https:\/\/www.zssgorkabusko.pl\/index.php\/wp-json\/wp\/v2\/pages\/5942"}],"wp:attachment":[{"href":"https:\/\/www.zssgorkabusko.pl\/index.php\/wp-json\/wp\/v2\/media?parent=6268"}],"curies":[{"name":"wp","href":"https:\/\/api.w.org\/{rel}","templated":true}]}}