{"id":6679,"date":"2022-12-11T18:20:06","date_gmt":"2022-12-11T17:20:06","guid":{"rendered":"http:\/\/www.zssgorkabusko.pl\/?page_id=6679"},"modified":"2023-06-14T20:54:21","modified_gmt":"2023-06-14T18:54:21","slug":"laboratoria-przyszlosci-listopad","status":"publish","type":"page","link":"https:\/\/www.zssgorkabusko.pl\/index.php\/programy-realizowane-z-budzetu-panstwa\/laboratoria-przyszlosci\/laboratoria-przyszlosci-listopad\/","title":{"rendered":",,#Laboratoria Przysz\u0142o\u015bci&#8221; &#8211; listopad"},"content":{"rendered":"\n<p>W listopadzie realizowano zaj\u0119cia z wykorzystaniem pomocy dydaktycznych zakupionych w ramach programu ,,Laboratoria Przysz\u0142o\u015bci&#8221;:<\/p>\n\n\n\n<figure class=\"wp-block-gallery has-nested-images columns-default is-cropped wp-block-gallery-1 is-layout-flex wp-block-gallery-is-layout-flex\">\n<figure class=\"wp-block-image size-large\"><img loading=\"lazy\" decoding=\"async\" width=\"640\" height=\"359\" data-id=\"6680\" src=\"http:\/\/www.zssgorkabusko.pl\/wp-content\/uploads\/2022\/12\/IMG_2638.jpg\" alt=\"\" class=\"wp-image-6680\" srcset=\"https:\/\/www.zssgorkabusko.pl\/wp-content\/uploads\/2022\/12\/IMG_2638.jpg 640w, https:\/\/www.zssgorkabusko.pl\/wp-content\/uploads\/2022\/12\/IMG_2638-300x168.jpg 300w\" sizes=\"auto, (max-width: 640px) 100vw, 640px\" \/><\/figure>\n\n\n\n<figure class=\"wp-block-image size-large\"><img loading=\"lazy\" decoding=\"async\" width=\"640\" height=\"359\" data-id=\"6681\" src=\"http:\/\/www.zssgorkabusko.pl\/wp-content\/uploads\/2022\/12\/IMG_2645.jpg\" alt=\"\" class=\"wp-image-6681\" srcset=\"https:\/\/www.zssgorkabusko.pl\/wp-content\/uploads\/2022\/12\/IMG_2645.jpg 640w, https:\/\/www.zssgorkabusko.pl\/wp-content\/uploads\/2022\/12\/IMG_2645-300x168.jpg 300w\" sizes=\"auto, (max-width: 640px) 100vw, 640px\" \/><\/figure>\n\n\n\n<figure class=\"wp-block-image size-large\"><img loading=\"lazy\" decoding=\"async\" width=\"640\" height=\"359\" data-id=\"6682\" src=\"http:\/\/www.zssgorkabusko.pl\/wp-content\/uploads\/2022\/12\/IMG_2646.jpg\" alt=\"\" class=\"wp-image-6682\" srcset=\"https:\/\/www.zssgorkabusko.pl\/wp-content\/uploads\/2022\/12\/IMG_2646.jpg 640w, https:\/\/www.zssgorkabusko.pl\/wp-content\/uploads\/2022\/12\/IMG_2646-300x168.jpg 300w\" sizes=\"auto, (max-width: 640px) 100vw, 640px\" \/><\/figure>\n<figcaption class=\"blocks-gallery-caption\"><strong><em>Druk 3D jako nabywanie umiej\u0119tno\u015bci zawodowych przy planowaniu <\/em><\/strong><br><strong><em>zawod\u00f3w informatycznych<\/em><\/strong>.<\/figcaption><\/figure>\n\n\n\n<figure class=\"wp-block-gallery has-nested-images columns-default is-cropped wp-block-gallery-2 is-layout-flex wp-block-gallery-is-layout-flex\">\n<figure class=\"wp-block-image size-large\"><img loading=\"lazy\" decoding=\"async\" width=\"480\" height=\"640\" data-id=\"6684\" src=\"http:\/\/www.zssgorkabusko.pl\/wp-content\/uploads\/2022\/12\/IMG_20221203_120410.jpg\" alt=\"\" class=\"wp-image-6684\" srcset=\"https:\/\/www.zssgorkabusko.pl\/wp-content\/uploads\/2022\/12\/IMG_20221203_120410.jpg 480w, https:\/\/www.zssgorkabusko.pl\/wp-content\/uploads\/2022\/12\/IMG_20221203_120410-225x300.jpg 225w\" sizes=\"auto, (max-width: 480px) 100vw, 480px\" \/><\/figure>\n\n\n\n<figure class=\"wp-block-image size-large\"><img loading=\"lazy\" decoding=\"async\" width=\"480\" height=\"640\" data-id=\"6685\" src=\"http:\/\/www.zssgorkabusko.pl\/wp-content\/uploads\/2022\/12\/IMG_20221203_120825.jpg\" alt=\"\" class=\"wp-image-6685\" srcset=\"https:\/\/www.zssgorkabusko.pl\/wp-content\/uploads\/2022\/12\/IMG_20221203_120825.jpg 480w, https:\/\/www.zssgorkabusko.pl\/wp-content\/uploads\/2022\/12\/IMG_20221203_120825-225x300.jpg 225w\" sizes=\"auto, (max-width: 480px) 100vw, 480px\" \/><\/figure>\n\n\n\n<figure class=\"wp-block-image size-large\"><img loading=\"lazy\" decoding=\"async\" width=\"480\" height=\"640\" data-id=\"6686\" src=\"http:\/\/www.zssgorkabusko.pl\/wp-content\/uploads\/2022\/12\/IMG_20221203_122701.jpg\" alt=\"\" class=\"wp-image-6686\" srcset=\"https:\/\/www.zssgorkabusko.pl\/wp-content\/uploads\/2022\/12\/IMG_20221203_122701.jpg 480w, https:\/\/www.zssgorkabusko.pl\/wp-content\/uploads\/2022\/12\/IMG_20221203_122701-225x300.jpg 225w\" sizes=\"auto, (max-width: 480px) 100vw, 480px\" \/><\/figure>\n<figcaption class=\"blocks-gallery-caption\"><em><strong>Malarski \u015bwiat epoki baroku. Najwybitniejsze dzie\u0142a epoki barokowych artyst\u00f3w<\/strong><\/em>.<\/figcaption><\/figure>\n\n\n\n<figure class=\"wp-block-gallery has-nested-images columns-default is-cropped wp-block-gallery-3 is-layout-flex wp-block-gallery-is-layout-flex\">\n<figure class=\"wp-block-image size-large\"><img loading=\"lazy\" decoding=\"async\" width=\"480\" height=\"480\" data-id=\"6687\" src=\"http:\/\/www.zssgorkabusko.pl\/wp-content\/uploads\/2022\/12\/IMG_20221107_193942.jpg\" alt=\"\" class=\"wp-image-6687\" srcset=\"https:\/\/www.zssgorkabusko.pl\/wp-content\/uploads\/2022\/12\/IMG_20221107_193942.jpg 480w, https:\/\/www.zssgorkabusko.pl\/wp-content\/uploads\/2022\/12\/IMG_20221107_193942-300x300.jpg 300w, https:\/\/www.zssgorkabusko.pl\/wp-content\/uploads\/2022\/12\/IMG_20221107_193942-150x150.jpg 150w\" sizes=\"auto, (max-width: 480px) 100vw, 480px\" \/><\/figure>\n\n\n\n<figure class=\"wp-block-image size-large\"><img loading=\"lazy\" decoding=\"async\" width=\"480\" height=\"480\" data-id=\"6689\" src=\"http:\/\/www.zssgorkabusko.pl\/wp-content\/uploads\/2022\/12\/IMG_20221107_195049.jpg\" alt=\"\" class=\"wp-image-6689\" srcset=\"https:\/\/www.zssgorkabusko.pl\/wp-content\/uploads\/2022\/12\/IMG_20221107_195049.jpg 480w, https:\/\/www.zssgorkabusko.pl\/wp-content\/uploads\/2022\/12\/IMG_20221107_195049-300x300.jpg 300w, https:\/\/www.zssgorkabusko.pl\/wp-content\/uploads\/2022\/12\/IMG_20221107_195049-150x150.jpg 150w\" sizes=\"auto, (max-width: 480px) 100vw, 480px\" \/><\/figure>\n\n\n\n<figure class=\"wp-block-image size-large\"><img loading=\"lazy\" decoding=\"async\" width=\"480\" height=\"480\" data-id=\"6688\" src=\"http:\/\/www.zssgorkabusko.pl\/wp-content\/uploads\/2022\/12\/IMG_20221107_200123.jpg\" alt=\"\" class=\"wp-image-6688\" srcset=\"https:\/\/www.zssgorkabusko.pl\/wp-content\/uploads\/2022\/12\/IMG_20221107_200123.jpg 480w, https:\/\/www.zssgorkabusko.pl\/wp-content\/uploads\/2022\/12\/IMG_20221107_200123-300x300.jpg 300w, https:\/\/www.zssgorkabusko.pl\/wp-content\/uploads\/2022\/12\/IMG_20221107_200123-150x150.jpg 150w\" sizes=\"auto, (max-width: 480px) 100vw, 480px\" \/><\/figure>\n<figcaption class=\"blocks-gallery-caption\"><em><strong>Europejski Dzie\u0144 Zdrowego Jedzenia<\/strong><\/em><\/figcaption><\/figure>\n\n\n\n<figure class=\"wp-block-gallery has-nested-images columns-default is-cropped wp-block-gallery-4 is-layout-flex wp-block-gallery-is-layout-flex\">\n<figure class=\"wp-block-image size-large\"><img loading=\"lazy\" decoding=\"async\" width=\"699\" height=\"600\" data-id=\"6691\" src=\"http:\/\/www.zssgorkabusko.pl\/wp-content\/uploads\/2022\/12\/Bez-nazwy.jpg\" alt=\"\" class=\"wp-image-6691\" srcset=\"https:\/\/www.zssgorkabusko.pl\/wp-content\/uploads\/2022\/12\/Bez-nazwy.jpg 699w, https:\/\/www.zssgorkabusko.pl\/wp-content\/uploads\/2022\/12\/Bez-nazwy-300x258.jpg 300w\" sizes=\"auto, (max-width: 699px) 100vw, 699px\" \/><\/figure>\n\n\n\n<figure class=\"wp-block-image size-large\"><img loading=\"lazy\" decoding=\"async\" width=\"559\" height=\"480\" data-id=\"6692\" src=\"http:\/\/www.zssgorkabusko.pl\/wp-content\/uploads\/2022\/12\/Bez-nazwy1.jpg\" alt=\"\" class=\"wp-image-6692\" srcset=\"https:\/\/www.zssgorkabusko.pl\/wp-content\/uploads\/2022\/12\/Bez-nazwy1.jpg 559w, https:\/\/www.zssgorkabusko.pl\/wp-content\/uploads\/2022\/12\/Bez-nazwy1-300x258.jpg 300w\" sizes=\"auto, (max-width: 559px) 100vw, 559px\" \/><\/figure>\n<figcaption class=\"blocks-gallery-caption\"><strong><em>Zapoznanie z edytorem 3D w chmurze \u2013 Tinkercad<\/em><\/strong>.<\/figcaption><\/figure>\n\n\n\n<figure class=\"wp-block-gallery has-nested-images columns-default is-cropped wp-block-gallery-5 is-layout-flex wp-block-gallery-is-layout-flex\">\n<figure class=\"wp-block-image size-large\"><img loading=\"lazy\" decoding=\"async\" width=\"640\" height=\"359\" data-id=\"6694\" src=\"http:\/\/www.zssgorkabusko.pl\/wp-content\/uploads\/2022\/12\/IMG_2690-\u2014-kopia.jpg\" alt=\"\" class=\"wp-image-6694\" srcset=\"https:\/\/www.zssgorkabusko.pl\/wp-content\/uploads\/2022\/12\/IMG_2690-\u2014-kopia.jpg 640w, https:\/\/www.zssgorkabusko.pl\/wp-content\/uploads\/2022\/12\/IMG_2690-\u2014-kopia-300x168.jpg 300w\" sizes=\"auto, (max-width: 640px) 100vw, 640px\" \/><\/figure>\n\n\n\n<figure class=\"wp-block-image size-large\"><img loading=\"lazy\" decoding=\"async\" width=\"640\" height=\"359\" data-id=\"6695\" src=\"http:\/\/www.zssgorkabusko.pl\/wp-content\/uploads\/2022\/12\/IMG_2703.jpg\" alt=\"\" class=\"wp-image-6695\" srcset=\"https:\/\/www.zssgorkabusko.pl\/wp-content\/uploads\/2022\/12\/IMG_2703.jpg 640w, https:\/\/www.zssgorkabusko.pl\/wp-content\/uploads\/2022\/12\/IMG_2703-300x168.jpg 300w\" sizes=\"auto, (max-width: 640px) 100vw, 640px\" \/><\/figure>\n<figcaption class=\"blocks-gallery-caption\"><strong><em>Maluje jesie\u0144.<\/em><\/strong><\/figcaption><\/figure>\n\n\n\n<figure class=\"wp-block-gallery has-nested-images columns-4 is-cropped wp-block-gallery-6 is-layout-flex wp-block-gallery-is-layout-flex\">\n<figure class=\"wp-block-image size-large\"><img loading=\"lazy\" decoding=\"async\" width=\"640\" height=\"359\" data-id=\"6700\" src=\"http:\/\/www.zssgorkabusko.pl\/wp-content\/uploads\/2022\/12\/IMG_2708.jpg\" alt=\"\" class=\"wp-image-6700\" srcset=\"https:\/\/www.zssgorkabusko.pl\/wp-content\/uploads\/2022\/12\/IMG_2708.jpg 640w, https:\/\/www.zssgorkabusko.pl\/wp-content\/uploads\/2022\/12\/IMG_2708-300x168.jpg 300w\" sizes=\"auto, (max-width: 640px) 100vw, 640px\" \/><\/figure>\n\n\n\n<figure class=\"wp-block-image size-large\"><img loading=\"lazy\" decoding=\"async\" width=\"600\" height=\"480\" data-id=\"6703\" src=\"http:\/\/www.zssgorkabusko.pl\/wp-content\/uploads\/2022\/12\/IMG_2716.jpg\" alt=\"\" class=\"wp-image-6703\" srcset=\"https:\/\/www.zssgorkabusko.pl\/wp-content\/uploads\/2022\/12\/IMG_2716.jpg 600w, https:\/\/www.zssgorkabusko.pl\/wp-content\/uploads\/2022\/12\/IMG_2716-300x240.jpg 300w\" sizes=\"auto, (max-width: 600px) 100vw, 600px\" \/><\/figure>\n\n\n\n<figure class=\"wp-block-image size-large\"><img loading=\"lazy\" decoding=\"async\" width=\"640\" height=\"359\" data-id=\"6701\" src=\"http:\/\/www.zssgorkabusko.pl\/wp-content\/uploads\/2022\/12\/IMG_2741.jpg\" alt=\"\" class=\"wp-image-6701\" srcset=\"https:\/\/www.zssgorkabusko.pl\/wp-content\/uploads\/2022\/12\/IMG_2741.jpg 640w, https:\/\/www.zssgorkabusko.pl\/wp-content\/uploads\/2022\/12\/IMG_2741-300x168.jpg 300w\" sizes=\"auto, (max-width: 640px) 100vw, 640px\" \/><\/figure>\n\n\n\n<figure class=\"wp-block-image size-large\"><img loading=\"lazy\" decoding=\"async\" width=\"640\" height=\"359\" data-id=\"6702\" src=\"http:\/\/www.zssgorkabusko.pl\/wp-content\/uploads\/2022\/12\/IMG_2742.jpg\" alt=\"\" class=\"wp-image-6702\" srcset=\"https:\/\/www.zssgorkabusko.pl\/wp-content\/uploads\/2022\/12\/IMG_2742.jpg 640w, https:\/\/www.zssgorkabusko.pl\/wp-content\/uploads\/2022\/12\/IMG_2742-300x168.jpg 300w\" sizes=\"auto, (max-width: 640px) 100vw, 640px\" \/><\/figure>\n<figcaption class=\"blocks-gallery-caption\"><strong><em>Rozwi\u0105zywanie problem\u00f3w<\/em><\/strong>.<\/figcaption><\/figure>\n\n\n\n<figure class=\"wp-block-image size-full\"><img loading=\"lazy\" decoding=\"async\" width=\"496\" height=\"480\" src=\"http:\/\/www.zssgorkabusko.pl\/wp-content\/uploads\/2022\/12\/IMG_2756.jpg\" alt=\"\" class=\"wp-image-6709\" srcset=\"https:\/\/www.zssgorkabusko.pl\/wp-content\/uploads\/2022\/12\/IMG_2756.jpg 496w, https:\/\/www.zssgorkabusko.pl\/wp-content\/uploads\/2022\/12\/IMG_2756-300x290.jpg 300w\" sizes=\"auto, (max-width: 496px) 100vw, 496px\" \/><figcaption><strong><em>Dzie\u0144 Pluszowego Misia<\/em><\/strong><\/figcaption><\/figure>\n\n\n\n<figure class=\"wp-block-image size-full\"><img loading=\"lazy\" decoding=\"async\" width=\"640\" height=\"359\" src=\"http:\/\/www.zssgorkabusko.pl\/wp-content\/uploads\/2022\/12\/IMG_2782.jpg\" alt=\"\" class=\"wp-image-6707\" srcset=\"https:\/\/www.zssgorkabusko.pl\/wp-content\/uploads\/2022\/12\/IMG_2782.jpg 640w, https:\/\/www.zssgorkabusko.pl\/wp-content\/uploads\/2022\/12\/IMG_2782-300x168.jpg 300w\" sizes=\"auto, (max-width: 640px) 100vw, 640px\" \/><figcaption><strong><em>Fotografia cyfrowa &#8211; Martwa natura.<\/em><\/strong><\/figcaption><\/figure>\n\n\n\n<p>Justyna Pasternak<\/p>\n","protected":false},"excerpt":{"rendered":"<p>W listopadzie realizowano zaj\u0119cia z wykorzystaniem pomocy dydaktycznych zakupionych w ramach programu ,,Laboratoria Przysz\u0142o\u015bci&#8221;: Justyna Pasternak<\/p>\n","protected":false},"author":2,"featured_media":0,"parent":5942,"menu_order":-3,"comment_status":"closed","ping_status":"closed","template":"","meta":{"ngg_post_thumbnail":0,"footnotes":""},"class_list":["post-6679","page","type-page","status-publish"],"_links":{"self":[{"href":"https:\/\/www.zssgorkabusko.pl\/index.php\/wp-json\/wp\/v2\/pages\/6679","targetHints":{"allow":["GET"]}}],"collection":[{"href":"https:\/\/www.zssgorkabusko.pl\/index.php\/wp-json\/wp\/v2\/pages"}],"about":[{"href":"https:\/\/www.zssgorkabusko.pl\/index.php\/wp-json\/wp\/v2\/types\/page"}],"author":[{"embeddable":true,"href":"https:\/\/www.zssgorkabusko.pl\/index.php\/wp-json\/wp\/v2\/users\/2"}],"replies":[{"embeddable":true,"href":"https:\/\/www.zssgorkabusko.pl\/index.php\/wp-json\/wp\/v2\/comments?post=6679"}],"version-history":[{"count":10,"href":"https:\/\/www.zssgorkabusko.pl\/index.php\/wp-json\/wp\/v2\/pages\/6679\/revisions"}],"predecessor-version":[{"id":6710,"href":"https:\/\/www.zssgorkabusko.pl\/index.php\/wp-json\/wp\/v2\/pages\/6679\/revisions\/6710"}],"up":[{"embeddable":true,"href":"https:\/\/www.zssgorkabusko.pl\/index.php\/wp-json\/wp\/v2\/pages\/5942"}],"wp:attachment":[{"href":"https:\/\/www.zssgorkabusko.pl\/index.php\/wp-json\/wp\/v2\/media?parent=6679"}],"curies":[{"name":"wp","href":"https:\/\/api.w.org\/{rel}","templated":true}]}}