{"id":6747,"date":"2023-01-09T10:07:51","date_gmt":"2023-01-09T09:07:51","guid":{"rendered":"http:\/\/www.zssgorkabusko.pl\/?page_id=6747"},"modified":"2023-06-14T20:53:46","modified_gmt":"2023-06-14T18:53:46","slug":"laboratoria-przyszlosci-grudzien","status":"publish","type":"page","link":"https:\/\/www.zssgorkabusko.pl\/index.php\/programy-realizowane-z-budzetu-panstwa\/laboratoria-przyszlosci\/laboratoria-przyszlosci-grudzien\/","title":{"rendered":",,#Laboratoria Przysz\u0142o\u015bci&#8221; &#8211; grudzie\u0144"},"content":{"rendered":"\n<p>W grudniu uczniowie i nauczyciele korzystali z aparatu fotograficznego Canon w ramach programu \u201eLaboratoria Przysz\u0142o\u015bci\u201d wykonuj\u0105c zdj\u0119cia z lekcji, imprez szkolnych,&nbsp; zaj\u0119\u0107 rozwijaj\u0105cych zainteresowania i zaj\u0119\u0107 wychowawczych: Barb\u00f3rka, Miko\u0142ajki, Wiecz\u00f3r wigilijny (zdj\u0119cia w zak\u0142adce Aktualno\u015bci).<\/p>\n\n\n\n<p>N lekcji j\u0119zyka polskiego w klasach VII-VIII uczniowie odwiedzili internetow\u0105 witryn\u0119: Polscy Malarze Wsp\u00f3\u0142cze\u015bni Galeria M\u0142odej Sztuki, &nbsp;wyszukuj\u0105c tam obraz\u00f3w, kt\u00f3rych tematem jest odpoczynek. Po zrobieniu zdj\u0119cia wybranego obrazu, opisywali go wg. wskaz\u00f3wek z podr\u0119cznika.<\/p>\n\n\n\n<figure class=\"wp-block-gallery has-nested-images columns-default is-cropped wp-block-gallery-1 is-layout-flex wp-block-gallery-is-layout-flex\">\n<figure class=\"wp-block-image size-large\"><img loading=\"lazy\" decoding=\"async\" width=\"640\" height=\"480\" data-id=\"6765\" src=\"http:\/\/www.zssgorkabusko.pl\/wp-content\/uploads\/2023\/01\/IMG_20221203_130952.jpg\" alt=\"\" class=\"wp-image-6765\" srcset=\"https:\/\/www.zssgorkabusko.pl\/wp-content\/uploads\/2023\/01\/IMG_20221203_130952.jpg 640w, https:\/\/www.zssgorkabusko.pl\/wp-content\/uploads\/2023\/01\/IMG_20221203_130952-300x225.jpg 300w\" sizes=\"auto, (max-width: 640px) 100vw, 640px\" \/><\/figure>\n\n\n\n<figure class=\"wp-block-image size-large\"><img loading=\"lazy\" decoding=\"async\" width=\"640\" height=\"480\" data-id=\"6764\" src=\"http:\/\/www.zssgorkabusko.pl\/wp-content\/uploads\/2023\/01\/IMG_20221203_130724.jpg\" alt=\"\" class=\"wp-image-6764\" srcset=\"https:\/\/www.zssgorkabusko.pl\/wp-content\/uploads\/2023\/01\/IMG_20221203_130724.jpg 640w, https:\/\/www.zssgorkabusko.pl\/wp-content\/uploads\/2023\/01\/IMG_20221203_130724-300x225.jpg 300w\" sizes=\"auto, (max-width: 640px) 100vw, 640px\" \/><\/figure>\n<\/figure>\n\n\n\n<p>Na zbi\u00f3rce harcerskiej o tematyce zwi\u0105zanej ze \u015awi\u0119tami Bo\u017cego Narodzenia uczniowie&nbsp; wykonywali ozdoby oraz wydrukowali na drukarce 3D bombk\u0119 choinkow\u0105.<\/p>\n\n\n\n<figure class=\"wp-block-gallery has-nested-images columns-default is-cropped wp-block-gallery-2 is-layout-flex wp-block-gallery-is-layout-flex\">\n<figure class=\"wp-block-image size-large\"><img loading=\"lazy\" decoding=\"async\" width=\"640\" height=\"359\" data-id=\"6748\" src=\"http:\/\/www.zssgorkabusko.pl\/wp-content\/uploads\/2023\/01\/IMG_2950.jpg\" alt=\"\" class=\"wp-image-6748\" srcset=\"https:\/\/www.zssgorkabusko.pl\/wp-content\/uploads\/2023\/01\/IMG_2950.jpg 640w, https:\/\/www.zssgorkabusko.pl\/wp-content\/uploads\/2023\/01\/IMG_2950-300x168.jpg 300w\" sizes=\"auto, (max-width: 640px) 100vw, 640px\" \/><\/figure>\n\n\n\n<figure class=\"wp-block-image size-large\"><img loading=\"lazy\" decoding=\"async\" width=\"482\" height=\"480\" data-id=\"6749\" src=\"http:\/\/www.zssgorkabusko.pl\/wp-content\/uploads\/2023\/01\/IMG_2954.jpg\" alt=\"\" class=\"wp-image-6749\" srcset=\"https:\/\/www.zssgorkabusko.pl\/wp-content\/uploads\/2023\/01\/IMG_2954.jpg 482w, https:\/\/www.zssgorkabusko.pl\/wp-content\/uploads\/2023\/01\/IMG_2954-300x300.jpg 300w, https:\/\/www.zssgorkabusko.pl\/wp-content\/uploads\/2023\/01\/IMG_2954-150x150.jpg 150w\" sizes=\"auto, (max-width: 482px) 100vw, 482px\" \/><\/figure>\n<\/figure>\n\n\n\n<p>Na zaj\u0119ciach ko\u0142a informatycznego uczniowie projektowali w aplikacji Tinkercad \u015bnie\u017cynk\u0119 i gwiazdk\u0119. Nast\u0119pnie wydrukowali zaprojektowane modele  na stroik \u015bwi\u0105teczny.<\/p>\n\n\n\n<figure class=\"wp-block-gallery has-nested-images columns-default is-cropped wp-block-gallery-3 is-layout-flex wp-block-gallery-is-layout-flex\">\n<figure class=\"wp-block-image size-large\"><img loading=\"lazy\" decoding=\"async\" width=\"1024\" height=\"1014\" data-id=\"6758\" src=\"http:\/\/www.zssgorkabusko.pl\/wp-content\/uploads\/2023\/01\/cwiazdki-1024x1014.jpg\" alt=\"\" class=\"wp-image-6758\" srcset=\"https:\/\/www.zssgorkabusko.pl\/wp-content\/uploads\/2023\/01\/cwiazdki-1024x1014.jpg 1024w, https:\/\/www.zssgorkabusko.pl\/wp-content\/uploads\/2023\/01\/cwiazdki-300x297.jpg 300w, https:\/\/www.zssgorkabusko.pl\/wp-content\/uploads\/2023\/01\/cwiazdki-150x150.jpg 150w, https:\/\/www.zssgorkabusko.pl\/wp-content\/uploads\/2023\/01\/cwiazdki-768x761.jpg 768w, https:\/\/www.zssgorkabusko.pl\/wp-content\/uploads\/2023\/01\/cwiazdki.jpg 1134w\" sizes=\"auto, (max-width: 1024px) 100vw, 1024px\" \/><\/figure>\n\n\n\n<figure class=\"wp-block-image size-large\"><img loading=\"lazy\" decoding=\"async\" width=\"480\" height=\"640\" data-id=\"6757\" src=\"http:\/\/www.zssgorkabusko.pl\/wp-content\/uploads\/2023\/01\/323941843_501396618789766_2356285440463129436_n-1.jpg\" alt=\"\" class=\"wp-image-6757\" srcset=\"https:\/\/www.zssgorkabusko.pl\/wp-content\/uploads\/2023\/01\/323941843_501396618789766_2356285440463129436_n-1.jpg 480w, https:\/\/www.zssgorkabusko.pl\/wp-content\/uploads\/2023\/01\/323941843_501396618789766_2356285440463129436_n-1-225x300.jpg 225w\" sizes=\"auto, (max-width: 480px) 100vw, 480px\" \/><\/figure>\n<\/figure>\n\n\n\n<p>Du\u017c\u0105 aktywno\u015bci\u0105 uczniowie wykazuj\u0105 si\u0119 na zaj\u0119ciach z wykorzystaniem klock\u00f3w lego.<\/p>\n\n\n\n<figure class=\"wp-block-gallery has-nested-images columns-default is-cropped wp-block-gallery-4 is-layout-flex wp-block-gallery-is-layout-flex\">\n<figure class=\"wp-block-image size-large\"><img loading=\"lazy\" decoding=\"async\" width=\"640\" height=\"359\" data-id=\"6750\" src=\"http:\/\/www.zssgorkabusko.pl\/wp-content\/uploads\/2023\/01\/IMG_2968.jpg\" alt=\"\" class=\"wp-image-6750\" srcset=\"https:\/\/www.zssgorkabusko.pl\/wp-content\/uploads\/2023\/01\/IMG_2968.jpg 640w, https:\/\/www.zssgorkabusko.pl\/wp-content\/uploads\/2023\/01\/IMG_2968-300x168.jpg 300w\" sizes=\"auto, (max-width: 640px) 100vw, 640px\" \/><\/figure>\n\n\n\n<figure class=\"wp-block-image size-large\"><img loading=\"lazy\" decoding=\"async\" width=\"640\" height=\"359\" data-id=\"6751\" src=\"http:\/\/www.zssgorkabusko.pl\/wp-content\/uploads\/2023\/01\/IMG_2962.jpg\" alt=\"\" class=\"wp-image-6751\" srcset=\"https:\/\/www.zssgorkabusko.pl\/wp-content\/uploads\/2023\/01\/IMG_2962.jpg 640w, https:\/\/www.zssgorkabusko.pl\/wp-content\/uploads\/2023\/01\/IMG_2962-300x168.jpg 300w\" sizes=\"auto, (max-width: 640px) 100vw, 640px\" \/><\/figure>\n\n\n\n<figure class=\"wp-block-image size-full\"><img loading=\"lazy\" decoding=\"async\" width=\"606\" height=\"480\" data-id=\"6762\" src=\"http:\/\/www.zssgorkabusko.pl\/wp-content\/uploads\/2023\/01\/20221205_162136-1.jpg\" alt=\"\" class=\"wp-image-6762\" srcset=\"https:\/\/www.zssgorkabusko.pl\/wp-content\/uploads\/2023\/01\/20221205_162136-1.jpg 606w, https:\/\/www.zssgorkabusko.pl\/wp-content\/uploads\/2023\/01\/20221205_162136-1-300x238.jpg 300w\" sizes=\"auto, (max-width: 606px) 100vw, 606px\" \/><\/figure>\n\n\n\n<figure class=\"wp-block-image size-large\"><img loading=\"lazy\" decoding=\"async\" width=\"1024\" height=\"575\" data-id=\"6755\" src=\"http:\/\/www.zssgorkabusko.pl\/wp-content\/uploads\/2023\/01\/IMG_2964-1024x575.jpg\" alt=\"\" class=\"wp-image-6755\" srcset=\"https:\/\/www.zssgorkabusko.pl\/wp-content\/uploads\/2023\/01\/IMG_2964-1024x575.jpg 1024w, https:\/\/www.zssgorkabusko.pl\/wp-content\/uploads\/2023\/01\/IMG_2964-300x168.jpg 300w, https:\/\/www.zssgorkabusko.pl\/wp-content\/uploads\/2023\/01\/IMG_2964-768x431.jpg 768w, https:\/\/www.zssgorkabusko.pl\/wp-content\/uploads\/2023\/01\/IMG_2964-1536x862.jpg 1536w, https:\/\/www.zssgorkabusko.pl\/wp-content\/uploads\/2023\/01\/IMG_2964-2048x1150.jpg 2048w\" sizes=\"auto, (max-width: 1024px) 100vw, 1024px\" \/><\/figure>\n\n\n\n<figure class=\"wp-block-image size-large\"><img loading=\"lazy\" decoding=\"async\" width=\"607\" height=\"480\" data-id=\"6752\" src=\"http:\/\/www.zssgorkabusko.pl\/wp-content\/uploads\/2023\/01\/IMG_2966.jpg\" alt=\"\" class=\"wp-image-6752\" srcset=\"https:\/\/www.zssgorkabusko.pl\/wp-content\/uploads\/2023\/01\/IMG_2966.jpg 607w, https:\/\/www.zssgorkabusko.pl\/wp-content\/uploads\/2023\/01\/IMG_2966-300x237.jpg 300w\" sizes=\"auto, (max-width: 607px) 100vw, 607px\" \/><\/figure>\n\n\n\n<figure class=\"wp-block-image size-large\"><img loading=\"lazy\" decoding=\"async\" width=\"640\" height=\"359\" data-id=\"6753\" src=\"http:\/\/www.zssgorkabusko.pl\/wp-content\/uploads\/2023\/01\/IMG_2967.jpg\" alt=\"\" class=\"wp-image-6753\" srcset=\"https:\/\/www.zssgorkabusko.pl\/wp-content\/uploads\/2023\/01\/IMG_2967.jpg 640w, https:\/\/www.zssgorkabusko.pl\/wp-content\/uploads\/2023\/01\/IMG_2967-300x168.jpg 300w\" sizes=\"auto, (max-width: 640px) 100vw, 640px\" \/><\/figure>\n<\/figure>\n\n\n\n<p>Justyna Pasternak<\/p>\n","protected":false},"excerpt":{"rendered":"<p>W grudniu uczniowie i nauczyciele korzystali z aparatu fotograficznego Canon w ramach programu \u201eLaboratoria Przysz\u0142o\u015bci\u201d wykonuj\u0105c zdj\u0119cia z lekcji, imprez szkolnych,&nbsp; zaj\u0119\u0107 rozwijaj\u0105cych zainteresowania i zaj\u0119\u0107 wychowawczych: Barb\u00f3rka, Miko\u0142ajki, Wiecz\u00f3r wigilijny (zdj\u0119cia w zak\u0142adce Aktualno\u015bci). N lekcji j\u0119zyka polskiego w klasach VII-VIII uczniowie odwiedzili internetow\u0105 witryn\u0119: Polscy Malarze Wsp\u00f3\u0142cze\u015bni Galeria M\u0142odej Sztuki, &nbsp;wyszukuj\u0105c tam obraz\u00f3w, &#8230; <a title=\",,#Laboratoria Przysz\u0142o\u015bci&#8221; &#8211; grudzie\u0144\" class=\"read-more\" href=\"https:\/\/www.zssgorkabusko.pl\/index.php\/programy-realizowane-z-budzetu-panstwa\/laboratoria-przyszlosci\/laboratoria-przyszlosci-grudzien\/\" aria-label=\"Dowiedz si\u0119 wi\u0119cej o ,,#Laboratoria Przysz\u0142o\u015bci&#8221; &#8211; grudzie\u0144\">Dowiedz si\u0119 wi\u0119cej<\/a><\/p>\n","protected":false},"author":2,"featured_media":0,"parent":5942,"menu_order":-4,"comment_status":"closed","ping_status":"closed","template":"","meta":{"ngg_post_thumbnail":0,"footnotes":""},"class_list":["post-6747","page","type-page","status-publish"],"_links":{"self":[{"href":"https:\/\/www.zssgorkabusko.pl\/index.php\/wp-json\/wp\/v2\/pages\/6747","targetHints":{"allow":["GET"]}}],"collection":[{"href":"https:\/\/www.zssgorkabusko.pl\/index.php\/wp-json\/wp\/v2\/pages"}],"about":[{"href":"https:\/\/www.zssgorkabusko.pl\/index.php\/wp-json\/wp\/v2\/types\/page"}],"author":[{"embeddable":true,"href":"https:\/\/www.zssgorkabusko.pl\/index.php\/wp-json\/wp\/v2\/users\/2"}],"replies":[{"embeddable":true,"href":"https:\/\/www.zssgorkabusko.pl\/index.php\/wp-json\/wp\/v2\/comments?post=6747"}],"version-history":[{"count":6,"href":"https:\/\/www.zssgorkabusko.pl\/index.php\/wp-json\/wp\/v2\/pages\/6747\/revisions"}],"predecessor-version":[{"id":7581,"href":"https:\/\/www.zssgorkabusko.pl\/index.php\/wp-json\/wp\/v2\/pages\/6747\/revisions\/7581"}],"up":[{"embeddable":true,"href":"https:\/\/www.zssgorkabusko.pl\/index.php\/wp-json\/wp\/v2\/pages\/5942"}],"wp:attachment":[{"href":"https:\/\/www.zssgorkabusko.pl\/index.php\/wp-json\/wp\/v2\/media?parent=6747"}],"curies":[{"name":"wp","href":"https:\/\/api.w.org\/{rel}","templated":true}]}}