{"id":6939,"date":"2023-02-16T09:05:32","date_gmt":"2023-02-16T08:05:32","guid":{"rendered":"http:\/\/www.zssgorkabusko.pl\/?page_id=6939"},"modified":"2023-06-14T20:53:21","modified_gmt":"2023-06-14T18:53:21","slug":"laboratoria-przyszlosci-styczen","status":"publish","type":"page","link":"https:\/\/www.zssgorkabusko.pl\/index.php\/programy-realizowane-z-budzetu-panstwa\/laboratoria-przyszlosci\/laboratoria-przyszlosci-styczen\/","title":{"rendered":",,#Laboratoria Przysz\u0142o\u015bci&#8221; &#8211; stycze\u0144"},"content":{"rendered":"\n<p>W styczniu wykorzystywano aparat fotograficzny Canon do wykonywania zdj\u0119\u0107 z imprez szkolnych, lekcji (j\u0119zyka polskiego, religii, edukacji wczesnoszkolnej), zaj\u0119\u0107 w bibliotece oraz zaj\u0119\u0107 specjalnych grup wychowawczych:<\/p>\n\n\n\n<figure class=\"wp-block-gallery has-nested-images columns-default is-cropped wp-block-gallery-1 is-layout-flex wp-block-gallery-is-layout-flex\">\n<figure class=\"wp-block-image size-large\"><img loading=\"lazy\" decoding=\"async\" width=\"605\" height=\"480\" data-id=\"6944\" src=\"http:\/\/www.zssgorkabusko.pl\/wp-content\/uploads\/2023\/02\/IMG_20230201_190220-2.jpg\" alt=\"\" class=\"wp-image-6944\" srcset=\"https:\/\/www.zssgorkabusko.pl\/wp-content\/uploads\/2023\/02\/IMG_20230201_190220-2.jpg 605w, https:\/\/www.zssgorkabusko.pl\/wp-content\/uploads\/2023\/02\/IMG_20230201_190220-2-300x238.jpg 300w\" sizes=\"auto, (max-width: 605px) 100vw, 605px\" \/><\/figure>\n\n\n\n<figure class=\"wp-block-image size-large\"><img loading=\"lazy\" decoding=\"async\" width=\"640\" height=\"390\" data-id=\"6945\" src=\"http:\/\/www.zssgorkabusko.pl\/wp-content\/uploads\/2023\/02\/IMG-1712-1.jpg\" alt=\"\" class=\"wp-image-6945\" srcset=\"https:\/\/www.zssgorkabusko.pl\/wp-content\/uploads\/2023\/02\/IMG-1712-1.jpg 640w, https:\/\/www.zssgorkabusko.pl\/wp-content\/uploads\/2023\/02\/IMG-1712-1-300x183.jpg 300w\" sizes=\"auto, (max-width: 640px) 100vw, 640px\" \/><\/figure>\n<figcaption class=\"blocks-gallery-caption\"><strong><em>Karnawa\u0142<\/em><\/strong><\/figcaption><\/figure>\n\n\n\n<figure class=\"wp-block-gallery has-nested-images columns-default is-cropped wp-block-gallery-2 is-layout-flex wp-block-gallery-is-layout-flex\">\n<figure class=\"wp-block-image size-large\"><img loading=\"lazy\" decoding=\"async\" width=\"480\" height=\"497\" data-id=\"6943\" src=\"http:\/\/www.zssgorkabusko.pl\/wp-content\/uploads\/2023\/02\/gotyk.jpg\" alt=\"\" class=\"wp-image-6943\" srcset=\"https:\/\/www.zssgorkabusko.pl\/wp-content\/uploads\/2023\/02\/gotyk.jpg 480w, https:\/\/www.zssgorkabusko.pl\/wp-content\/uploads\/2023\/02\/gotyk-290x300.jpg 290w\" sizes=\"auto, (max-width: 480px) 100vw, 480px\" \/><\/figure>\n\n\n\n<figure class=\"wp-block-image size-large\"><img loading=\"lazy\" decoding=\"async\" width=\"640\" height=\"360\" data-id=\"6942\" src=\"http:\/\/www.zssgorkabusko.pl\/wp-content\/uploads\/2023\/02\/styl-romanski.jpg\" alt=\"\" class=\"wp-image-6942\" srcset=\"https:\/\/www.zssgorkabusko.pl\/wp-content\/uploads\/2023\/02\/styl-romanski.jpg 640w, https:\/\/www.zssgorkabusko.pl\/wp-content\/uploads\/2023\/02\/styl-romanski-300x169.jpg 300w\" sizes=\"auto, (max-width: 640px) 100vw, 640px\" \/><\/figure>\n<figcaption class=\"blocks-gallery-caption\"><strong><em>J\u0119zyk polski: Architektura \u015aredniowiecza- Styl roma\u0144ski i gotycki.<\/em><\/strong><\/figcaption><\/figure>\n\n\n\n<figure class=\"wp-block-gallery has-nested-images columns-default is-cropped wp-block-gallery-3 is-layout-flex wp-block-gallery-is-layout-flex\">\n<figure class=\"wp-block-image size-large\"><img loading=\"lazy\" decoding=\"async\" width=\"480\" height=\"640\" data-id=\"6946\" src=\"http:\/\/www.zssgorkabusko.pl\/wp-content\/uploads\/2023\/02\/325955063_766264567801553_3224249574625999316_n.jpg\" alt=\"\" class=\"wp-image-6946\" srcset=\"https:\/\/www.zssgorkabusko.pl\/wp-content\/uploads\/2023\/02\/325955063_766264567801553_3224249574625999316_n.jpg 480w, https:\/\/www.zssgorkabusko.pl\/wp-content\/uploads\/2023\/02\/325955063_766264567801553_3224249574625999316_n-225x300.jpg 225w\" sizes=\"auto, (max-width: 480px) 100vw, 480px\" \/><\/figure>\n\n\n\n<figure class=\"wp-block-image size-large\"><img loading=\"lazy\" decoding=\"async\" width=\"480\" height=\"640\" data-id=\"6947\" src=\"http:\/\/www.zssgorkabusko.pl\/wp-content\/uploads\/2023\/02\/325981703_1417147469102184_4657347024417308486_n-2.jpg\" alt=\"\" class=\"wp-image-6947\" srcset=\"https:\/\/www.zssgorkabusko.pl\/wp-content\/uploads\/2023\/02\/325981703_1417147469102184_4657347024417308486_n-2.jpg 480w, https:\/\/www.zssgorkabusko.pl\/wp-content\/uploads\/2023\/02\/325981703_1417147469102184_4657347024417308486_n-2-225x300.jpg 225w\" sizes=\"auto, (max-width: 480px) 100vw, 480px\" \/><\/figure>\n\n\n\n<figure class=\"wp-block-image size-large\"><img loading=\"lazy\" decoding=\"async\" width=\"480\" height=\"640\" data-id=\"6948\" src=\"http:\/\/www.zssgorkabusko.pl\/wp-content\/uploads\/2023\/02\/326253887_496326649365734_685056550177206409_n-1.jpg\" alt=\"\" class=\"wp-image-6948\" srcset=\"https:\/\/www.zssgorkabusko.pl\/wp-content\/uploads\/2023\/02\/326253887_496326649365734_685056550177206409_n-1.jpg 480w, https:\/\/www.zssgorkabusko.pl\/wp-content\/uploads\/2023\/02\/326253887_496326649365734_685056550177206409_n-1-225x300.jpg 225w\" sizes=\"auto, (max-width: 480px) 100vw, 480px\" \/><\/figure>\n<figcaption class=\"blocks-gallery-caption\"><strong><em>Religia: \u015awi\u0119to Trzech Kr\u00f3li w obiektywie<\/em><\/strong><\/figcaption><\/figure>\n\n\n\n<figure class=\"wp-block-gallery has-nested-images columns-default is-cropped wp-block-gallery-4 is-layout-flex wp-block-gallery-is-layout-flex\">\n<figure class=\"wp-block-image size-large\"><img loading=\"lazy\" decoding=\"async\" width=\"480\" height=\"480\" data-id=\"6954\" src=\"http:\/\/www.zssgorkabusko.pl\/wp-content\/uploads\/2023\/02\/IMG_20230122_153658-1.jpg\" alt=\"\" class=\"wp-image-6954\" srcset=\"https:\/\/www.zssgorkabusko.pl\/wp-content\/uploads\/2023\/02\/IMG_20230122_153658-1.jpg 480w, https:\/\/www.zssgorkabusko.pl\/wp-content\/uploads\/2023\/02\/IMG_20230122_153658-1-300x300.jpg 300w, https:\/\/www.zssgorkabusko.pl\/wp-content\/uploads\/2023\/02\/IMG_20230122_153658-1-150x150.jpg 150w\" sizes=\"auto, (max-width: 480px) 100vw, 480px\" \/><\/figure>\n\n\n\n<figure class=\"wp-block-image size-large\"><img loading=\"lazy\" decoding=\"async\" width=\"480\" height=\"480\" data-id=\"6955\" src=\"http:\/\/www.zssgorkabusko.pl\/wp-content\/uploads\/2023\/02\/IMG_20230122_154750-2.jpg\" alt=\"\" class=\"wp-image-6955\" srcset=\"https:\/\/www.zssgorkabusko.pl\/wp-content\/uploads\/2023\/02\/IMG_20230122_154750-2.jpg 480w, https:\/\/www.zssgorkabusko.pl\/wp-content\/uploads\/2023\/02\/IMG_20230122_154750-2-300x300.jpg 300w, https:\/\/www.zssgorkabusko.pl\/wp-content\/uploads\/2023\/02\/IMG_20230122_154750-2-150x150.jpg 150w\" sizes=\"auto, (max-width: 480px) 100vw, 480px\" \/><\/figure>\n\n\n\n<figure class=\"wp-block-image size-large\"><img loading=\"lazy\" decoding=\"async\" width=\"480\" height=\"480\" data-id=\"6956\" src=\"http:\/\/www.zssgorkabusko.pl\/wp-content\/uploads\/2023\/02\/IMG_20230122_182759-1.jpg\" alt=\"\" class=\"wp-image-6956\" srcset=\"https:\/\/www.zssgorkabusko.pl\/wp-content\/uploads\/2023\/02\/IMG_20230122_182759-1.jpg 480w, https:\/\/www.zssgorkabusko.pl\/wp-content\/uploads\/2023\/02\/IMG_20230122_182759-1-300x300.jpg 300w, https:\/\/www.zssgorkabusko.pl\/wp-content\/uploads\/2023\/02\/IMG_20230122_182759-1-150x150.jpg 150w\" sizes=\"auto, (max-width: 480px) 100vw, 480px\" \/><\/figure>\n<figcaption class=\"blocks-gallery-caption\"><strong><em>Mini kabaret z okazji Dnia Babci i Dziadka<\/em><\/strong><\/figcaption><\/figure>\n\n\n\n<figure class=\"wp-block-gallery has-nested-images columns-default is-cropped wp-block-gallery-5 is-layout-flex wp-block-gallery-is-layout-flex\">\n<figure class=\"wp-block-image size-large\"><img loading=\"lazy\" decoding=\"async\" width=\"640\" height=\"359\" data-id=\"6957\" src=\"http:\/\/www.zssgorkabusko.pl\/wp-content\/uploads\/2023\/02\/IMG_2999.jpg\" alt=\"\" class=\"wp-image-6957\" srcset=\"https:\/\/www.zssgorkabusko.pl\/wp-content\/uploads\/2023\/02\/IMG_2999.jpg 640w, https:\/\/www.zssgorkabusko.pl\/wp-content\/uploads\/2023\/02\/IMG_2999-300x168.jpg 300w\" sizes=\"auto, (max-width: 640px) 100vw, 640px\" \/><\/figure>\n\n\n\n<figure class=\"wp-block-image size-large\"><img loading=\"lazy\" decoding=\"async\" width=\"640\" height=\"359\" data-id=\"6958\" src=\"http:\/\/www.zssgorkabusko.pl\/wp-content\/uploads\/2023\/02\/IMG_3008.jpg\" alt=\"\" class=\"wp-image-6958\" srcset=\"https:\/\/www.zssgorkabusko.pl\/wp-content\/uploads\/2023\/02\/IMG_3008.jpg 640w, https:\/\/www.zssgorkabusko.pl\/wp-content\/uploads\/2023\/02\/IMG_3008-300x168.jpg 300w\" sizes=\"auto, (max-width: 640px) 100vw, 640px\" \/><\/figure>\n\n\n\n<figure class=\"wp-block-image size-large\"><img loading=\"lazy\" decoding=\"async\" width=\"800\" height=\"449\" data-id=\"6959\" src=\"http:\/\/www.zssgorkabusko.pl\/wp-content\/uploads\/2023\/02\/IMG_3009.jpg\" alt=\"\" class=\"wp-image-6959\" srcset=\"https:\/\/www.zssgorkabusko.pl\/wp-content\/uploads\/2023\/02\/IMG_3009.jpg 800w, https:\/\/www.zssgorkabusko.pl\/wp-content\/uploads\/2023\/02\/IMG_3009-300x168.jpg 300w, https:\/\/www.zssgorkabusko.pl\/wp-content\/uploads\/2023\/02\/IMG_3009-768x431.jpg 768w\" sizes=\"auto, (max-width: 800px) 100vw, 800px\" \/><\/figure>\n<figcaption class=\"blocks-gallery-caption\"><strong><em>Edukacja wczesnoszkolna: Od czego zale\u017cy zdrowie?<\/em><\/strong><\/figcaption><\/figure>\n\n\n\n<figure class=\"wp-block-gallery has-nested-images columns-default is-cropped wp-block-gallery-6 is-layout-flex wp-block-gallery-is-layout-flex\">\n<figure class=\"wp-block-image size-large\"><img loading=\"lazy\" decoding=\"async\" width=\"638\" height=\"480\" data-id=\"6960\" src=\"http:\/\/www.zssgorkabusko.pl\/wp-content\/uploads\/2023\/02\/IMG-1586.jpg\" alt=\"\" class=\"wp-image-6960\" srcset=\"https:\/\/www.zssgorkabusko.pl\/wp-content\/uploads\/2023\/02\/IMG-1586.jpg 638w, https:\/\/www.zssgorkabusko.pl\/wp-content\/uploads\/2023\/02\/IMG-1586-300x226.jpg 300w\" sizes=\"auto, (max-width: 638px) 100vw, 638px\" \/><\/figure>\n\n\n\n<figure class=\"wp-block-image size-large\"><img loading=\"lazy\" decoding=\"async\" width=\"480\" height=\"552\" data-id=\"6962\" src=\"http:\/\/www.zssgorkabusko.pl\/wp-content\/uploads\/2023\/02\/IMG-1596.jpg\" alt=\"\" class=\"wp-image-6962\" srcset=\"https:\/\/www.zssgorkabusko.pl\/wp-content\/uploads\/2023\/02\/IMG-1596.jpg 480w, https:\/\/www.zssgorkabusko.pl\/wp-content\/uploads\/2023\/02\/IMG-1596-261x300.jpg 261w\" sizes=\"auto, (max-width: 480px) 100vw, 480px\" \/><\/figure>\n\n\n\n<figure class=\"wp-block-image size-large\"><img loading=\"lazy\" decoding=\"async\" width=\"480\" height=\"492\" data-id=\"6961\" src=\"http:\/\/www.zssgorkabusko.pl\/wp-content\/uploads\/2023\/02\/IMG-1573.jpg\" alt=\"\" class=\"wp-image-6961\" srcset=\"https:\/\/www.zssgorkabusko.pl\/wp-content\/uploads\/2023\/02\/IMG-1573.jpg 480w, https:\/\/www.zssgorkabusko.pl\/wp-content\/uploads\/2023\/02\/IMG-1573-293x300.jpg 293w\" sizes=\"auto, (max-width: 480px) 100vw, 480px\" \/><\/figure>\n<figcaption class=\"blocks-gallery-caption\"><strong><em>Dzie\u0144 Kubusia Puchatka<\/em><\/strong><\/figcaption><\/figure>\n\n\n\n<figure class=\"wp-block-gallery has-nested-images columns-default is-cropped wp-block-gallery-7 is-layout-flex wp-block-gallery-is-layout-flex\">\n<figure class=\"wp-block-image size-large\"><img loading=\"lazy\" decoding=\"async\" width=\"480\" height=\"616\" data-id=\"6964\" src=\"http:\/\/www.zssgorkabusko.pl\/wp-content\/uploads\/2023\/02\/IMG_3055.jpg\" alt=\"\" class=\"wp-image-6964\" srcset=\"https:\/\/www.zssgorkabusko.pl\/wp-content\/uploads\/2023\/02\/IMG_3055.jpg 480w, https:\/\/www.zssgorkabusko.pl\/wp-content\/uploads\/2023\/02\/IMG_3055-234x300.jpg 234w\" sizes=\"auto, (max-width: 480px) 100vw, 480px\" \/><\/figure>\n\n\n\n<figure class=\"wp-block-image size-large\"><img loading=\"lazy\" decoding=\"async\" width=\"472\" height=\"640\" data-id=\"6965\" src=\"http:\/\/www.zssgorkabusko.pl\/wp-content\/uploads\/2023\/02\/IMG_3056.jpg\" alt=\"\" class=\"wp-image-6965\" srcset=\"https:\/\/www.zssgorkabusko.pl\/wp-content\/uploads\/2023\/02\/IMG_3056.jpg 472w, https:\/\/www.zssgorkabusko.pl\/wp-content\/uploads\/2023\/02\/IMG_3056-221x300.jpg 221w\" sizes=\"auto, (max-width: 472px) 100vw, 472px\" \/><\/figure>\n<figcaption class=\"blocks-gallery-caption\"><strong><em>Zaj\u0119cia w bibliotece: Zimowe pejza\u017ce.<\/em><\/strong><\/figcaption><\/figure>\n\n\n\n<p>Zapoznano uczni\u00f3w z wykorzystaniem drukarki 3D w rozwoju kompetencji przysz\u0142o\u015bci w ramach doradztwa zawodowego na zaj\u0119ciach z wychowawc\u0105 i zaj\u0119ciach ko\u0142a informatycznego:<\/p>\n\n\n\n<figure class=\"wp-block-gallery has-nested-images columns-default is-cropped wp-block-gallery-8 is-layout-flex wp-block-gallery-is-layout-flex\">\n<figure class=\"wp-block-image size-large\"><img loading=\"lazy\" decoding=\"async\" width=\"640\" height=\"480\" data-id=\"6970\" src=\"http:\/\/www.zssgorkabusko.pl\/wp-content\/uploads\/2023\/02\/20230118_172405-1.jpg\" alt=\"\" class=\"wp-image-6970\" srcset=\"https:\/\/www.zssgorkabusko.pl\/wp-content\/uploads\/2023\/02\/20230118_172405-1.jpg 640w, https:\/\/www.zssgorkabusko.pl\/wp-content\/uploads\/2023\/02\/20230118_172405-1-300x225.jpg 300w\" sizes=\"auto, (max-width: 640px) 100vw, 640px\" \/><figcaption><strong><em>Zaj\u0119cia z wychowawc\u0105<\/em><\/strong><\/figcaption><\/figure>\n\n\n\n<figure class=\"wp-block-image size-large\"><img loading=\"lazy\" decoding=\"async\" width=\"640\" height=\"359\" data-id=\"6971\" src=\"http:\/\/www.zssgorkabusko.pl\/wp-content\/uploads\/2023\/02\/IMG_3035.jpg\" alt=\"\" class=\"wp-image-6971\" srcset=\"https:\/\/www.zssgorkabusko.pl\/wp-content\/uploads\/2023\/02\/IMG_3035.jpg 640w, https:\/\/www.zssgorkabusko.pl\/wp-content\/uploads\/2023\/02\/IMG_3035-300x168.jpg 300w\" sizes=\"auto, (max-width: 640px) 100vw, 640px\" \/><figcaption><strong><em>Ko\u0142o informatyczne<\/em><\/strong><\/figcaption><\/figure>\n<\/figure>\n\n\n\n<p>Du\u017cym zainteresowaniem ciesz\u0105 si\u0119 zaj\u0119cia z wykorzystaniem zestaw\u00f3w klock\u00f3w lego:<\/p>\n\n\n\n<figure class=\"wp-block-gallery has-nested-images columns-default is-cropped wp-block-gallery-9 is-layout-flex wp-block-gallery-is-layout-flex\">\n<figure class=\"wp-block-image size-large\"><img loading=\"lazy\" decoding=\"async\" width=\"640\" height=\"310\" data-id=\"6966\" src=\"http:\/\/www.zssgorkabusko.pl\/wp-content\/uploads\/2023\/02\/1675143730317-1.jpg\" alt=\"\" class=\"wp-image-6966\" srcset=\"https:\/\/www.zssgorkabusko.pl\/wp-content\/uploads\/2023\/02\/1675143730317-1.jpg 640w, https:\/\/www.zssgorkabusko.pl\/wp-content\/uploads\/2023\/02\/1675143730317-1-300x145.jpg 300w\" sizes=\"auto, (max-width: 640px) 100vw, 640px\" \/><\/figure>\n\n\n\n<figure class=\"wp-block-image size-large\"><img loading=\"lazy\" decoding=\"async\" width=\"640\" height=\"318\" data-id=\"6968\" src=\"http:\/\/www.zssgorkabusko.pl\/wp-content\/uploads\/2023\/02\/1675143730325-1.jpg\" alt=\"\" class=\"wp-image-6968\" srcset=\"https:\/\/www.zssgorkabusko.pl\/wp-content\/uploads\/2023\/02\/1675143730325-1.jpg 640w, https:\/\/www.zssgorkabusko.pl\/wp-content\/uploads\/2023\/02\/1675143730325-1-300x149.jpg 300w\" sizes=\"auto, (max-width: 640px) 100vw, 640px\" \/><\/figure>\n\n\n\n<figure class=\"wp-block-image size-large\"><img loading=\"lazy\" decoding=\"async\" width=\"480\" height=\"638\" data-id=\"6967\" src=\"http:\/\/www.zssgorkabusko.pl\/wp-content\/uploads\/2023\/02\/1675143730346-1.jpg\" alt=\"\" class=\"wp-image-6967\" srcset=\"https:\/\/www.zssgorkabusko.pl\/wp-content\/uploads\/2023\/02\/1675143730346-1.jpg 480w, https:\/\/www.zssgorkabusko.pl\/wp-content\/uploads\/2023\/02\/1675143730346-1-226x300.jpg 226w\" sizes=\"auto, (max-width: 480px) 100vw, 480px\" \/><\/figure>\n<figcaption class=\"blocks-gallery-caption\"><strong><em>Mi\u0119dzynarodowy Dzie\u0144 Klock\u00f3w Lego<\/em><\/strong><\/figcaption><\/figure>\n\n\n\n<figure class=\"wp-block-gallery has-nested-images columns-default is-cropped wp-block-gallery-10 is-layout-flex wp-block-gallery-is-layout-flex\">\n<figure class=\"wp-block-image size-large\"><img loading=\"lazy\" decoding=\"async\" width=\"599\" height=\"480\" data-id=\"6975\" src=\"http:\/\/www.zssgorkabusko.pl\/wp-content\/uploads\/2023\/02\/IMG-1583.jpg\" alt=\"\" class=\"wp-image-6975\" srcset=\"https:\/\/www.zssgorkabusko.pl\/wp-content\/uploads\/2023\/02\/IMG-1583.jpg 599w, https:\/\/www.zssgorkabusko.pl\/wp-content\/uploads\/2023\/02\/IMG-1583-300x240.jpg 300w\" sizes=\"auto, (max-width: 599px) 100vw, 599px\" \/><\/figure>\n\n\n\n<figure class=\"wp-block-image size-large\"><img loading=\"lazy\" decoding=\"async\" width=\"640\" height=\"480\" data-id=\"6976\" src=\"http:\/\/www.zssgorkabusko.pl\/wp-content\/uploads\/2023\/02\/IMG-1587.jpg\" alt=\"\" class=\"wp-image-6976\" srcset=\"https:\/\/www.zssgorkabusko.pl\/wp-content\/uploads\/2023\/02\/IMG-1587.jpg 640w, https:\/\/www.zssgorkabusko.pl\/wp-content\/uploads\/2023\/02\/IMG-1587-300x225.jpg 300w\" sizes=\"auto, (max-width: 640px) 100vw, 640px\" \/><\/figure>\n<figcaption class=\"blocks-gallery-caption\"><strong><em>Dzie\u0144 Kubusia Puchatka<\/em><\/strong><\/figcaption><\/figure>\n\n\n\n<figure class=\"wp-block-gallery has-nested-images columns-2 is-cropped wp-block-gallery-11 is-layout-flex wp-block-gallery-is-layout-flex\">\n<figure class=\"wp-block-image size-large\"><img loading=\"lazy\" decoding=\"async\" width=\"640\" height=\"359\" data-id=\"7010\" src=\"http:\/\/www.zssgorkabusko.pl\/wp-content\/uploads\/2023\/02\/IMG_3038.jpg\" alt=\"\" class=\"wp-image-7010\" srcset=\"https:\/\/www.zssgorkabusko.pl\/wp-content\/uploads\/2023\/02\/IMG_3038.jpg 640w, https:\/\/www.zssgorkabusko.pl\/wp-content\/uploads\/2023\/02\/IMG_3038-300x168.jpg 300w\" sizes=\"auto, (max-width: 640px) 100vw, 640px\" \/><\/figure>\n\n\n\n<figure class=\"wp-block-image size-large\"><img loading=\"lazy\" decoding=\"async\" width=\"640\" height=\"359\" data-id=\"7007\" src=\"http:\/\/www.zssgorkabusko.pl\/wp-content\/uploads\/2023\/02\/IMG_3039-1.jpg\" alt=\"\" class=\"wp-image-7007\" srcset=\"https:\/\/www.zssgorkabusko.pl\/wp-content\/uploads\/2023\/02\/IMG_3039-1.jpg 640w, https:\/\/www.zssgorkabusko.pl\/wp-content\/uploads\/2023\/02\/IMG_3039-1-300x168.jpg 300w\" sizes=\"auto, (max-width: 640px) 100vw, 640px\" \/><\/figure>\n\n\n\n<figure class=\"wp-block-image size-large\"><img loading=\"lazy\" decoding=\"async\" width=\"640\" height=\"466\" data-id=\"7009\" src=\"http:\/\/www.zssgorkabusko.pl\/wp-content\/uploads\/2023\/02\/IMG_3041.jpg\" alt=\"\" class=\"wp-image-7009\" srcset=\"https:\/\/www.zssgorkabusko.pl\/wp-content\/uploads\/2023\/02\/IMG_3041.jpg 640w, https:\/\/www.zssgorkabusko.pl\/wp-content\/uploads\/2023\/02\/IMG_3041-300x218.jpg 300w\" sizes=\"auto, (max-width: 640px) 100vw, 640px\" \/><\/figure>\n\n\n\n<figure class=\"wp-block-image size-large\"><img loading=\"lazy\" decoding=\"async\" width=\"640\" height=\"359\" data-id=\"7008\" src=\"http:\/\/www.zssgorkabusko.pl\/wp-content\/uploads\/2023\/02\/IMG_3043.jpg\" alt=\"\" class=\"wp-image-7008\" srcset=\"https:\/\/www.zssgorkabusko.pl\/wp-content\/uploads\/2023\/02\/IMG_3043.jpg 640w, https:\/\/www.zssgorkabusko.pl\/wp-content\/uploads\/2023\/02\/IMG_3043-300x168.jpg 300w\" sizes=\"auto, (max-width: 640px) 100vw, 640px\" \/><\/figure>\n\n\n\n<figure class=\"wp-block-image size-large\"><img loading=\"lazy\" decoding=\"async\" width=\"640\" height=\"359\" data-id=\"7006\" src=\"http:\/\/www.zssgorkabusko.pl\/wp-content\/uploads\/2023\/02\/IMG_3036.jpg\" alt=\"\" class=\"wp-image-7006\" srcset=\"https:\/\/www.zssgorkabusko.pl\/wp-content\/uploads\/2023\/02\/IMG_3036.jpg 640w, https:\/\/www.zssgorkabusko.pl\/wp-content\/uploads\/2023\/02\/IMG_3036-300x168.jpg 300w\" sizes=\"auto, (max-width: 640px) 100vw, 640px\" \/><\/figure>\n<figcaption class=\"blocks-gallery-caption\"><strong><em>Matematyka: Prostopad\u0142o\u015bciany i sze\u015bciany.<\/em><\/strong><\/figcaption><\/figure>\n\n\n\n<p>Justyna Pasternak<\/p>\n","protected":false},"excerpt":{"rendered":"<p>W styczniu wykorzystywano aparat fotograficzny Canon do wykonywania zdj\u0119\u0107 z imprez szkolnych, lekcji (j\u0119zyka polskiego, religii, edukacji wczesnoszkolnej), zaj\u0119\u0107 w bibliotece oraz zaj\u0119\u0107 specjalnych grup wychowawczych: Zapoznano uczni\u00f3w z wykorzystaniem drukarki 3D w rozwoju kompetencji przysz\u0142o\u015bci w ramach doradztwa zawodowego na zaj\u0119ciach z wychowawc\u0105 i zaj\u0119ciach ko\u0142a informatycznego: Du\u017cym zainteresowaniem ciesz\u0105 si\u0119 zaj\u0119cia z wykorzystaniem &#8230; <a title=\",,#Laboratoria Przysz\u0142o\u015bci&#8221; &#8211; stycze\u0144\" class=\"read-more\" href=\"https:\/\/www.zssgorkabusko.pl\/index.php\/programy-realizowane-z-budzetu-panstwa\/laboratoria-przyszlosci\/laboratoria-przyszlosci-styczen\/\" aria-label=\"Dowiedz si\u0119 wi\u0119cej o ,,#Laboratoria Przysz\u0142o\u015bci&#8221; &#8211; stycze\u0144\">Dowiedz si\u0119 wi\u0119cej<\/a><\/p>\n","protected":false},"author":2,"featured_media":0,"parent":5942,"menu_order":-5,"comment_status":"closed","ping_status":"closed","template":"","meta":{"ngg_post_thumbnail":0,"footnotes":""},"class_list":["post-6939","page","type-page","status-publish"],"_links":{"self":[{"href":"https:\/\/www.zssgorkabusko.pl\/index.php\/wp-json\/wp\/v2\/pages\/6939","targetHints":{"allow":["GET"]}}],"collection":[{"href":"https:\/\/www.zssgorkabusko.pl\/index.php\/wp-json\/wp\/v2\/pages"}],"about":[{"href":"https:\/\/www.zssgorkabusko.pl\/index.php\/wp-json\/wp\/v2\/types\/page"}],"author":[{"embeddable":true,"href":"https:\/\/www.zssgorkabusko.pl\/index.php\/wp-json\/wp\/v2\/users\/2"}],"replies":[{"embeddable":true,"href":"https:\/\/www.zssgorkabusko.pl\/index.php\/wp-json\/wp\/v2\/comments?post=6939"}],"version-history":[{"count":6,"href":"https:\/\/www.zssgorkabusko.pl\/index.php\/wp-json\/wp\/v2\/pages\/6939\/revisions"}],"predecessor-version":[{"id":7011,"href":"https:\/\/www.zssgorkabusko.pl\/index.php\/wp-json\/wp\/v2\/pages\/6939\/revisions\/7011"}],"up":[{"embeddable":true,"href":"https:\/\/www.zssgorkabusko.pl\/index.php\/wp-json\/wp\/v2\/pages\/5942"}],"wp:attachment":[{"href":"https:\/\/www.zssgorkabusko.pl\/index.php\/wp-json\/wp\/v2\/media?parent=6939"}],"curies":[{"name":"wp","href":"https:\/\/api.w.org\/{rel}","templated":true}]}}