{"id":7119,"date":"2023-03-06T10:06:24","date_gmt":"2023-03-06T09:06:24","guid":{"rendered":"http:\/\/www.zssgorkabusko.pl\/?page_id=7119"},"modified":"2023-06-14T20:52:53","modified_gmt":"2023-06-14T18:52:53","slug":"laboratoria-przyszlosci-luty","status":"publish","type":"page","link":"https:\/\/www.zssgorkabusko.pl\/index.php\/programy-realizowane-z-budzetu-panstwa\/laboratoria-przyszlosci\/laboratoria-przyszlosci-luty\/","title":{"rendered":",,#Laboratoria Przysz\u0142o\u015bci&#8221; &#8211; luty"},"content":{"rendered":"\n<p>W miesi\u0105cu lutym w ramach programu ,,Laboratoria Przysz\u0142o\u015bci&#8221; wykorzystywano aparat fotograficzny do wykonywania zdj\u0119\u0107 upami\u0119tniaj\u0105cych ferie zimowe, kt\u00f3re znajduj\u0105 si\u0119 <br>w zak\u0142adce Aktualno\u015bci na naszej stronie internetowej oraz zaj\u0119\u0107 zwi\u0105zanych z Walentynkami:<\/p>\n\n\n\n<figure class=\"wp-block-gallery has-nested-images columns-default is-cropped wp-block-gallery-1 is-layout-flex wp-block-gallery-is-layout-flex\">\n<figure class=\"wp-block-image size-large\"><img loading=\"lazy\" decoding=\"async\" width=\"360\" height=\"640\" data-id=\"7121\" src=\"http:\/\/www.zssgorkabusko.pl\/wp-content\/uploads\/2023\/03\/20230208_184912.jpg\" alt=\"\" class=\"wp-image-7121\" srcset=\"https:\/\/www.zssgorkabusko.pl\/wp-content\/uploads\/2023\/03\/20230208_184912.jpg 360w, https:\/\/www.zssgorkabusko.pl\/wp-content\/uploads\/2023\/03\/20230208_184912-169x300.jpg 169w\" sizes=\"auto, (max-width: 360px) 100vw, 360px\" \/><figcaption>Eko moda<\/figcaption><\/figure>\n\n\n\n<figure class=\"wp-block-image size-large\"><img loading=\"lazy\" decoding=\"async\" width=\"360\" height=\"640\" data-id=\"7120\" src=\"http:\/\/www.zssgorkabusko.pl\/wp-content\/uploads\/2023\/03\/20230208_190728.jpg\" alt=\"\" class=\"wp-image-7120\" srcset=\"https:\/\/www.zssgorkabusko.pl\/wp-content\/uploads\/2023\/03\/20230208_190728.jpg 360w, https:\/\/www.zssgorkabusko.pl\/wp-content\/uploads\/2023\/03\/20230208_190728-169x300.jpg 169w\" sizes=\"auto, (max-width: 360px) 100vw, 360px\" \/><figcaption>Eko moda<\/figcaption><\/figure>\n<figcaption class=\"blocks-gallery-caption\"><em><strong>Ferie zimowe &#8211; Konkursy<\/strong><\/em><\/figcaption><\/figure>\n\n\n\n<figure class=\"wp-block-gallery has-nested-images columns-2 is-cropped wp-block-gallery-2 is-layout-flex wp-block-gallery-is-layout-flex\">\n<figure class=\"wp-block-image size-large\"><img loading=\"lazy\" decoding=\"async\" width=\"480\" height=\"461\" data-id=\"7123\" src=\"http:\/\/www.zssgorkabusko.pl\/wp-content\/uploads\/2023\/03\/1677522870953.jpg\" alt=\"\" class=\"wp-image-7123\" srcset=\"https:\/\/www.zssgorkabusko.pl\/wp-content\/uploads\/2023\/03\/1677522870953.jpg 480w, https:\/\/www.zssgorkabusko.pl\/wp-content\/uploads\/2023\/03\/1677522870953-300x288.jpg 300w\" sizes=\"auto, (max-width: 480px) 100vw, 480px\" \/><figcaption>J\u0119zyk polski<\/figcaption><\/figure>\n\n\n\n<figure class=\"wp-block-image size-large\"><img loading=\"lazy\" decoding=\"async\" width=\"480\" height=\"640\" data-id=\"7124\" src=\"http:\/\/www.zssgorkabusko.pl\/wp-content\/uploads\/2023\/03\/1677522870960.jpg\" alt=\"\" class=\"wp-image-7124\" srcset=\"https:\/\/www.zssgorkabusko.pl\/wp-content\/uploads\/2023\/03\/1677522870960.jpg 480w, https:\/\/www.zssgorkabusko.pl\/wp-content\/uploads\/2023\/03\/1677522870960-225x300.jpg 225w\" sizes=\"auto, (max-width: 480px) 100vw, 480px\" \/><figcaption>J\u0119zyk polski<\/figcaption><\/figure>\n\n\n\n<figure class=\"wp-block-image size-large\"><img loading=\"lazy\" decoding=\"async\" width=\"480\" height=\"640\" data-id=\"7125\" src=\"http:\/\/www.zssgorkabusko.pl\/wp-content\/uploads\/2023\/03\/1677522870965.jpg\" alt=\"\" class=\"wp-image-7125\" srcset=\"https:\/\/www.zssgorkabusko.pl\/wp-content\/uploads\/2023\/03\/1677522870965.jpg 480w, https:\/\/www.zssgorkabusko.pl\/wp-content\/uploads\/2023\/03\/1677522870965-225x300.jpg 225w\" sizes=\"auto, (max-width: 480px) 100vw, 480px\" \/><figcaption>J\u0119zyk polski<\/figcaption><\/figure>\n\n\n\n<figure class=\"wp-block-image size-large\"><img loading=\"lazy\" decoding=\"async\" width=\"480\" height=\"480\" data-id=\"7127\" src=\"http:\/\/www.zssgorkabusko.pl\/wp-content\/uploads\/2023\/03\/IMG_20230214_184211.jpg\" alt=\"\" class=\"wp-image-7127\" srcset=\"https:\/\/www.zssgorkabusko.pl\/wp-content\/uploads\/2023\/03\/IMG_20230214_184211.jpg 480w, https:\/\/www.zssgorkabusko.pl\/wp-content\/uploads\/2023\/03\/IMG_20230214_184211-300x300.jpg 300w, https:\/\/www.zssgorkabusko.pl\/wp-content\/uploads\/2023\/03\/IMG_20230214_184211-150x150.jpg 150w\" sizes=\"auto, (max-width: 480px) 100vw, 480px\" \/><figcaption>Specjalne grupy wychowawcze<\/figcaption><\/figure>\n\n\n\n<figure class=\"wp-block-image size-large\"><img loading=\"lazy\" decoding=\"async\" width=\"640\" height=\"480\" data-id=\"7126\" src=\"http:\/\/www.zssgorkabusko.pl\/wp-content\/uploads\/2023\/03\/IMG_3060.jpg\" alt=\"\" class=\"wp-image-7126\" srcset=\"https:\/\/www.zssgorkabusko.pl\/wp-content\/uploads\/2023\/03\/IMG_3060.jpg 640w, https:\/\/www.zssgorkabusko.pl\/wp-content\/uploads\/2023\/03\/IMG_3060-300x225.jpg 300w\" sizes=\"auto, (max-width: 640px) 100vw, 640px\" \/><figcaption>J\u0119zyk angielski<\/figcaption><\/figure>\n<figcaption class=\"blocks-gallery-caption\"><em><strong>Walentynki<\/strong><\/em><\/figcaption><\/figure>\n\n\n\n<p>Z zestaw\u00f3w klock\u00f3w lego budowano serca walentynkowe, budynki, pojazdy , przedmioty: <\/p>\n\n\n\n<figure class=\"wp-block-gallery has-nested-images columns-2 is-cropped wp-block-gallery-3 is-layout-flex wp-block-gallery-is-layout-flex\">\n<figure class=\"wp-block-image size-large\"><img loading=\"lazy\" decoding=\"async\" width=\"640\" height=\"427\" data-id=\"7129\" src=\"http:\/\/www.zssgorkabusko.pl\/wp-content\/uploads\/2023\/03\/IMG_3118.jpg\" alt=\"\" class=\"wp-image-7129\" srcset=\"https:\/\/www.zssgorkabusko.pl\/wp-content\/uploads\/2023\/03\/IMG_3118.jpg 640w, https:\/\/www.zssgorkabusko.pl\/wp-content\/uploads\/2023\/03\/IMG_3118-300x200.jpg 300w\" sizes=\"auto, (max-width: 640px) 100vw, 640px\" \/><\/figure>\n\n\n\n<figure class=\"wp-block-image size-large\"><img loading=\"lazy\" decoding=\"async\" width=\"640\" height=\"427\" data-id=\"7130\" src=\"http:\/\/www.zssgorkabusko.pl\/wp-content\/uploads\/2023\/03\/IMG_3119.jpg\" alt=\"\" class=\"wp-image-7130\" srcset=\"https:\/\/www.zssgorkabusko.pl\/wp-content\/uploads\/2023\/03\/IMG_3119.jpg 640w, https:\/\/www.zssgorkabusko.pl\/wp-content\/uploads\/2023\/03\/IMG_3119-300x200.jpg 300w\" sizes=\"auto, (max-width: 640px) 100vw, 640px\" \/><\/figure>\n\n\n\n<figure class=\"wp-block-image size-large\"><img loading=\"lazy\" decoding=\"async\" width=\"640\" height=\"427\" data-id=\"7131\" src=\"http:\/\/www.zssgorkabusko.pl\/wp-content\/uploads\/2023\/03\/IMG_3121.jpg\" alt=\"\" class=\"wp-image-7131\" srcset=\"https:\/\/www.zssgorkabusko.pl\/wp-content\/uploads\/2023\/03\/IMG_3121.jpg 640w, https:\/\/www.zssgorkabusko.pl\/wp-content\/uploads\/2023\/03\/IMG_3121-300x200.jpg 300w\" sizes=\"auto, (max-width: 640px) 100vw, 640px\" \/><\/figure>\n\n\n\n<figure class=\"wp-block-image size-large\"><img loading=\"lazy\" decoding=\"async\" width=\"640\" height=\"427\" data-id=\"7132\" src=\"http:\/\/www.zssgorkabusko.pl\/wp-content\/uploads\/2023\/03\/IMG_3123.jpg\" alt=\"\" class=\"wp-image-7132\" srcset=\"https:\/\/www.zssgorkabusko.pl\/wp-content\/uploads\/2023\/03\/IMG_3123.jpg 640w, https:\/\/www.zssgorkabusko.pl\/wp-content\/uploads\/2023\/03\/IMG_3123-300x200.jpg 300w\" sizes=\"auto, (max-width: 640px) 100vw, 640px\" \/><\/figure>\n<figcaption class=\"blocks-gallery-caption\"><strong><em>Zaj\u0119cia z wychowawc\u0105 &#8211; Moje zainteresowania<\/em><\/strong><\/figcaption><\/figure>\n\n\n\n<p>Na zaj\u0119ciach rozwijaj\u0105cych zainteresowania uczniowie zapoznawali si\u0119 z drukowaniem prostych modeli 3D:<\/p>\n\n\n\n<figure class=\"wp-block-gallery has-nested-images columns-default is-cropped wp-block-gallery-4 is-layout-flex wp-block-gallery-is-layout-flex\">\n<figure class=\"wp-block-image size-large\"><img loading=\"lazy\" decoding=\"async\" width=\"640\" height=\"480\" data-id=\"7133\" src=\"http:\/\/www.zssgorkabusko.pl\/wp-content\/uploads\/2023\/03\/20230217_122630.jpg\" alt=\"\" class=\"wp-image-7133\" srcset=\"https:\/\/www.zssgorkabusko.pl\/wp-content\/uploads\/2023\/03\/20230217_122630.jpg 640w, https:\/\/www.zssgorkabusko.pl\/wp-content\/uploads\/2023\/03\/20230217_122630-300x225.jpg 300w\" sizes=\"auto, (max-width: 640px) 100vw, 640px\" \/><figcaption>Zbi\u00f3rka harcerska<\/figcaption><\/figure>\n\n\n\n<figure class=\"wp-block-image size-large\"><img loading=\"lazy\" decoding=\"async\" width=\"1024\" height=\"768\" data-id=\"7134\" src=\"http:\/\/www.zssgorkabusko.pl\/wp-content\/uploads\/2023\/03\/332682516_1061219241947637_1304850908140433564_n-3-1024x768.jpg\" alt=\"\" class=\"wp-image-7134\" srcset=\"https:\/\/www.zssgorkabusko.pl\/wp-content\/uploads\/2023\/03\/332682516_1061219241947637_1304850908140433564_n-3-1024x768.jpg 1024w, https:\/\/www.zssgorkabusko.pl\/wp-content\/uploads\/2023\/03\/332682516_1061219241947637_1304850908140433564_n-3-300x225.jpg 300w, https:\/\/www.zssgorkabusko.pl\/wp-content\/uploads\/2023\/03\/332682516_1061219241947637_1304850908140433564_n-3-768x576.jpg 768w, https:\/\/www.zssgorkabusko.pl\/wp-content\/uploads\/2023\/03\/332682516_1061219241947637_1304850908140433564_n-3-1536x1152.jpg 1536w, https:\/\/www.zssgorkabusko.pl\/wp-content\/uploads\/2023\/03\/332682516_1061219241947637_1304850908140433564_n-3.jpg 1984w\" sizes=\"auto, (max-width: 1024px) 100vw, 1024px\" \/><figcaption>Ko\u0142o informatyczne<\/figcaption><\/figure>\n\n\n\n<figure class=\"wp-block-image size-large\"><img loading=\"lazy\" decoding=\"async\" width=\"640\" height=\"480\" data-id=\"7135\" src=\"http:\/\/www.zssgorkabusko.pl\/wp-content\/uploads\/2023\/03\/IMG_3070.jpg\" alt=\"\" class=\"wp-image-7135\" srcset=\"https:\/\/www.zssgorkabusko.pl\/wp-content\/uploads\/2023\/03\/IMG_3070.jpg 640w, https:\/\/www.zssgorkabusko.pl\/wp-content\/uploads\/2023\/03\/IMG_3070-300x225.jpg 300w\" sizes=\"auto, (max-width: 640px) 100vw, 640px\" \/><figcaption>Ko\u0142o informatyczne<\/figcaption><\/figure>\n<\/figure>\n\n\n\n<p>Justyna Pasternak<\/p>\n","protected":false},"excerpt":{"rendered":"<p>W miesi\u0105cu lutym w ramach programu ,,Laboratoria Przysz\u0142o\u015bci&#8221; wykorzystywano aparat fotograficzny do wykonywania zdj\u0119\u0107 upami\u0119tniaj\u0105cych ferie zimowe, kt\u00f3re znajduj\u0105 si\u0119 w zak\u0142adce Aktualno\u015bci na naszej stronie internetowej oraz zaj\u0119\u0107 zwi\u0105zanych z Walentynkami: Z zestaw\u00f3w klock\u00f3w lego budowano serca walentynkowe, budynki, pojazdy , przedmioty: Na zaj\u0119ciach rozwijaj\u0105cych zainteresowania uczniowie zapoznawali si\u0119 z drukowaniem prostych modeli 3D: &#8230; <a title=\",,#Laboratoria Przysz\u0142o\u015bci&#8221; &#8211; luty\" class=\"read-more\" href=\"https:\/\/www.zssgorkabusko.pl\/index.php\/programy-realizowane-z-budzetu-panstwa\/laboratoria-przyszlosci\/laboratoria-przyszlosci-luty\/\" aria-label=\"Dowiedz si\u0119 wi\u0119cej o ,,#Laboratoria Przysz\u0142o\u015bci&#8221; &#8211; luty\">Dowiedz si\u0119 wi\u0119cej<\/a><\/p>\n","protected":false},"author":2,"featured_media":0,"parent":5942,"menu_order":-6,"comment_status":"closed","ping_status":"closed","template":"","meta":{"ngg_post_thumbnail":0,"footnotes":""},"class_list":["post-7119","page","type-page","status-publish"],"_links":{"self":[{"href":"https:\/\/www.zssgorkabusko.pl\/index.php\/wp-json\/wp\/v2\/pages\/7119","targetHints":{"allow":["GET"]}}],"collection":[{"href":"https:\/\/www.zssgorkabusko.pl\/index.php\/wp-json\/wp\/v2\/pages"}],"about":[{"href":"https:\/\/www.zssgorkabusko.pl\/index.php\/wp-json\/wp\/v2\/types\/page"}],"author":[{"embeddable":true,"href":"https:\/\/www.zssgorkabusko.pl\/index.php\/wp-json\/wp\/v2\/users\/2"}],"replies":[{"embeddable":true,"href":"https:\/\/www.zssgorkabusko.pl\/index.php\/wp-json\/wp\/v2\/comments?post=7119"}],"version-history":[{"count":5,"href":"https:\/\/www.zssgorkabusko.pl\/index.php\/wp-json\/wp\/v2\/pages\/7119\/revisions"}],"predecessor-version":[{"id":7138,"href":"https:\/\/www.zssgorkabusko.pl\/index.php\/wp-json\/wp\/v2\/pages\/7119\/revisions\/7138"}],"up":[{"embeddable":true,"href":"https:\/\/www.zssgorkabusko.pl\/index.php\/wp-json\/wp\/v2\/pages\/5942"}],"wp:attachment":[{"href":"https:\/\/www.zssgorkabusko.pl\/index.php\/wp-json\/wp\/v2\/media?parent=7119"}],"curies":[{"name":"wp","href":"https:\/\/api.w.org\/{rel}","templated":true}]}}