{"id":7220,"date":"2023-04-04T08:59:32","date_gmt":"2023-04-04T06:59:32","guid":{"rendered":"http:\/\/www.zssgorkabusko.pl\/?page_id=7220"},"modified":"2023-06-14T20:52:14","modified_gmt":"2023-06-14T18:52:14","slug":"laboratoria-przyszlosci-marzec","status":"publish","type":"page","link":"https:\/\/www.zssgorkabusko.pl\/index.php\/programy-realizowane-z-budzetu-panstwa\/laboratoria-przyszlosci\/laboratoria-przyszlosci-marzec\/","title":{"rendered":",,#Laboratoria Przysz\u0142o\u015bci&#8221; &#8211; marzec"},"content":{"rendered":"\n<p>W marcu wykorzystywano aparat fotograficzny i klocki lego na  zaj\u0119ciach specjalnych grup wychowawczych, lekcjach i zaj\u0119ciach rozwijaj\u0105cych zainteresowania:<\/p>\n\n\n\n<figure class=\"wp-block-gallery has-nested-images columns-default is-cropped wp-block-gallery-1 is-layout-flex wp-block-gallery-is-layout-flex\">\n<figure class=\"wp-block-image size-large\"><img loading=\"lazy\" decoding=\"async\" width=\"640\" height=\"427\" data-id=\"7221\" src=\"http:\/\/www.zssgorkabusko.pl\/wp-content\/uploads\/2023\/04\/IMG_3156.jpg\" alt=\"\" class=\"wp-image-7221\" srcset=\"https:\/\/www.zssgorkabusko.pl\/wp-content\/uploads\/2023\/04\/IMG_3156.jpg 640w, https:\/\/www.zssgorkabusko.pl\/wp-content\/uploads\/2023\/04\/IMG_3156-300x200.jpg 300w\" sizes=\"auto, (max-width: 640px) 100vw, 640px\" \/><\/figure>\n\n\n\n<figure class=\"wp-block-image size-large\"><img loading=\"lazy\" decoding=\"async\" width=\"640\" height=\"427\" data-id=\"7223\" src=\"http:\/\/www.zssgorkabusko.pl\/wp-content\/uploads\/2023\/04\/IMG_3157.jpg\" alt=\"\" class=\"wp-image-7223\" srcset=\"https:\/\/www.zssgorkabusko.pl\/wp-content\/uploads\/2023\/04\/IMG_3157.jpg 640w, https:\/\/www.zssgorkabusko.pl\/wp-content\/uploads\/2023\/04\/IMG_3157-300x200.jpg 300w\" sizes=\"auto, (max-width: 640px) 100vw, 640px\" \/><\/figure>\n\n\n\n<figure class=\"wp-block-image size-large\"><img loading=\"lazy\" decoding=\"async\" width=\"640\" height=\"427\" data-id=\"7222\" src=\"http:\/\/www.zssgorkabusko.pl\/wp-content\/uploads\/2023\/04\/IMG_3158.jpg\" alt=\"\" class=\"wp-image-7222\" srcset=\"https:\/\/www.zssgorkabusko.pl\/wp-content\/uploads\/2023\/04\/IMG_3158.jpg 640w, https:\/\/www.zssgorkabusko.pl\/wp-content\/uploads\/2023\/04\/IMG_3158-300x200.jpg 300w\" sizes=\"auto, (max-width: 640px) 100vw, 640px\" \/><\/figure>\n<figcaption class=\"blocks-gallery-caption\"><strong><em>J\u0119zyk polski- Co to jest norma j\u0119zykowa i na czym polegaj\u0105 najcz\u0119stsze b\u0142\u0119dy j\u0119zykowe Polak\u00f3w &#8211;  XXXI Tydzie\u0144 Kultury J\u0119zyka.<\/em><\/strong><\/figcaption><\/figure>\n\n\n\n<figure class=\"wp-block-gallery has-nested-images columns-2 is-cropped wp-block-gallery-2 is-layout-flex wp-block-gallery-is-layout-flex\">\n<figure class=\"wp-block-image size-large\"><img loading=\"lazy\" decoding=\"async\" width=\"427\" height=\"640\" data-id=\"7225\" src=\"http:\/\/www.zssgorkabusko.pl\/wp-content\/uploads\/2023\/04\/IMG_3161-1.jpg\" alt=\"\" class=\"wp-image-7225\" srcset=\"https:\/\/www.zssgorkabusko.pl\/wp-content\/uploads\/2023\/04\/IMG_3161-1.jpg 427w, https:\/\/www.zssgorkabusko.pl\/wp-content\/uploads\/2023\/04\/IMG_3161-1-200x300.jpg 200w\" sizes=\"auto, (max-width: 427px) 100vw, 427px\" \/><\/figure>\n\n\n\n<figure class=\"wp-block-image size-large\"><img loading=\"lazy\" decoding=\"async\" width=\"640\" height=\"427\" data-id=\"7226\" src=\"http:\/\/www.zssgorkabusko.pl\/wp-content\/uploads\/2023\/04\/IMG_3163.jpg\" alt=\"\" class=\"wp-image-7226\" srcset=\"https:\/\/www.zssgorkabusko.pl\/wp-content\/uploads\/2023\/04\/IMG_3163.jpg 640w, https:\/\/www.zssgorkabusko.pl\/wp-content\/uploads\/2023\/04\/IMG_3163-300x200.jpg 300w\" sizes=\"auto, (max-width: 640px) 100vw, 640px\" \/><\/figure>\n\n\n\n<figure class=\"wp-block-image size-large\"><img loading=\"lazy\" decoding=\"async\" width=\"640\" height=\"427\" data-id=\"7227\" src=\"http:\/\/www.zssgorkabusko.pl\/wp-content\/uploads\/2023\/04\/IMG_3166.jpg\" alt=\"\" class=\"wp-image-7227\" srcset=\"https:\/\/www.zssgorkabusko.pl\/wp-content\/uploads\/2023\/04\/IMG_3166.jpg 640w, https:\/\/www.zssgorkabusko.pl\/wp-content\/uploads\/2023\/04\/IMG_3166-300x200.jpg 300w\" sizes=\"auto, (max-width: 640px) 100vw, 640px\" \/><\/figure>\n\n\n\n<figure class=\"wp-block-image size-large\"><img loading=\"lazy\" decoding=\"async\" width=\"640\" height=\"427\" data-id=\"7228\" src=\"http:\/\/www.zssgorkabusko.pl\/wp-content\/uploads\/2023\/04\/IMG_3167.jpg\" alt=\"\" class=\"wp-image-7228\" srcset=\"https:\/\/www.zssgorkabusko.pl\/wp-content\/uploads\/2023\/04\/IMG_3167.jpg 640w, https:\/\/www.zssgorkabusko.pl\/wp-content\/uploads\/2023\/04\/IMG_3167-300x200.jpg 300w\" sizes=\"auto, (max-width: 640px) 100vw, 640px\" \/><\/figure>\n<figcaption class=\"blocks-gallery-caption\"><strong><em>Chemia &#8211; Prezentacja modeli cz\u0105stek w\u0119glowodan\u00f3w<\/em><\/strong>.<\/figcaption><\/figure>\n\n\n\n<figure class=\"wp-block-gallery has-nested-images columns-default is-cropped wp-block-gallery-3 is-layout-flex wp-block-gallery-is-layout-flex\">\n<figure class=\"wp-block-image size-large\"><img loading=\"lazy\" decoding=\"async\" width=\"640\" height=\"427\" data-id=\"7230\" src=\"http:\/\/www.zssgorkabusko.pl\/wp-content\/uploads\/2023\/04\/IMG_3133.jpg\" alt=\"\" class=\"wp-image-7230\" srcset=\"https:\/\/www.zssgorkabusko.pl\/wp-content\/uploads\/2023\/04\/IMG_3133.jpg 640w, https:\/\/www.zssgorkabusko.pl\/wp-content\/uploads\/2023\/04\/IMG_3133-300x200.jpg 300w\" sizes=\"auto, (max-width: 640px) 100vw, 640px\" \/><\/figure>\n\n\n\n<figure class=\"wp-block-image size-large\"><img loading=\"lazy\" decoding=\"async\" width=\"640\" height=\"454\" data-id=\"7231\" src=\"http:\/\/www.zssgorkabusko.pl\/wp-content\/uploads\/2023\/04\/IMG_3141.jpg\" alt=\"\" class=\"wp-image-7231\" srcset=\"https:\/\/www.zssgorkabusko.pl\/wp-content\/uploads\/2023\/04\/IMG_3141.jpg 640w, https:\/\/www.zssgorkabusko.pl\/wp-content\/uploads\/2023\/04\/IMG_3141-300x213.jpg 300w\" sizes=\"auto, (max-width: 640px) 100vw, 640px\" \/><\/figure>\n\n\n\n<figure class=\"wp-block-image size-large\"><img loading=\"lazy\" decoding=\"async\" width=\"640\" height=\"451\" data-id=\"7232\" src=\"http:\/\/www.zssgorkabusko.pl\/wp-content\/uploads\/2023\/04\/IMG_3143.jpg\" alt=\"\" class=\"wp-image-7232\" srcset=\"https:\/\/www.zssgorkabusko.pl\/wp-content\/uploads\/2023\/04\/IMG_3143.jpg 640w, https:\/\/www.zssgorkabusko.pl\/wp-content\/uploads\/2023\/04\/IMG_3143-300x211.jpg 300w\" sizes=\"auto, (max-width: 640px) 100vw, 640px\" \/><\/figure>\n<figcaption class=\"blocks-gallery-caption\"><strong><em>Edukacja wczesnoszkolna &#8211; Pierwsze oznaki wiosny<\/em><\/strong>.<\/figcaption><\/figure>\n\n\n\n<figure class=\"wp-block-gallery has-nested-images columns-default is-cropped wp-block-gallery-4 is-layout-flex wp-block-gallery-is-layout-flex\">\n<figure class=\"wp-block-image size-large\"><img loading=\"lazy\" decoding=\"async\" width=\"480\" height=\"640\" data-id=\"7234\" src=\"http:\/\/www.zssgorkabusko.pl\/wp-content\/uploads\/2023\/04\/337354076_765594508185806_1122183922462570868_n.jpg\" alt=\"\" class=\"wp-image-7234\" srcset=\"https:\/\/www.zssgorkabusko.pl\/wp-content\/uploads\/2023\/04\/337354076_765594508185806_1122183922462570868_n.jpg 480w, https:\/\/www.zssgorkabusko.pl\/wp-content\/uploads\/2023\/04\/337354076_765594508185806_1122183922462570868_n-225x300.jpg 225w\" sizes=\"auto, (max-width: 480px) 100vw, 480px\" \/><\/figure>\n\n\n\n<figure class=\"wp-block-image size-large\"><img loading=\"lazy\" decoding=\"async\" width=\"640\" height=\"427\" data-id=\"7235\" src=\"http:\/\/www.zssgorkabusko.pl\/wp-content\/uploads\/2023\/04\/IMG_3146.jpg\" alt=\"\" class=\"wp-image-7235\" srcset=\"https:\/\/www.zssgorkabusko.pl\/wp-content\/uploads\/2023\/04\/IMG_3146.jpg 640w, https:\/\/www.zssgorkabusko.pl\/wp-content\/uploads\/2023\/04\/IMG_3146-300x200.jpg 300w\" sizes=\"auto, (max-width: 640px) 100vw, 640px\" \/><\/figure>\n\n\n\n<figure class=\"wp-block-image size-large\"><img loading=\"lazy\" decoding=\"async\" width=\"640\" height=\"427\" data-id=\"7236\" src=\"http:\/\/www.zssgorkabusko.pl\/wp-content\/uploads\/2023\/04\/IMG_3150.jpg\" alt=\"\" class=\"wp-image-7236\" srcset=\"https:\/\/www.zssgorkabusko.pl\/wp-content\/uploads\/2023\/04\/IMG_3150.jpg 640w, https:\/\/www.zssgorkabusko.pl\/wp-content\/uploads\/2023\/04\/IMG_3150-300x200.jpg 300w\" sizes=\"auto, (max-width: 640px) 100vw, 640px\" \/><\/figure>\n<figcaption class=\"blocks-gallery-caption\"><strong><em>J\u0119zyk angielski- Dzie\u0144 \u015awi\u0119tego Patryka<\/em><\/strong><\/figcaption><\/figure>\n\n\n\n<figure class=\"wp-block-gallery has-nested-images columns-default is-cropped wp-block-gallery-5 is-layout-flex wp-block-gallery-is-layout-flex\">\n<figure class=\"wp-block-image size-large\"><img loading=\"lazy\" decoding=\"async\" width=\"480\" height=\"638\" data-id=\"7237\" src=\"http:\/\/www.zssgorkabusko.pl\/wp-content\/uploads\/2023\/04\/337977990_620162532792606_7421407849854410734_n.jpg\" alt=\"\" class=\"wp-image-7237\" srcset=\"https:\/\/www.zssgorkabusko.pl\/wp-content\/uploads\/2023\/04\/337977990_620162532792606_7421407849854410734_n.jpg 480w, https:\/\/www.zssgorkabusko.pl\/wp-content\/uploads\/2023\/04\/337977990_620162532792606_7421407849854410734_n-226x300.jpg 226w\" sizes=\"auto, (max-width: 480px) 100vw, 480px\" \/><\/figure>\n\n\n\n<figure class=\"wp-block-image size-large\"><img loading=\"lazy\" decoding=\"async\" width=\"638\" height=\"480\" data-id=\"7238\" src=\"http:\/\/www.zssgorkabusko.pl\/wp-content\/uploads\/2023\/04\/338044410_560168246247972_1953221037858481431_n.jpg\" alt=\"\" class=\"wp-image-7238\" srcset=\"https:\/\/www.zssgorkabusko.pl\/wp-content\/uploads\/2023\/04\/338044410_560168246247972_1953221037858481431_n.jpg 638w, https:\/\/www.zssgorkabusko.pl\/wp-content\/uploads\/2023\/04\/338044410_560168246247972_1953221037858481431_n-300x226.jpg 300w\" sizes=\"auto, (max-width: 638px) 100vw, 638px\" \/><\/figure>\n<figcaption class=\"blocks-gallery-caption\"><strong><em>Specjalne grupy wychowawcze &#8211; Dzie\u0144 Pandy<\/em><\/strong><\/figcaption><\/figure>\n\n\n\n<p><\/p>\n\n\n\n<figure class=\"wp-block-gallery has-nested-images columns-default is-cropped wp-block-gallery-6 is-layout-flex wp-block-gallery-is-layout-flex\">\n<figure class=\"wp-block-image size-large\"><img loading=\"lazy\" decoding=\"async\" width=\"640\" height=\"360\" data-id=\"7239\" src=\"http:\/\/www.zssgorkabusko.pl\/wp-content\/uploads\/2023\/04\/20230324_190152.jpg\" alt=\"\" class=\"wp-image-7239\" srcset=\"https:\/\/www.zssgorkabusko.pl\/wp-content\/uploads\/2023\/04\/20230324_190152.jpg 640w, https:\/\/www.zssgorkabusko.pl\/wp-content\/uploads\/2023\/04\/20230324_190152-300x169.jpg 300w\" sizes=\"auto, (max-width: 640px) 100vw, 640px\" \/><\/figure>\n\n\n\n<figure class=\"wp-block-image size-large\"><img loading=\"lazy\" decoding=\"async\" width=\"640\" height=\"360\" data-id=\"7240\" src=\"http:\/\/www.zssgorkabusko.pl\/wp-content\/uploads\/2023\/04\/20230324_190612.jpg\" alt=\"\" class=\"wp-image-7240\" srcset=\"https:\/\/www.zssgorkabusko.pl\/wp-content\/uploads\/2023\/04\/20230324_190612.jpg 640w, https:\/\/www.zssgorkabusko.pl\/wp-content\/uploads\/2023\/04\/20230324_190612-300x169.jpg 300w\" sizes=\"auto, (max-width: 640px) 100vw, 640px\" \/><\/figure>\n<figcaption class=\"blocks-gallery-caption\"><strong><em>Specjalne grupy wychowawcze &#8211; Dzie\u0144 Recyklingu<\/em><\/strong><\/figcaption><\/figure>\n\n\n<div class=\"wp-block-image\">\n<figure class=\"aligncenter size-full\"><img loading=\"lazy\" decoding=\"async\" width=\"638\" height=\"480\" src=\"http:\/\/www.zssgorkabusko.pl\/wp-content\/uploads\/2023\/04\/337114789_3045785502391556_1271761855782335990_n.jpg\" alt=\"\" class=\"wp-image-7242\" srcset=\"https:\/\/www.zssgorkabusko.pl\/wp-content\/uploads\/2023\/04\/337114789_3045785502391556_1271761855782335990_n.jpg 638w, https:\/\/www.zssgorkabusko.pl\/wp-content\/uploads\/2023\/04\/337114789_3045785502391556_1271761855782335990_n-300x226.jpg 300w\" sizes=\"auto, (max-width: 638px) 100vw, 638px\" \/><figcaption><strong><em>Specjalne grupy wychowawcze &#8211; \u015awiatowy Dzie\u0144 Wody<\/em><\/strong><\/figcaption><\/figure><\/div>\n\n\n<figure class=\"wp-block-gallery has-nested-images columns-2 is-cropped wp-block-gallery-7 is-layout-flex wp-block-gallery-is-layout-flex\">\n<figure class=\"wp-block-image size-large\"><img loading=\"lazy\" decoding=\"async\" width=\"640\" height=\"427\" data-id=\"7245\" src=\"http:\/\/www.zssgorkabusko.pl\/wp-content\/uploads\/2023\/04\/IMG_3127.jpg\" alt=\"\" class=\"wp-image-7245\" srcset=\"https:\/\/www.zssgorkabusko.pl\/wp-content\/uploads\/2023\/04\/IMG_3127.jpg 640w, https:\/\/www.zssgorkabusko.pl\/wp-content\/uploads\/2023\/04\/IMG_3127-300x200.jpg 300w\" sizes=\"auto, (max-width: 640px) 100vw, 640px\" \/><\/figure>\n\n\n\n<figure class=\"wp-block-image size-large\"><img loading=\"lazy\" decoding=\"async\" width=\"640\" height=\"427\" data-id=\"7243\" src=\"http:\/\/www.zssgorkabusko.pl\/wp-content\/uploads\/2023\/04\/IMG_3129.jpg\" alt=\"\" class=\"wp-image-7243\" srcset=\"https:\/\/www.zssgorkabusko.pl\/wp-content\/uploads\/2023\/04\/IMG_3129.jpg 640w, https:\/\/www.zssgorkabusko.pl\/wp-content\/uploads\/2023\/04\/IMG_3129-300x200.jpg 300w\" sizes=\"auto, (max-width: 640px) 100vw, 640px\" \/><\/figure>\n\n\n\n<figure class=\"wp-block-image size-large\"><img loading=\"lazy\" decoding=\"async\" width=\"640\" height=\"427\" data-id=\"7246\" src=\"http:\/\/www.zssgorkabusko.pl\/wp-content\/uploads\/2023\/04\/IMG_3153.jpg\" alt=\"\" class=\"wp-image-7246\" srcset=\"https:\/\/www.zssgorkabusko.pl\/wp-content\/uploads\/2023\/04\/IMG_3153.jpg 640w, https:\/\/www.zssgorkabusko.pl\/wp-content\/uploads\/2023\/04\/IMG_3153-300x200.jpg 300w\" sizes=\"auto, (max-width: 640px) 100vw, 640px\" \/><\/figure>\n\n\n\n<figure class=\"wp-block-image size-large\"><img loading=\"lazy\" decoding=\"async\" width=\"640\" height=\"427\" data-id=\"7244\" src=\"http:\/\/www.zssgorkabusko.pl\/wp-content\/uploads\/2023\/04\/IMG_3154.jpg\" alt=\"\" class=\"wp-image-7244\" srcset=\"https:\/\/www.zssgorkabusko.pl\/wp-content\/uploads\/2023\/04\/IMG_3154.jpg 640w, https:\/\/www.zssgorkabusko.pl\/wp-content\/uploads\/2023\/04\/IMG_3154-300x200.jpg 300w\" sizes=\"auto, (max-width: 640px) 100vw, 640px\" \/><\/figure>\n<figcaption class=\"blocks-gallery-caption\"><strong><em>Ko\u0142o informatyczne &#8211; Przygotowanie modelu 3D do druku.<\/em><\/strong><\/figcaption><\/figure>\n\n\n<div class=\"wp-block-image\">\n<figure class=\"aligncenter size-full\"><img loading=\"lazy\" decoding=\"async\" width=\"480\" height=\"640\" src=\"http:\/\/www.zssgorkabusko.pl\/wp-content\/uploads\/2023\/04\/337462622_2225058201013031_2893893479469982633_n.jpg\" alt=\"\" class=\"wp-image-7248\" srcset=\"https:\/\/www.zssgorkabusko.pl\/wp-content\/uploads\/2023\/04\/337462622_2225058201013031_2893893479469982633_n.jpg 480w, https:\/\/www.zssgorkabusko.pl\/wp-content\/uploads\/2023\/04\/337462622_2225058201013031_2893893479469982633_n-225x300.jpg 225w\" sizes=\"auto, (max-width: 480px) 100vw, 480px\" \/><figcaption><strong><em>Zaj\u0119cia w bibliotece &#8211; Zak\u0142adka do ksi\u0105\u017cki<\/em><\/strong>.<\/figcaption><\/figure><\/div>\n\n\n<p>Justyna Pasternak<\/p>\n","protected":false},"excerpt":{"rendered":"<p>W marcu wykorzystywano aparat fotograficzny i klocki lego na zaj\u0119ciach specjalnych grup wychowawczych, lekcjach i zaj\u0119ciach rozwijaj\u0105cych zainteresowania: Justyna Pasternak<\/p>\n","protected":false},"author":2,"featured_media":0,"parent":5942,"menu_order":-7,"comment_status":"closed","ping_status":"closed","template":"","meta":{"ngg_post_thumbnail":0,"footnotes":""},"class_list":["post-7220","page","type-page","status-publish"],"_links":{"self":[{"href":"https:\/\/www.zssgorkabusko.pl\/index.php\/wp-json\/wp\/v2\/pages\/7220","targetHints":{"allow":["GET"]}}],"collection":[{"href":"https:\/\/www.zssgorkabusko.pl\/index.php\/wp-json\/wp\/v2\/pages"}],"about":[{"href":"https:\/\/www.zssgorkabusko.pl\/index.php\/wp-json\/wp\/v2\/types\/page"}],"author":[{"embeddable":true,"href":"https:\/\/www.zssgorkabusko.pl\/index.php\/wp-json\/wp\/v2\/users\/2"}],"replies":[{"embeddable":true,"href":"https:\/\/www.zssgorkabusko.pl\/index.php\/wp-json\/wp\/v2\/comments?post=7220"}],"version-history":[{"count":5,"href":"https:\/\/www.zssgorkabusko.pl\/index.php\/wp-json\/wp\/v2\/pages\/7220\/revisions"}],"predecessor-version":[{"id":7250,"href":"https:\/\/www.zssgorkabusko.pl\/index.php\/wp-json\/wp\/v2\/pages\/7220\/revisions\/7250"}],"up":[{"embeddable":true,"href":"https:\/\/www.zssgorkabusko.pl\/index.php\/wp-json\/wp\/v2\/pages\/5942"}],"wp:attachment":[{"href":"https:\/\/www.zssgorkabusko.pl\/index.php\/wp-json\/wp\/v2\/media?parent=7220"}],"curies":[{"name":"wp","href":"https:\/\/api.w.org\/{rel}","templated":true}]}}