{"id":7365,"date":"2023-05-11T08:14:38","date_gmt":"2023-05-11T06:14:38","guid":{"rendered":"http:\/\/www.zssgorkabusko.pl\/?page_id=7365"},"modified":"2023-06-14T20:51:34","modified_gmt":"2023-06-14T18:51:34","slug":"laboratoria-przyszlosci-kwiecien","status":"publish","type":"page","link":"https:\/\/www.zssgorkabusko.pl\/index.php\/programy-realizowane-z-budzetu-panstwa\/laboratoria-przyszlosci\/laboratoria-przyszlosci-kwiecien\/","title":{"rendered":",,#Laboratoria Przysz\u0142o\u015bci&#8221;- kwiecie\u0144"},"content":{"rendered":"\n<p>W kwietniu wykorzystywano aparat fotograficzny Canon do wykonywania zdj\u0119\u0107 z akcji #Sprz\u0105tamy dla Polski, spotkania z wiolonczelistk\u0105, zaj\u0119\u0107 specjalnych grup wychowawczych, zaj\u0119\u0107 rozwijaj\u0105cych zainteresowania oraz lekcji. W czasie tych zaj\u0119\u0107 uczniowie budowali kompozycje <br>z klock\u00f3w lego, rozwijaj\u0105c swoj\u0105 wyobra\u017ani\u0119 i umiej\u0119tno\u015b\u0107 pracy zespo\u0142owej. <br>Na drukarce 3D wydrukowano dekoracje wielkanocne.<\/p>\n\n\n<div class=\"wp-block-image\">\n<figure class=\"aligncenter size-full\"><img loading=\"lazy\" decoding=\"async\" width=\"360\" height=\"640\" src=\"http:\/\/www.zssgorkabusko.pl\/wp-content\/uploads\/2023\/05\/20230331_195521.jpg\" alt=\"\" class=\"wp-image-7366\" srcset=\"https:\/\/www.zssgorkabusko.pl\/wp-content\/uploads\/2023\/05\/20230331_195521.jpg 360w, https:\/\/www.zssgorkabusko.pl\/wp-content\/uploads\/2023\/05\/20230331_195521-169x300.jpg 169w\" sizes=\"auto, (max-width: 360px) 100vw, 360px\" \/><figcaption><strong><em>Specjalne grupy wychowawcze &#8211; <\/em><\/strong><em><strong>\u015awi\u0105teczne zwyczaje<\/strong><\/em>.<\/figcaption><\/figure><\/div>\n\n\n<figure class=\"wp-block-gallery has-nested-images columns-2 is-cropped wp-block-gallery-1 is-layout-flex wp-block-gallery-is-layout-flex\">\n<figure class=\"wp-block-image size-large\"><img loading=\"lazy\" decoding=\"async\" width=\"480\" height=\"640\" data-id=\"7375\" src=\"http:\/\/www.zssgorkabusko.pl\/wp-content\/uploads\/2023\/05\/IMG_20230419_190407.jpg\" alt=\"\" class=\"wp-image-7375\" srcset=\"https:\/\/www.zssgorkabusko.pl\/wp-content\/uploads\/2023\/05\/IMG_20230419_190407.jpg 480w, https:\/\/www.zssgorkabusko.pl\/wp-content\/uploads\/2023\/05\/IMG_20230419_190407-225x300.jpg 225w\" sizes=\"auto, (max-width: 480px) 100vw, 480px\" \/><\/figure>\n\n\n\n<figure class=\"wp-block-image size-large\"><img loading=\"lazy\" decoding=\"async\" width=\"640\" height=\"480\" data-id=\"7376\" src=\"http:\/\/www.zssgorkabusko.pl\/wp-content\/uploads\/2023\/05\/IMG_20230404_190153.jpg\" alt=\"\" class=\"wp-image-7376\" srcset=\"https:\/\/www.zssgorkabusko.pl\/wp-content\/uploads\/2023\/05\/IMG_20230404_190153.jpg 640w, https:\/\/www.zssgorkabusko.pl\/wp-content\/uploads\/2023\/05\/IMG_20230404_190153-300x225.jpg 300w\" sizes=\"auto, (max-width: 640px) 100vw, 640px\" \/><\/figure>\n\n\n\n<figure class=\"wp-block-image size-large\"><img loading=\"lazy\" decoding=\"async\" width=\"640\" height=\"480\" data-id=\"7374\" src=\"http:\/\/www.zssgorkabusko.pl\/wp-content\/uploads\/2023\/05\/IMG_20230404_183603.jpg\" alt=\"\" class=\"wp-image-7374\" srcset=\"https:\/\/www.zssgorkabusko.pl\/wp-content\/uploads\/2023\/05\/IMG_20230404_183603.jpg 640w, https:\/\/www.zssgorkabusko.pl\/wp-content\/uploads\/2023\/05\/IMG_20230404_183603-300x225.jpg 300w\" sizes=\"auto, (max-width: 640px) 100vw, 640px\" \/><\/figure>\n\n\n\n<figure class=\"wp-block-image size-large\"><img loading=\"lazy\" decoding=\"async\" width=\"480\" height=\"578\" data-id=\"7377\" src=\"http:\/\/www.zssgorkabusko.pl\/wp-content\/uploads\/2023\/05\/IMG_20230404_190105.jpg\" alt=\"\" class=\"wp-image-7377\" srcset=\"https:\/\/www.zssgorkabusko.pl\/wp-content\/uploads\/2023\/05\/IMG_20230404_190105.jpg 480w, https:\/\/www.zssgorkabusko.pl\/wp-content\/uploads\/2023\/05\/IMG_20230404_190105-249x300.jpg 249w\" sizes=\"auto, (max-width: 480px) 100vw, 480px\" \/><\/figure>\n<figcaption class=\"blocks-gallery-caption\"><strong><em>Specjalne grupy wychowawcze &#8211; Dzie\u0144 Motyli<\/em><\/strong>.<\/figcaption><\/figure>\n\n\n\n<figure class=\"wp-block-gallery has-nested-images columns-3 is-cropped wp-block-gallery-2 is-layout-flex wp-block-gallery-is-layout-flex\">\n<figure class=\"wp-block-image size-large\"><img loading=\"lazy\" decoding=\"async\" width=\"640\" height=\"427\" data-id=\"7367\" src=\"http:\/\/www.zssgorkabusko.pl\/wp-content\/uploads\/2023\/05\/IMG_3228.jpg\" alt=\"\" class=\"wp-image-7367\" srcset=\"https:\/\/www.zssgorkabusko.pl\/wp-content\/uploads\/2023\/05\/IMG_3228.jpg 640w, https:\/\/www.zssgorkabusko.pl\/wp-content\/uploads\/2023\/05\/IMG_3228-300x200.jpg 300w\" sizes=\"auto, (max-width: 640px) 100vw, 640px\" \/><\/figure>\n\n\n\n<figure class=\"wp-block-image size-large\"><img loading=\"lazy\" decoding=\"async\" width=\"531\" height=\"427\" data-id=\"7368\" src=\"http:\/\/www.zssgorkabusko.pl\/wp-content\/uploads\/2023\/05\/IMG_3234.jpg\" alt=\"\" class=\"wp-image-7368\" srcset=\"https:\/\/www.zssgorkabusko.pl\/wp-content\/uploads\/2023\/05\/IMG_3234.jpg 531w, https:\/\/www.zssgorkabusko.pl\/wp-content\/uploads\/2023\/05\/IMG_3234-300x241.jpg 300w\" sizes=\"auto, (max-width: 531px) 100vw, 531px\" \/><\/figure>\n\n\n\n<figure class=\"wp-block-image size-large\"><img loading=\"lazy\" decoding=\"async\" width=\"640\" height=\"427\" data-id=\"7381\" src=\"http:\/\/www.zssgorkabusko.pl\/wp-content\/uploads\/2023\/05\/IMG_3282.jpg\" alt=\"\" class=\"wp-image-7381\" srcset=\"https:\/\/www.zssgorkabusko.pl\/wp-content\/uploads\/2023\/05\/IMG_3282.jpg 640w, https:\/\/www.zssgorkabusko.pl\/wp-content\/uploads\/2023\/05\/IMG_3282-300x200.jpg 300w\" sizes=\"auto, (max-width: 640px) 100vw, 640px\" \/><\/figure>\n<figcaption class=\"blocks-gallery-caption\"><strong><em>Zbi\u00f3rka harcerska &#8211; B\u0105d\u017a eko<\/em><\/strong>.<\/figcaption><\/figure>\n\n\n\n<figure class=\"wp-block-gallery has-nested-images columns-default is-cropped wp-block-gallery-3 is-layout-flex wp-block-gallery-is-layout-flex\">\n<figure class=\"wp-block-image size-large\"><img loading=\"lazy\" decoding=\"async\" width=\"640\" height=\"427\" data-id=\"7396\" src=\"http:\/\/www.zssgorkabusko.pl\/wp-content\/uploads\/2023\/05\/IMG_3284.jpg\" alt=\"\" class=\"wp-image-7396\" srcset=\"https:\/\/www.zssgorkabusko.pl\/wp-content\/uploads\/2023\/05\/IMG_3284.jpg 640w, https:\/\/www.zssgorkabusko.pl\/wp-content\/uploads\/2023\/05\/IMG_3284-300x200.jpg 300w\" sizes=\"auto, (max-width: 640px) 100vw, 640px\" \/><\/figure>\n<figcaption class=\"blocks-gallery-caption\"><strong><em>Chemia &#8211; Szereg homologiczny kwas\u00f3w karboksylowych &#8211; modelowanie.<\/em><\/strong><\/figcaption><\/figure>\n\n\n\n<figure class=\"wp-block-gallery has-nested-images columns-default is-cropped wp-block-gallery-4 is-layout-flex wp-block-gallery-is-layout-flex\">\n<figure class=\"wp-block-image size-large\"><img loading=\"lazy\" decoding=\"async\" width=\"638\" height=\"480\" data-id=\"7393\" src=\"http:\/\/www.zssgorkabusko.pl\/wp-content\/uploads\/2023\/05\/gory_w_chmurach_au12-1.jpg\" alt=\"\" class=\"wp-image-7393\" srcset=\"https:\/\/www.zssgorkabusko.pl\/wp-content\/uploads\/2023\/05\/gory_w_chmurach_au12-1.jpg 638w, https:\/\/www.zssgorkabusko.pl\/wp-content\/uploads\/2023\/05\/gory_w_chmurach_au12-1-300x226.jpg 300w\" sizes=\"auto, (max-width: 638px) 100vw, 638px\" \/><\/figure>\n<figcaption class=\"blocks-gallery-caption\"><strong><em>Impresjonizm w poezji i malarstwie M\u0142odej Polski \u2013 korespondencja sztuk.<\/em><\/strong><\/figcaption><\/figure>\n\n\n\n<figure class=\"wp-block-gallery has-nested-images columns-2 is-cropped wp-block-gallery-5 is-layout-flex wp-block-gallery-is-layout-flex\">\n<figure class=\"wp-block-image size-large\"><img loading=\"lazy\" decoding=\"async\" width=\"427\" height=\"427\" data-id=\"7369\" src=\"http:\/\/www.zssgorkabusko.pl\/wp-content\/uploads\/2023\/05\/IMG_3240.jpg\" alt=\"\" class=\"wp-image-7369\" srcset=\"https:\/\/www.zssgorkabusko.pl\/wp-content\/uploads\/2023\/05\/IMG_3240.jpg 427w, https:\/\/www.zssgorkabusko.pl\/wp-content\/uploads\/2023\/05\/IMG_3240-300x300.jpg 300w, https:\/\/www.zssgorkabusko.pl\/wp-content\/uploads\/2023\/05\/IMG_3240-150x150.jpg 150w\" sizes=\"auto, (max-width: 427px) 100vw, 427px\" \/><\/figure>\n\n\n\n<figure class=\"wp-block-image size-large\"><img loading=\"lazy\" decoding=\"async\" width=\"640\" height=\"427\" data-id=\"7370\" src=\"http:\/\/www.zssgorkabusko.pl\/wp-content\/uploads\/2023\/05\/IMG_3244.jpg\" alt=\"\" class=\"wp-image-7370\" srcset=\"https:\/\/www.zssgorkabusko.pl\/wp-content\/uploads\/2023\/05\/IMG_3244.jpg 640w, https:\/\/www.zssgorkabusko.pl\/wp-content\/uploads\/2023\/05\/IMG_3244-300x200.jpg 300w\" sizes=\"auto, (max-width: 640px) 100vw, 640px\" \/><\/figure>\n\n\n\n<figure class=\"wp-block-image size-large\"><img loading=\"lazy\" decoding=\"async\" width=\"640\" height=\"427\" data-id=\"7371\" src=\"http:\/\/www.zssgorkabusko.pl\/wp-content\/uploads\/2023\/05\/IMG_3223.jpg\" alt=\"\" class=\"wp-image-7371\" srcset=\"https:\/\/www.zssgorkabusko.pl\/wp-content\/uploads\/2023\/05\/IMG_3223.jpg 640w, https:\/\/www.zssgorkabusko.pl\/wp-content\/uploads\/2023\/05\/IMG_3223-300x200.jpg 300w\" sizes=\"auto, (max-width: 640px) 100vw, 640px\" \/><\/figure>\n<figcaption class=\"blocks-gallery-caption\"><strong><em>Ko\u0142o informatyczne &#8211; Zastosowanie drukarki 3D<\/em><\/strong>.<\/figcaption><\/figure>\n\n\n\n<figure class=\"wp-block-gallery has-nested-images columns-default is-cropped wp-block-gallery-6 is-layout-flex wp-block-gallery-is-layout-flex\">\n<figure class=\"wp-block-image size-large\"><img loading=\"lazy\" decoding=\"async\" width=\"640\" height=\"476\" data-id=\"7397\" src=\"http:\/\/www.zssgorkabusko.pl\/wp-content\/uploads\/2023\/05\/IMG_3304.jpg\" alt=\"\" class=\"wp-image-7397\" srcset=\"https:\/\/www.zssgorkabusko.pl\/wp-content\/uploads\/2023\/05\/IMG_3304.jpg 640w, https:\/\/www.zssgorkabusko.pl\/wp-content\/uploads\/2023\/05\/IMG_3304-300x223.jpg 300w\" sizes=\"auto, (max-width: 640px) 100vw, 640px\" \/><\/figure>\n<figcaption class=\"blocks-gallery-caption\"><strong><em>Zaj\u0119cia biblioteczne- Nasze emocje.<\/em><\/strong><\/figcaption><\/figure>\n\n\n\n<p>Justyna Pasternak<\/p>\n","protected":false},"excerpt":{"rendered":"<p>W kwietniu wykorzystywano aparat fotograficzny Canon do wykonywania zdj\u0119\u0107 z akcji #Sprz\u0105tamy dla Polski, spotkania z wiolonczelistk\u0105, zaj\u0119\u0107 specjalnych grup wychowawczych, zaj\u0119\u0107 rozwijaj\u0105cych zainteresowania oraz lekcji. W czasie tych zaj\u0119\u0107 uczniowie budowali kompozycje z klock\u00f3w lego, rozwijaj\u0105c swoj\u0105 wyobra\u017ani\u0119 i umiej\u0119tno\u015b\u0107 pracy zespo\u0142owej. Na drukarce 3D wydrukowano dekoracje wielkanocne. Justyna Pasternak<\/p>\n","protected":false},"author":2,"featured_media":0,"parent":5942,"menu_order":-8,"comment_status":"closed","ping_status":"closed","template":"","meta":{"ngg_post_thumbnail":0,"footnotes":""},"class_list":["post-7365","page","type-page","status-publish"],"_links":{"self":[{"href":"https:\/\/www.zssgorkabusko.pl\/index.php\/wp-json\/wp\/v2\/pages\/7365","targetHints":{"allow":["GET"]}}],"collection":[{"href":"https:\/\/www.zssgorkabusko.pl\/index.php\/wp-json\/wp\/v2\/pages"}],"about":[{"href":"https:\/\/www.zssgorkabusko.pl\/index.php\/wp-json\/wp\/v2\/types\/page"}],"author":[{"embeddable":true,"href":"https:\/\/www.zssgorkabusko.pl\/index.php\/wp-json\/wp\/v2\/users\/2"}],"replies":[{"embeddable":true,"href":"https:\/\/www.zssgorkabusko.pl\/index.php\/wp-json\/wp\/v2\/comments?post=7365"}],"version-history":[{"count":8,"href":"https:\/\/www.zssgorkabusko.pl\/index.php\/wp-json\/wp\/v2\/pages\/7365\/revisions"}],"predecessor-version":[{"id":7406,"href":"https:\/\/www.zssgorkabusko.pl\/index.php\/wp-json\/wp\/v2\/pages\/7365\/revisions\/7406"}],"up":[{"embeddable":true,"href":"https:\/\/www.zssgorkabusko.pl\/index.php\/wp-json\/wp\/v2\/pages\/5942"}],"wp:attachment":[{"href":"https:\/\/www.zssgorkabusko.pl\/index.php\/wp-json\/wp\/v2\/media?parent=7365"}],"curies":[{"name":"wp","href":"https:\/\/api.w.org\/{rel}","templated":true}]}}