{"id":7544,"date":"2023-06-14T20:45:48","date_gmt":"2023-06-14T18:45:48","guid":{"rendered":"http:\/\/www.zssgorkabusko.pl\/?page_id=7544"},"modified":"2023-06-15T21:22:10","modified_gmt":"2023-06-15T19:22:10","slug":"laboratoria-przyszlosci-maj","status":"publish","type":"page","link":"https:\/\/www.zssgorkabusko.pl\/index.php\/programy-realizowane-z-budzetu-panstwa\/laboratoria-przyszlosci\/laboratoria-przyszlosci-maj\/","title":{"rendered":",,#Laboratoria Przysz\u0142o\u015bci&#8221;- maj"},"content":{"rendered":"\n<p>W miesi\u0105cu maju wykonywano zdj\u0119cia aparatem Canon z akademii z okazji \u015awi\u0119ta Konstytucji <br>3 Maja, Dnia Matki, konkurs\u00f3w szkolnych oraz z zaj\u0119\u0107 specjalnych grup wychowawczych i lekcji <br>w szkole (zdj\u0119cia znajduj\u0105 si\u0119 w zak\u0142adce Aktualno\u015bci). Uczniowie budowali z klock\u00f3w lego modele zwi\u0105zane z tematem zaj\u0119\u0107. Na kole informatycznym drukowali zak\u0142adki.<\/p>\n\n\n<div class=\"wp-block-image\">\n<figure class=\"aligncenter size-full\"><img loading=\"lazy\" decoding=\"async\" width=\"579\" height=\"480\" src=\"http:\/\/www.zssgorkabusko.pl\/wp-content\/uploads\/2023\/06\/20230506_140202.jpg\" alt=\"\" class=\"wp-image-7549\" srcset=\"https:\/\/www.zssgorkabusko.pl\/wp-content\/uploads\/2023\/06\/20230506_140202.jpg 579w, https:\/\/www.zssgorkabusko.pl\/wp-content\/uploads\/2023\/06\/20230506_140202-300x249.jpg 300w\" sizes=\"auto, (max-width: 579px) 100vw, 579px\" \/><figcaption><strong><em>Specjalne grupy wychowawcze &#8211; Dzie\u0144 Flagi<\/em><\/strong><\/figcaption><\/figure><\/div>\n\n\n<figure class=\"wp-block-gallery has-nested-images columns-2 is-cropped wp-block-gallery-1 is-layout-flex wp-block-gallery-is-layout-flex\">\n<figure class=\"wp-block-image size-large\"><img loading=\"lazy\" decoding=\"async\" width=\"488\" height=\"480\" data-id=\"7546\" src=\"http:\/\/www.zssgorkabusko.pl\/wp-content\/uploads\/2023\/06\/IMG_20230513_182651.jpg\" alt=\"\" class=\"wp-image-7546\" srcset=\"https:\/\/www.zssgorkabusko.pl\/wp-content\/uploads\/2023\/06\/IMG_20230513_182651.jpg 488w, https:\/\/www.zssgorkabusko.pl\/wp-content\/uploads\/2023\/06\/IMG_20230513_182651-300x295.jpg 300w\" sizes=\"auto, (max-width: 488px) 100vw, 488px\" \/><\/figure>\n\n\n\n<figure class=\"wp-block-image size-large\"><img loading=\"lazy\" decoding=\"async\" width=\"480\" height=\"499\" data-id=\"7547\" src=\"http:\/\/www.zssgorkabusko.pl\/wp-content\/uploads\/2023\/06\/IMG_20230513_182801.jpg\" alt=\"\" class=\"wp-image-7547\" srcset=\"https:\/\/www.zssgorkabusko.pl\/wp-content\/uploads\/2023\/06\/IMG_20230513_182801.jpg 480w, https:\/\/www.zssgorkabusko.pl\/wp-content\/uploads\/2023\/06\/IMG_20230513_182801-289x300.jpg 289w\" sizes=\"auto, (max-width: 480px) 100vw, 480px\" \/><\/figure>\n\n\n\n<figure class=\"wp-block-image size-large\"><img loading=\"lazy\" decoding=\"async\" width=\"577\" height=\"480\" data-id=\"7545\" src=\"http:\/\/www.zssgorkabusko.pl\/wp-content\/uploads\/2023\/06\/IMG_20230513_182832.jpg\" alt=\"\" class=\"wp-image-7545\" srcset=\"https:\/\/www.zssgorkabusko.pl\/wp-content\/uploads\/2023\/06\/IMG_20230513_182832.jpg 577w, https:\/\/www.zssgorkabusko.pl\/wp-content\/uploads\/2023\/06\/IMG_20230513_182832-300x250.jpg 300w\" sizes=\"auto, (max-width: 577px) 100vw, 577px\" \/><\/figure>\n\n\n\n<figure class=\"wp-block-image size-large\"><img loading=\"lazy\" decoding=\"async\" width=\"480\" height=\"485\" data-id=\"7548\" src=\"http:\/\/www.zssgorkabusko.pl\/wp-content\/uploads\/2023\/06\/IMG_20230513_182856.jpg\" alt=\"\" class=\"wp-image-7548\" srcset=\"https:\/\/www.zssgorkabusko.pl\/wp-content\/uploads\/2023\/06\/IMG_20230513_182856.jpg 480w, https:\/\/www.zssgorkabusko.pl\/wp-content\/uploads\/2023\/06\/IMG_20230513_182856-297x300.jpg 297w\" sizes=\"auto, (max-width: 480px) 100vw, 480px\" \/><\/figure>\n<figcaption class=\"blocks-gallery-caption\"><strong><em>Specjalne grup wychowawcze- Dzie\u0144 Unii Europejskiej<\/em><\/strong><\/figcaption><\/figure>\n\n\n\n<figure class=\"wp-block-gallery has-nested-images columns-2 is-cropped wp-block-gallery-2 is-layout-flex wp-block-gallery-is-layout-flex\">\n<figure class=\"wp-block-image size-large\"><img loading=\"lazy\" decoding=\"async\" width=\"640\" height=\"427\" data-id=\"7550\" src=\"http:\/\/www.zssgorkabusko.pl\/wp-content\/uploads\/2023\/06\/IMG_3316.jpg\" alt=\"\" class=\"wp-image-7550\" srcset=\"https:\/\/www.zssgorkabusko.pl\/wp-content\/uploads\/2023\/06\/IMG_3316.jpg 640w, https:\/\/www.zssgorkabusko.pl\/wp-content\/uploads\/2023\/06\/IMG_3316-300x200.jpg 300w\" sizes=\"auto, (max-width: 640px) 100vw, 640px\" \/><\/figure>\n\n\n\n<figure class=\"wp-block-image size-large\"><img loading=\"lazy\" decoding=\"async\" width=\"640\" height=\"475\" data-id=\"7551\" src=\"http:\/\/www.zssgorkabusko.pl\/wp-content\/uploads\/2023\/06\/IMG_3318.jpg\" alt=\"\" class=\"wp-image-7551\" srcset=\"https:\/\/www.zssgorkabusko.pl\/wp-content\/uploads\/2023\/06\/IMG_3318.jpg 640w, https:\/\/www.zssgorkabusko.pl\/wp-content\/uploads\/2023\/06\/IMG_3318-300x223.jpg 300w\" sizes=\"auto, (max-width: 640px) 100vw, 640px\" \/><\/figure>\n\n\n\n<figure class=\"wp-block-image size-large\"><img loading=\"lazy\" decoding=\"async\" width=\"550\" height=\"480\" data-id=\"7552\" src=\"http:\/\/www.zssgorkabusko.pl\/wp-content\/uploads\/2023\/06\/IMG_3319.jpg\" alt=\"\" class=\"wp-image-7552\" srcset=\"https:\/\/www.zssgorkabusko.pl\/wp-content\/uploads\/2023\/06\/IMG_3319.jpg 550w, https:\/\/www.zssgorkabusko.pl\/wp-content\/uploads\/2023\/06\/IMG_3319-300x262.jpg 300w\" sizes=\"auto, (max-width: 550px) 100vw, 550px\" \/><\/figure>\n<figcaption class=\"blocks-gallery-caption\"><strong><em>Edukacja wczesnoszkolna &#8211; Kolorowy rok<\/em><\/strong>.<\/figcaption><\/figure>\n\n\n<div class=\"wp-block-image\">\n<figure class=\"aligncenter size-full\"><img loading=\"lazy\" decoding=\"async\" width=\"577\" height=\"480\" src=\"http:\/\/www.zssgorkabusko.pl\/wp-content\/uploads\/2023\/06\/IMG_3282.jpg\" alt=\"\" class=\"wp-image-7554\" srcset=\"https:\/\/www.zssgorkabusko.pl\/wp-content\/uploads\/2023\/06\/IMG_3282.jpg 577w, https:\/\/www.zssgorkabusko.pl\/wp-content\/uploads\/2023\/06\/IMG_3282-300x250.jpg 300w\" sizes=\"auto, (max-width: 577px) 100vw, 577px\" \/><figcaption><strong><em>Doradztwo zawodowe &#8211; Umiej\u0119tno\u015bci interpersonalne pomagaj\u0105 w \u017cyciu.<\/em><\/strong><\/figcaption><\/figure><\/div>\n\n\n<figure class=\"wp-block-gallery has-nested-images columns-default is-cropped wp-block-gallery-3 is-layout-flex wp-block-gallery-is-layout-flex\">\n<figure class=\"wp-block-image size-large\"><img loading=\"lazy\" decoding=\"async\" width=\"480\" height=\"640\" data-id=\"7572\" src=\"http:\/\/www.zssgorkabusko.pl\/wp-content\/uploads\/2023\/06\/20200604_122223.jpg\" alt=\"\" class=\"wp-image-7572\" srcset=\"https:\/\/www.zssgorkabusko.pl\/wp-content\/uploads\/2023\/06\/20200604_122223.jpg 480w, https:\/\/www.zssgorkabusko.pl\/wp-content\/uploads\/2023\/06\/20200604_122223-225x300.jpg 225w\" sizes=\"auto, (max-width: 480px) 100vw, 480px\" \/><\/figure>\n\n\n\n<figure class=\"wp-block-image size-large\"><img loading=\"lazy\" decoding=\"async\" width=\"587\" height=\"480\" data-id=\"7573\" src=\"http:\/\/www.zssgorkabusko.pl\/wp-content\/uploads\/2023\/06\/20230510_145437.jpg\" alt=\"\" class=\"wp-image-7573\" srcset=\"https:\/\/www.zssgorkabusko.pl\/wp-content\/uploads\/2023\/06\/20230510_145437.jpg 587w, https:\/\/www.zssgorkabusko.pl\/wp-content\/uploads\/2023\/06\/20230510_145437-300x245.jpg 300w\" sizes=\"auto, (max-width: 587px) 100vw, 587px\" \/><\/figure>\n<figcaption class=\"blocks-gallery-caption\"><strong><em>Religia &#8211; Chwalcie \u0142\u0105ki umajone.<\/em><\/strong><\/figcaption><\/figure>\n\n\n\n<figure class=\"wp-block-gallery has-nested-images columns-2 is-cropped wp-block-gallery-4 is-layout-flex wp-block-gallery-is-layout-flex\">\n<figure class=\"wp-block-image size-large\"><img loading=\"lazy\" decoding=\"async\" width=\"640\" height=\"427\" data-id=\"7586\" src=\"http:\/\/www.zssgorkabusko.pl\/wp-content\/uploads\/2023\/06\/IMG_3309-\u2014-kopia.jpg\" alt=\"\" class=\"wp-image-7586\" srcset=\"https:\/\/www.zssgorkabusko.pl\/wp-content\/uploads\/2023\/06\/IMG_3309-\u2014-kopia.jpg 640w, https:\/\/www.zssgorkabusko.pl\/wp-content\/uploads\/2023\/06\/IMG_3309-\u2014-kopia-300x200.jpg 300w\" sizes=\"auto, (max-width: 640px) 100vw, 640px\" \/><\/figure>\n\n\n\n<figure class=\"wp-block-image size-large\"><img loading=\"lazy\" decoding=\"async\" width=\"640\" height=\"427\" data-id=\"7585\" src=\"http:\/\/www.zssgorkabusko.pl\/wp-content\/uploads\/2023\/06\/IMG_3310-\u2014-kopia.jpg\" alt=\"\" class=\"wp-image-7585\" srcset=\"https:\/\/www.zssgorkabusko.pl\/wp-content\/uploads\/2023\/06\/IMG_3310-\u2014-kopia.jpg 640w, https:\/\/www.zssgorkabusko.pl\/wp-content\/uploads\/2023\/06\/IMG_3310-\u2014-kopia-300x200.jpg 300w\" sizes=\"auto, (max-width: 640px) 100vw, 640px\" \/><\/figure>\n\n\n\n<figure class=\"wp-block-image size-large\"><img loading=\"lazy\" decoding=\"async\" width=\"480\" height=\"490\" data-id=\"7583\" src=\"http:\/\/www.zssgorkabusko.pl\/wp-content\/uploads\/2023\/06\/353093193_637495551758584_602265200575385196_n-1.jpg\" alt=\"\" class=\"wp-image-7583\" srcset=\"https:\/\/www.zssgorkabusko.pl\/wp-content\/uploads\/2023\/06\/353093193_637495551758584_602265200575385196_n-1.jpg 480w, https:\/\/www.zssgorkabusko.pl\/wp-content\/uploads\/2023\/06\/353093193_637495551758584_602265200575385196_n-1-294x300.jpg 294w\" sizes=\"auto, (max-width: 480px) 100vw, 480px\" \/><\/figure>\n\n\n\n<figure class=\"wp-block-image size-large\"><img loading=\"lazy\" decoding=\"async\" width=\"480\" height=\"526\" data-id=\"7584\" src=\"http:\/\/www.zssgorkabusko.pl\/wp-content\/uploads\/2023\/06\/353406764_294769469646634_6930480445170894085_n.jpg\" alt=\"\" class=\"wp-image-7584\" srcset=\"https:\/\/www.zssgorkabusko.pl\/wp-content\/uploads\/2023\/06\/353406764_294769469646634_6930480445170894085_n.jpg 480w, https:\/\/www.zssgorkabusko.pl\/wp-content\/uploads\/2023\/06\/353406764_294769469646634_6930480445170894085_n-274x300.jpg 274w\" sizes=\"auto, (max-width: 480px) 100vw, 480px\" \/><\/figure>\n<figcaption class=\"blocks-gallery-caption\"><strong><em>Ko\u0142o informatyczne -Drukowanie modeli 3D<\/em><\/strong><\/figcaption><\/figure>\n\n\n\n<p>Justyna Pasternak<\/p>\n","protected":false},"excerpt":{"rendered":"<p>W miesi\u0105cu maju wykonywano zdj\u0119cia aparatem Canon z akademii z okazji \u015awi\u0119ta Konstytucji 3 Maja, Dnia Matki, konkurs\u00f3w szkolnych oraz z zaj\u0119\u0107 specjalnych grup wychowawczych i lekcji w szkole (zdj\u0119cia znajduj\u0105 si\u0119 w zak\u0142adce Aktualno\u015bci). Uczniowie budowali z klock\u00f3w lego modele zwi\u0105zane z tematem zaj\u0119\u0107. Na kole informatycznym drukowali zak\u0142adki. Justyna Pasternak<\/p>\n","protected":false},"author":2,"featured_media":0,"parent":5942,"menu_order":-9,"comment_status":"closed","ping_status":"closed","template":"","meta":{"ngg_post_thumbnail":0,"footnotes":""},"class_list":["post-7544","page","type-page","status-publish"],"_links":{"self":[{"href":"https:\/\/www.zssgorkabusko.pl\/index.php\/wp-json\/wp\/v2\/pages\/7544","targetHints":{"allow":["GET"]}}],"collection":[{"href":"https:\/\/www.zssgorkabusko.pl\/index.php\/wp-json\/wp\/v2\/pages"}],"about":[{"href":"https:\/\/www.zssgorkabusko.pl\/index.php\/wp-json\/wp\/v2\/types\/page"}],"author":[{"embeddable":true,"href":"https:\/\/www.zssgorkabusko.pl\/index.php\/wp-json\/wp\/v2\/users\/2"}],"replies":[{"embeddable":true,"href":"https:\/\/www.zssgorkabusko.pl\/index.php\/wp-json\/wp\/v2\/comments?post=7544"}],"version-history":[{"count":10,"href":"https:\/\/www.zssgorkabusko.pl\/index.php\/wp-json\/wp\/v2\/pages\/7544\/revisions"}],"predecessor-version":[{"id":7587,"href":"https:\/\/www.zssgorkabusko.pl\/index.php\/wp-json\/wp\/v2\/pages\/7544\/revisions\/7587"}],"up":[{"embeddable":true,"href":"https:\/\/www.zssgorkabusko.pl\/index.php\/wp-json\/wp\/v2\/pages\/5942"}],"wp:attachment":[{"href":"https:\/\/www.zssgorkabusko.pl\/index.php\/wp-json\/wp\/v2\/media?parent=7544"}],"curies":[{"name":"wp","href":"https:\/\/api.w.org\/{rel}","templated":true}]}}