{"id":8287,"date":"2024-02-23T09:24:29","date_gmt":"2024-02-23T08:24:29","guid":{"rendered":"http:\/\/www.zssgorkabusko.pl\/?page_id=8287"},"modified":"2024-02-23T09:24:30","modified_gmt":"2024-02-23T08:24:30","slug":"sprawozdanie-z-realizacji-programu-laboratoria-przyszlosci-w-pierwszym-polroczu-roku-szkolnego-2023-2024","status":"publish","type":"page","link":"https:\/\/www.zssgorkabusko.pl\/index.php\/programy-realizowane-z-budzetu-panstwa\/laboratoria-przyszlosci\/sprawozdanie-z-realizacji-programu-laboratoria-przyszlosci-w-pierwszym-polroczu-roku-szkolnego-2023-2024\/","title":{"rendered":"Sprawozdanie z realizacji programu ,,Laboratoria Przysz\u0142o\u015bci w pierwszym p\u00f3\u0142roczu roku szkolnego 2023\/2024"},"content":{"rendered":"\n<p>W pierwszym p\u00f3\u0142roczu roku szkolnego 2023\/2024 w Zespole Szk\u00f3\u0142 Specjalnych kontynuowano realizacj\u0119 Programu Laboratoria Przysz\u0142o\u015bci. Wykorzystywano pomoce dydaktyczne zakupione <br>w ramach programu na obowi\u0105zkowych zaj\u0119ciach edukacyjnych, kole informatycznym, zbi\u00f3rkach harcerskich oraz zaj\u0119ciach specjalnych grup wychowawczych.<\/p>\n\n\n\n<p>Najcz\u0119\u015bciej wykorzystywany jest aparat fotograficzny. S\u0142u\u017cy on do dokumentowania dzia\u0142a\u0144 realizowanych w plac\u00f3wce: uroczysto\u015bci i imprez szkolnych, apeli, ciekawych lekcji, zbi\u00f3rek harcerskich, spacer\u00f3w, konkurs\u00f3w, spotka\u0144 z ciekawymi lud\u017ami itp.<br>Zdj\u0119cia te na bie\u017c\u0105co s\u0105 umieszczane w zak\u0142adce Aktualno\u015bci na stronie internetowej zespo\u0142u.<\/p>\n\n\n\nngg_shortcode_0_placeholder\n\n\n\n<p>Wszyscy uczniowie ch\u0119tnie korzystaj\u0105 z zestaw\u00f3w klock\u00f3w Lego. Buduj\u0105 wspania\u0142e modele zgodnie z instrukcj\u0105, a tak\u017ce wed\u0142ug w\u0142asnych pomys\u0142\u00f3w. Ucz\u0105 si\u0119 w ten spos\u00f3b logicznego my\u015blenia, kreatywnego projektowania i programowania. Rozwijaj\u0105 i usprawniaj\u0105 swoje zdolno\u015bci manualne oraz wyobra\u017ani\u0119 przestrzenn\u0105.<\/p>\n\n\n\nngg_shortcode_1_placeholder\n\n\n\n<p>Starsi uczniowie poznali dzia\u0142anie drukarki 3D i etapy powstawania modeli przestrzennych. Drukowali drobne modele: litery, cyfry, breloki, ozdoby \u015bwi\u0105teczne.<\/p>\n\n\n\nngg_shortcode_2_placeholder\n\n\n\nngg_shortcode_3_placeholder\n\n\n\n<p>Pomoce dydaktyczne zakupione w ramach programu ,,Laboratoria Przysz\u0142o\u015bci&#8221; zwi\u0119kszaj\u0105 atrakcyjno\u015b\u0107 procesu nauczania i skuteczno\u015b\u0107 rehabilitacji naszych wychowank\u00f3w. Wp\u0142ywaj\u0105 <br>na wi\u0119ksz\u0105 aktywno\u015b\u0107 uczni\u00f3w, sprzyjaj\u0105 odkrywaniu ich talent\u00f3w, rozwijaniu zainteresowa\u0144 <br>oraz wzajemnej komunikacji i wsp\u00f3\u0142pracy. <\/p>\n\n\n\n<p>Koordynator: Justyna Pasternak<\/p>\n","protected":false},"excerpt":{"rendered":"<p>W pierwszym p\u00f3\u0142roczu roku szkolnego 2023\/2024 w Zespole Szk\u00f3\u0142 Specjalnych kontynuowano realizacj\u0119 Programu Laboratoria Przysz\u0142o\u015bci. Wykorzystywano pomoce dydaktyczne zakupione w ramach programu na obowi\u0105zkowych zaj\u0119ciach edukacyjnych, kole informatycznym, zbi\u00f3rkach harcerskich oraz zaj\u0119ciach specjalnych grup wychowawczych. Najcz\u0119\u015bciej wykorzystywany jest aparat fotograficzny. S\u0142u\u017cy on do dokumentowania dzia\u0142a\u0144 realizowanych w plac\u00f3wce: uroczysto\u015bci i imprez szkolnych, apeli, ciekawych lekcji, &#8230; <a title=\"Sprawozdanie z realizacji programu ,,Laboratoria Przysz\u0142o\u015bci w pierwszym p\u00f3\u0142roczu roku szkolnego 2023\/2024\" class=\"read-more\" href=\"https:\/\/www.zssgorkabusko.pl\/index.php\/programy-realizowane-z-budzetu-panstwa\/laboratoria-przyszlosci\/sprawozdanie-z-realizacji-programu-laboratoria-przyszlosci-w-pierwszym-polroczu-roku-szkolnego-2023-2024\/\" aria-label=\"Dowiedz si\u0119 wi\u0119cej o Sprawozdanie z realizacji programu ,,Laboratoria Przysz\u0142o\u015bci w pierwszym p\u00f3\u0142roczu roku szkolnego 2023\/2024\">Dowiedz si\u0119 wi\u0119cej<\/a><\/p>\n","protected":false},"author":2,"featured_media":0,"parent":5942,"menu_order":-11,"comment_status":"closed","ping_status":"closed","template":"","meta":{"ngg_post_thumbnail":0,"footnotes":""},"class_list":["post-8287","page","type-page","status-publish"],"_links":{"self":[{"href":"https:\/\/www.zssgorkabusko.pl\/index.php\/wp-json\/wp\/v2\/pages\/8287","targetHints":{"allow":["GET"]}}],"collection":[{"href":"https:\/\/www.zssgorkabusko.pl\/index.php\/wp-json\/wp\/v2\/pages"}],"about":[{"href":"https:\/\/www.zssgorkabusko.pl\/index.php\/wp-json\/wp\/v2\/types\/page"}],"author":[{"embeddable":true,"href":"https:\/\/www.zssgorkabusko.pl\/index.php\/wp-json\/wp\/v2\/users\/2"}],"replies":[{"embeddable":true,"href":"https:\/\/www.zssgorkabusko.pl\/index.php\/wp-json\/wp\/v2\/comments?post=8287"}],"version-history":[{"count":10,"href":"https:\/\/www.zssgorkabusko.pl\/index.php\/wp-json\/wp\/v2\/pages\/8287\/revisions"}],"predecessor-version":[{"id":8328,"href":"https:\/\/www.zssgorkabusko.pl\/index.php\/wp-json\/wp\/v2\/pages\/8287\/revisions\/8328"}],"up":[{"embeddable":true,"href":"https:\/\/www.zssgorkabusko.pl\/index.php\/wp-json\/wp\/v2\/pages\/5942"}],"wp:attachment":[{"href":"https:\/\/www.zssgorkabusko.pl\/index.php\/wp-json\/wp\/v2\/media?parent=8287"}],"curies":[{"name":"wp","href":"https:\/\/api.w.org\/{rel}","templated":true}]}}