{"id":87,"date":"2017-07-30T17:22:25","date_gmt":"2017-07-30T15:22:25","guid":{"rendered":"http:\/\/gorka.bajtnetbusko.pl\/?page_id=87"},"modified":"2025-02-25T09:18:26","modified_gmt":"2025-02-25T08:18:26","slug":"kontakt","status":"publish","type":"page","link":"https:\/\/www.zssgorkabusko.pl\/index.php\/kontakt\/","title":{"rendered":"KONTAKT"},"content":{"rendered":"<div class=\"n module-type-header diyfeLiveArea \">\n<h1><span class=\"diyfeDecoration\">Kontakt<\/span><\/h1>\n<\/div>\n<div class=\"n module-type-text diyfeLiveArea \">\n<p>Zesp\u00f3\u0142 Szk\u00f3\u0142 Specjalnych<\/p>\n<p>Starkiewicza 1<\/p>\n<p>28-100 Busko-Zdr\u00f3j&nbsp;&nbsp;<\/p>\n<p>&nbsp;<\/p>\n<p>Kontakt :<\/p>\n<p>Telefon: 41 3703406<\/p>\n<p>Fax: 41 3703406<\/p>\n<p>E-mail: sekretariat@zssgorkabusko.pl<\/p>\n<\/div>\n<p>adres skrzynki EPUAP Zespo\u0142u Szk\u00f3\u0142 Specjalnych w Busku-Zdroju<\/p>\n<p>\/ZSS_GorkaBusko\/SkrytkaESP<\/p>\n<p>&nbsp;<\/p>\n<p>Adres do e-Dor\u0119cze\u0144:<button class=\"ade link-appearance fw-400\" aria-description=\"Kopiuj adres do e-Dor\u0119cze\u0144\">AE:PL-79558-75871-FGCCT-18<\/button><\/p>\n<p>&nbsp;<\/p>\n<p>&nbsp;<\/p>\n<div class=\"n module-type-text diyfeLiveArea \">\n<p>Godziny otwarcia sekretariatu: 7<sup>00<\/sup>-15<sup>00<\/sup><\/p>\n<\/div>\n<p>&nbsp;<\/p>\n<p>&nbsp;<\/p>\n","protected":false},"excerpt":{"rendered":"<p>Kontakt Zesp\u00f3\u0142 Szk\u00f3\u0142 Specjalnych Starkiewicza 1 28-100 Busko-Zdr\u00f3j&nbsp;&nbsp; &nbsp; Kontakt : Telefon: 41 3703406 Fax: 41 3703406 E-mail: sekretariat@zssgorkabusko.pl adres skrzynki EPUAP Zespo\u0142u Szk\u00f3\u0142 Specjalnych w Busku-Zdroju \/ZSS_GorkaBusko\/SkrytkaESP &nbsp; Adres do e-Dor\u0119cze\u0144:AE:PL-79558-75871-FGCCT-18 &nbsp; &nbsp; Godziny otwarcia sekretariatu: 700-1500 &nbsp; &nbsp;<\/p>\n","protected":false},"author":1,"featured_media":0,"parent":0,"menu_order":10,"comment_status":"closed","ping_status":"closed","template":"","meta":{"ngg_post_thumbnail":0,"footnotes":""},"class_list":["post-87","page","type-page","status-publish"],"_links":{"self":[{"href":"https:\/\/www.zssgorkabusko.pl\/index.php\/wp-json\/wp\/v2\/pages\/87","targetHints":{"allow":["GET"]}}],"collection":[{"href":"https:\/\/www.zssgorkabusko.pl\/index.php\/wp-json\/wp\/v2\/pages"}],"about":[{"href":"https:\/\/www.zssgorkabusko.pl\/index.php\/wp-json\/wp\/v2\/types\/page"}],"author":[{"embeddable":true,"href":"https:\/\/www.zssgorkabusko.pl\/index.php\/wp-json\/wp\/v2\/users\/1"}],"replies":[{"embeddable":true,"href":"https:\/\/www.zssgorkabusko.pl\/index.php\/wp-json\/wp\/v2\/comments?post=87"}],"version-history":[{"count":7,"href":"https:\/\/www.zssgorkabusko.pl\/index.php\/wp-json\/wp\/v2\/pages\/87\/revisions"}],"predecessor-version":[{"id":10094,"href":"https:\/\/www.zssgorkabusko.pl\/index.php\/wp-json\/wp\/v2\/pages\/87\/revisions\/10094"}],"wp:attachment":[{"href":"https:\/\/www.zssgorkabusko.pl\/index.php\/wp-json\/wp\/v2\/media?parent=87"}],"curies":[{"name":"wp","href":"https:\/\/api.w.org\/{rel}","templated":true}]}}