{"id":8768,"date":"2024-06-25T21:33:45","date_gmt":"2024-06-25T19:33:45","guid":{"rendered":"http:\/\/www.zssgorkabusko.pl\/?page_id=8768"},"modified":"2025-04-07T11:44:17","modified_gmt":"2025-04-07T09:44:17","slug":"standardy-ochrony-maloletnich","status":"publish","type":"page","link":"https:\/\/www.zssgorkabusko.pl\/index.php\/dokumenty-szkoly\/standardy-ochrony-maloletnich\/","title":{"rendered":"STANDARDY OCHRONY MA\u0141OLETNICH"},"content":{"rendered":"\n<p class=\"has-text-align-center has-large-font-size\"><strong>Standardy Ochrony Ma\u0142oletnich <\/strong><br><strong>w Zespole&nbsp; Szk\u00f3\u0142 Specjalnych<\/strong> <br><strong>w Busku -Zdroju<\/strong><\/p>\n\n\n\n<p class=\"has-text-align-center has-medium-font-size\"><strong>Procedura ochrony przed krzywdzeniem<a> <\/a>w wersji skr\u00f3conej przeznaczonej dla uczni\u00f3w Zespo\u0142u Szk\u00f3\u0142 Specjalnych w Busku- Zdroju<\/strong><\/p>\n\n\n\n<div data-wp-interactive=\"core\/file\" class=\"wp-block-file\"><object data-wp-bind--hidden=\"!state.hasPdfPreview\" hidden class=\"wp-block-file__embed\" data=\"https:\/\/www.zssgorkabusko.pl\/wp-content\/uploads\/2025\/04\/Standardy-Ochrony-Maloletnich-wersja-dla-uczniow.pdf\" type=\"application\/pdf\" style=\"width:100%;height:600px\" aria-label=\"Osadzone z Standardy Ochrony Ma\u0142oletnich wersja dla uczni\u00f3w.\"><\/object><a id=\"wp-block-file--media-d43896a7-ed04-42b2-ad31-6b5dc5e4c464\" href=\"https:\/\/www.zssgorkabusko.pl\/wp-content\/uploads\/2025\/04\/Standardy-Ochrony-Maloletnich-wersja-dla-uczniow.pdf\">Standardy Ochrony Ma\u0142oletnich wersja dla uczni\u00f3w<\/a><a href=\"https:\/\/www.zssgorkabusko.pl\/wp-content\/uploads\/2025\/04\/Standardy-Ochrony-Maloletnich-wersja-dla-uczniow.pdf\" class=\"wp-block-file__button wp-element-button\" download aria-describedby=\"wp-block-file--media-d43896a7-ed04-42b2-ad31-6b5dc5e4c464\">Pobierz<\/a><\/div>\n\n\n\n<p class=\"has-text-align-center has-large-font-size\"><strong>Standardy Ochrony Ma\u0142oletnich <\/strong><br><strong>w Zespole&nbsp; Szk\u00f3\u0142 Specjalnych <\/strong><br><strong>w Busku -Zdroju <br>(wersja pe\u0142na)<\/strong><\/p>\n\n\n\n<div data-wp-interactive=\"core\/file\" class=\"wp-block-file\"><object data-wp-bind--hidden=\"!state.hasPdfPreview\" hidden class=\"wp-block-file__embed\" data=\"https:\/\/www.zssgorkabusko.pl\/wp-content\/uploads\/2025\/04\/Standardy-Ochrony-Maloletnich-w-Zespole-Szkol-Specjalnych-w-Busku-Zdroju.pdf\" type=\"application\/pdf\" style=\"width:100%;height:600px\" aria-label=\"Osadzone z Standardy Ochrony Ma\u0142oletnich w Zespole Szk\u00f3\u0142 Specjalnych w Busku -Zdroju.\"><\/object><a id=\"wp-block-file--media-ccfa4520-f016-4bf3-93b5-b4c55762d1c9\" href=\"https:\/\/www.zssgorkabusko.pl\/wp-content\/uploads\/2025\/04\/Standardy-Ochrony-Maloletnich-w-Zespole-Szkol-Specjalnych-w-Busku-Zdroju.pdf\">Standardy Ochrony Ma\u0142oletnich w Zespole Szk\u00f3\u0142 Specjalnych w Busku -Zdroju<\/a><a href=\"https:\/\/www.zssgorkabusko.pl\/wp-content\/uploads\/2025\/04\/Standardy-Ochrony-Maloletnich-w-Zespole-Szkol-Specjalnych-w-Busku-Zdroju.pdf\" class=\"wp-block-file__button wp-element-button\" download aria-describedby=\"wp-block-file--media-ccfa4520-f016-4bf3-93b5-b4c55762d1c9\">Pobierz<\/a><\/div>\n","protected":false},"excerpt":{"rendered":"<p>Standardy Ochrony Ma\u0142oletnich w Zespole&nbsp; Szk\u00f3\u0142 Specjalnych w Busku -Zdroju Procedura ochrony przed krzywdzeniem w wersji skr\u00f3conej przeznaczonej dla uczni\u00f3w Zespo\u0142u Szk\u00f3\u0142 Specjalnych w Busku- Zdroju Standardy Ochrony Ma\u0142oletnich w Zespole&nbsp; Szk\u00f3\u0142 Specjalnych w Busku -Zdroju (wersja pe\u0142na)<\/p>\n","protected":false},"author":2,"featured_media":0,"parent":83,"menu_order":0,"comment_status":"closed","ping_status":"closed","template":"","meta":{"ngg_post_thumbnail":0,"footnotes":""},"class_list":["post-8768","page","type-page","status-publish"],"_links":{"self":[{"href":"https:\/\/www.zssgorkabusko.pl\/index.php\/wp-json\/wp\/v2\/pages\/8768","targetHints":{"allow":["GET"]}}],"collection":[{"href":"https:\/\/www.zssgorkabusko.pl\/index.php\/wp-json\/wp\/v2\/pages"}],"about":[{"href":"https:\/\/www.zssgorkabusko.pl\/index.php\/wp-json\/wp\/v2\/types\/page"}],"author":[{"embeddable":true,"href":"https:\/\/www.zssgorkabusko.pl\/index.php\/wp-json\/wp\/v2\/users\/2"}],"replies":[{"embeddable":true,"href":"https:\/\/www.zssgorkabusko.pl\/index.php\/wp-json\/wp\/v2\/comments?post=8768"}],"version-history":[{"count":8,"href":"https:\/\/www.zssgorkabusko.pl\/index.php\/wp-json\/wp\/v2\/pages\/8768\/revisions"}],"predecessor-version":[{"id":10402,"href":"https:\/\/www.zssgorkabusko.pl\/index.php\/wp-json\/wp\/v2\/pages\/8768\/revisions\/10402"}],"up":[{"embeddable":true,"href":"https:\/\/www.zssgorkabusko.pl\/index.php\/wp-json\/wp\/v2\/pages\/83"}],"wp:attachment":[{"href":"https:\/\/www.zssgorkabusko.pl\/index.php\/wp-json\/wp\/v2\/media?parent=8768"}],"curies":[{"name":"wp","href":"https:\/\/api.w.org\/{rel}","templated":true}]}}