{"id":8813,"date":"2024-06-30T09:30:34","date_gmt":"2024-06-30T07:30:34","guid":{"rendered":"http:\/\/www.zssgorkabusko.pl\/?page_id=8813"},"modified":"2024-06-30T09:38:22","modified_gmt":"2024-06-30T07:38:22","slug":"sprawozdanie-z-realizacji-programu-laboratoria-przyszlosci-w-drugim-polroczu-roku-szkolnego-2023-2024","status":"publish","type":"page","link":"https:\/\/www.zssgorkabusko.pl\/index.php\/programy-realizowane-z-budzetu-panstwa\/laboratoria-przyszlosci\/sprawozdanie-z-realizacji-programu-laboratoria-przyszlosci-w-drugim-polroczu-roku-szkolnego-2023-2024\/","title":{"rendered":"Sprawozdanie z realizacji programu ,,Laboratoria Przysz\u0142o\u015bci&#8221; w drugim p\u00f3\u0142roczu roku szkolnego 2023\/2024"},"content":{"rendered":"\n<p>W drugim p\u00f3\u0142roczu roku szkolnego 2023\/2024 w Zespole Szk\u00f3\u0142 Specjalnych kontynuowano realizacj\u0119 Programu Laboratoria Przysz\u0142o\u015bci. Wykorzystywano pomoce dydaktyczne zakupione <br>w ramach programu na obowi\u0105zkowych zaj\u0119ciach edukacyjnych, kole informatycznym, zbi\u00f3rkach harcerskich oraz zaj\u0119ciach specjalnych grup wychowawczych. <br>Realizacja programu \u201eLaboratoria Przysz\u0142o\u015bci\u201d pomog\u0142a uczniom w rozpoznawaniu swoich w\u0142asnych uzdolnie\u0144, zainteresowa\u0144 i predyspozycji zawodowych. Nauczyciele dzi\u0119ki wykorzystaniu pomocy&nbsp; mogli zwi\u0119kszy\u0107 atrakcyjno\u015b\u0107 prowadzonych zaj\u0119\u0107.<\/p>\n\n\n\n<p>Aparat fotograficzny wykorzystywano do dokumentowania dzia\u0142a\u0144 realizowanych w plac\u00f3wce: uroczysto\u015bci i imprez szkolnych, apeli, ciekawych lekcji, zbi\u00f3rek harcerskich, spacer\u00f3w, konkurs\u00f3w, spotka\u0144 z stra\u017cakami i policjantami.<br>Zdj\u0119cia te na bie\u017c\u0105co s\u0105 umieszczane w zak\u0142adce Aktualno\u015bci na stronie internetowej zespo\u0142u.<\/p>\n\n\n\n<p>Wszyscy uczniowie korzystali z zestaw\u00f3w klock\u00f3w Lego.<\/p>\n\n\n\nngg_shortcode_0_placeholder\n\n\n\n<p>Uczniowie klas IV-VIII dowiedzieli si\u0119 jak przygotowa\u0107 drukark\u0119 3D do pracy oraz jak przeprowadzi\u0107 konwersj\u0119 modeli tr\u00f3jwymiarowych na j\u0119zyk drukarki 3D.<\/p>\n\n\n\nngg_shortcode_1_placeholder\n\n\n\n<p>Koordynator: Justyna Pasternak<\/p>\n","protected":false},"excerpt":{"rendered":"<p>W drugim p\u00f3\u0142roczu roku szkolnego 2023\/2024 w Zespole Szk\u00f3\u0142 Specjalnych kontynuowano realizacj\u0119 Programu Laboratoria Przysz\u0142o\u015bci. Wykorzystywano pomoce dydaktyczne zakupione w ramach programu na obowi\u0105zkowych zaj\u0119ciach edukacyjnych, kole informatycznym, zbi\u00f3rkach harcerskich oraz zaj\u0119ciach specjalnych grup wychowawczych. Realizacja programu \u201eLaboratoria Przysz\u0142o\u015bci\u201d pomog\u0142a uczniom w rozpoznawaniu swoich w\u0142asnych uzdolnie\u0144, zainteresowa\u0144 i predyspozycji zawodowych. Nauczyciele dzi\u0119ki wykorzystaniu pomocy&nbsp; mogli &#8230; <a title=\"Sprawozdanie z realizacji programu ,,Laboratoria Przysz\u0142o\u015bci&#8221; w drugim p\u00f3\u0142roczu roku szkolnego 2023\/2024\" class=\"read-more\" href=\"https:\/\/www.zssgorkabusko.pl\/index.php\/programy-realizowane-z-budzetu-panstwa\/laboratoria-przyszlosci\/sprawozdanie-z-realizacji-programu-laboratoria-przyszlosci-w-drugim-polroczu-roku-szkolnego-2023-2024\/\" aria-label=\"Dowiedz si\u0119 wi\u0119cej o Sprawozdanie z realizacji programu ,,Laboratoria Przysz\u0142o\u015bci&#8221; w drugim p\u00f3\u0142roczu roku szkolnego 2023\/2024\">Dowiedz si\u0119 wi\u0119cej<\/a><\/p>\n","protected":false},"author":2,"featured_media":0,"parent":5942,"menu_order":-12,"comment_status":"closed","ping_status":"closed","template":"","meta":{"ngg_post_thumbnail":0,"footnotes":""},"class_list":["post-8813","page","type-page","status-publish"],"_links":{"self":[{"href":"https:\/\/www.zssgorkabusko.pl\/index.php\/wp-json\/wp\/v2\/pages\/8813","targetHints":{"allow":["GET"]}}],"collection":[{"href":"https:\/\/www.zssgorkabusko.pl\/index.php\/wp-json\/wp\/v2\/pages"}],"about":[{"href":"https:\/\/www.zssgorkabusko.pl\/index.php\/wp-json\/wp\/v2\/types\/page"}],"author":[{"embeddable":true,"href":"https:\/\/www.zssgorkabusko.pl\/index.php\/wp-json\/wp\/v2\/users\/2"}],"replies":[{"embeddable":true,"href":"https:\/\/www.zssgorkabusko.pl\/index.php\/wp-json\/wp\/v2\/comments?post=8813"}],"version-history":[{"count":5,"href":"https:\/\/www.zssgorkabusko.pl\/index.php\/wp-json\/wp\/v2\/pages\/8813\/revisions"}],"predecessor-version":[{"id":8845,"href":"https:\/\/www.zssgorkabusko.pl\/index.php\/wp-json\/wp\/v2\/pages\/8813\/revisions\/8845"}],"up":[{"embeddable":true,"href":"https:\/\/www.zssgorkabusko.pl\/index.php\/wp-json\/wp\/v2\/pages\/5942"}],"wp:attachment":[{"href":"https:\/\/www.zssgorkabusko.pl\/index.php\/wp-json\/wp\/v2\/media?parent=8813"}],"curies":[{"name":"wp","href":"https:\/\/api.w.org\/{rel}","templated":true}]}}