{"id":91,"date":"2017-07-30T17:25:10","date_gmt":"2017-07-30T15:25:10","guid":{"rendered":"http:\/\/gorka.bajtnetbusko.pl\/?page_id=91"},"modified":"2017-07-30T17:27:38","modified_gmt":"2017-07-30T15:27:38","slug":"kolo-informatyczne","status":"publish","type":"page","link":"https:\/\/www.zssgorkabusko.pl\/index.php\/kola-zainteresowan\/kolo-informatyczne\/","title":{"rendered":"KO\u0141O INFORMATYCZNE"},"content":{"rendered":"<p align=\"center\"><strong>KO\u0141O INFORMATYCZNE<\/strong><\/p>\n<p>Opiekunem ko\u0142a jest Justyna Pasternak.<br \/>\nUdzia\u0142 w zaj\u0119ciach ko\u0142a sprzyja rozwojowi aktywno\u015bci poznawczej i\u00a0tw\u00f3rczej uczni\u00f3w oraz rozwijaniu umiej\u0119tno\u015bci pos\u0142ugiwania si\u0119 programami komputerowymi. Na zaj\u0119ciach uczniowie poszerzaj\u0105 i pog\u0142\u0119biaj\u0105 wiedz\u0119 zdobyt\u0105 na lekcjach informatyki.<br \/>\nKo\u0142o informatyczne funkcjonuje w naszej szkole od czasu, gdy pojawi\u0142y si\u0119 w\u00a0niej pierwsze komputery. Jest wi\u0119c jednym z najstarszych ko\u0142 zainteresowa\u0144. Jednym z najstarszych i\u00a0najbardziej popularnych tym, w\u00a0kt\u00f3rym zawsze brakuje miejsc przy komputerach.<br \/>\nTematyka ko\u0142a obejmuje znajomo\u015b\u0107 zasad bezpiecznego pos\u0142ugiwania si\u0119\u00a0komputerem i\u00a0oprogramowaniem, praktyczne zastosowanie komputera do tworzenia rysunk\u00f3w, tekst\u00f3w i\u00a0prezentacji multimedialnych oraz korzystanie z us\u0142ug internetowych.<br \/>\nZaj\u0119cia ko\u0142a s\u0105 bezpieczn\u0105 form\u0105 sp\u0119dzania wolnego czasu w znacznym stopniu uwzgl\u0119dniaj\u0105c\u0105 oczekiwania uczni\u00f3w.<\/p>\n","protected":false},"excerpt":{"rendered":"<p>KO\u0141O INFORMATYCZNE Opiekunem ko\u0142a jest Justyna Pasternak. Udzia\u0142 w zaj\u0119ciach ko\u0142a sprzyja rozwojowi aktywno\u015bci poznawczej i\u00a0tw\u00f3rczej uczni\u00f3w oraz rozwijaniu umiej\u0119tno\u015bci pos\u0142ugiwania si\u0119 programami komputerowymi. Na zaj\u0119ciach uczniowie poszerzaj\u0105 i pog\u0142\u0119biaj\u0105 wiedz\u0119 zdobyt\u0105 na lekcjach informatyki. Ko\u0142o informatyczne funkcjonuje w naszej szkole od czasu, gdy pojawi\u0142y si\u0119 w\u00a0niej pierwsze komputery. Jest wi\u0119c jednym z najstarszych ko\u0142 &#8230; <a title=\"KO\u0141O INFORMATYCZNE\" class=\"read-more\" href=\"https:\/\/www.zssgorkabusko.pl\/index.php\/kola-zainteresowan\/kolo-informatyczne\/\" aria-label=\"Dowiedz si\u0119 wi\u0119cej o KO\u0141O INFORMATYCZNE\">Dowiedz si\u0119 wi\u0119cej<\/a><\/p>\n","protected":false},"author":1,"featured_media":0,"parent":64,"menu_order":1,"comment_status":"closed","ping_status":"closed","template":"","meta":{"ngg_post_thumbnail":0,"footnotes":""},"class_list":["post-91","page","type-page","status-publish"],"_links":{"self":[{"href":"https:\/\/www.zssgorkabusko.pl\/index.php\/wp-json\/wp\/v2\/pages\/91","targetHints":{"allow":["GET"]}}],"collection":[{"href":"https:\/\/www.zssgorkabusko.pl\/index.php\/wp-json\/wp\/v2\/pages"}],"about":[{"href":"https:\/\/www.zssgorkabusko.pl\/index.php\/wp-json\/wp\/v2\/types\/page"}],"author":[{"embeddable":true,"href":"https:\/\/www.zssgorkabusko.pl\/index.php\/wp-json\/wp\/v2\/users\/1"}],"replies":[{"embeddable":true,"href":"https:\/\/www.zssgorkabusko.pl\/index.php\/wp-json\/wp\/v2\/comments?post=91"}],"version-history":[{"count":1,"href":"https:\/\/www.zssgorkabusko.pl\/index.php\/wp-json\/wp\/v2\/pages\/91\/revisions"}],"predecessor-version":[{"id":92,"href":"https:\/\/www.zssgorkabusko.pl\/index.php\/wp-json\/wp\/v2\/pages\/91\/revisions\/92"}],"up":[{"embeddable":true,"href":"https:\/\/www.zssgorkabusko.pl\/index.php\/wp-json\/wp\/v2\/pages\/64"}],"wp:attachment":[{"href":"https:\/\/www.zssgorkabusko.pl\/index.php\/wp-json\/wp\/v2\/media?parent=91"}],"curies":[{"name":"wp","href":"https:\/\/api.w.org\/{rel}","templated":true}]}}