{"id":9496,"date":"2025-01-29T14:27:28","date_gmt":"2025-01-29T13:27:28","guid":{"rendered":"http:\/\/www.zssgorkabusko.pl\/?page_id=9496"},"modified":"2026-03-17T20:30:18","modified_gmt":"2026-03-17T19:30:18","slug":"sprawozdanie-z-realizacji-programu-laboratoria-przyszlosci-w-pierwszym-polroczu-roku-szkolnego-2024-2025","status":"publish","type":"page","link":"https:\/\/www.zssgorkabusko.pl\/index.php\/programy-realizowane-z-budzetu-panstwa\/laboratoria-przyszlosci\/sprawozdanie-z-realizacji-programu-laboratoria-przyszlosci-w-pierwszym-polroczu-roku-szkolnego-2024-2025\/","title":{"rendered":"Sprawozdanie z realizacji programu &#8222;Laboratoria Przysz\u0142o\u015bci&#8221; w pierwszym p\u00f3\u0142roczu roku szkolnego 2024\/2025"},"content":{"rendered":"\n<p>W pierwszym p\u00f3\u0142roczu roku szkolnego 2024\/2025 w Zespole Szk\u00f3\u0142 Specjalnych kontynuowano realizacj\u0119 Programu Laboratoria Przysz\u0142o\u015bci.&nbsp; Inicjatywa ta ma na celu wsparcie plac\u00f3wek edukacyjnych poprzez dostarczenie nowoczesnych narz\u0119dzi dydaktycznych. W ramach realizacji programu nasza szko\u0142a wykorzystuje w procesie dydaktycznym aparat fotograficzny, drukark\u0119 3D oraz zestawy klock\u00f3w LEGO.<\/p>\n\n\n\n<p><strong>Wykorzystanie aparatu fotograficznego<\/strong> Aparat fotograficzny odegra\u0142 kluczow\u0105 rol\u0119 <br>w dokumentowaniu dzia\u0142a\u0144 realizowanych w ramach programu. Wykorzystywany by\u0142 do:<\/p>\n\n\n\n<ul class=\"wp-block-list\"><li>rejestrowania post\u0119p\u00f3w uczni\u00f3w w projektach technicznych i artystycznych,<\/li><li>tworzenia fotorelacji z zaj\u0119\u0107 i wydarze\u0144 szkolnych,(zdj\u0119cia w zak\u0142adce Aktualno\u015bci <br>na stronie internetowej zespo\u0142u)<\/li><li>nauki podstaw fotografii, kadrowania i obr\u00f3bki zdj\u0119\u0107 w ramach lekcji informatyki, zaj\u0119\u0107 <br>z doradztwa zawodowego i ko\u0142a informatycznego.<\/li><\/ul>\n\n\n\nngg_shortcode_0_placeholder\n\n\n\n<p><strong>Wykorzystanie drukarki 3D<\/strong> Drukarka 3D sta\u0142a si\u0119 niezwykle przydatnym narz\u0119dziem w nauce oraz rozwijaniu umiej\u0119tno\u015bci technicznych uczni\u00f3w. Wykorzystano j\u0105 do:<\/p>\n\n\n\n<ul class=\"wp-block-list\"><li>projektowania i drukowania modeli edukacyjnych (np. bry\u0142 geometrycznych, breloczk\u00f3w, podstawek ),<\/li><li>realizacji projekt\u00f3w kreatywnych w ramach zaj\u0119\u0107 technicznych i plastycznych.<\/li><\/ul>\n\n\n\nngg_shortcode_1_placeholder\n\n\n\n<p><strong>Wykorzystanie klock\u00f3w LEGO<\/strong> Zestawy klock\u00f3w LEGO stanowi\u0142y doskona\u0142e narz\u0119dzie dydaktyczne, wspieraj\u0105ce rozw\u00f3j kreatywno\u015bci i umiej\u0119tno\u015bci logicznego my\u015blenia uczni\u00f3w. Dzi\u0119ki nim:<\/p>\n\n\n\n<ul class=\"wp-block-list\"><li>uczniowie tworzyli modele konstrukcyjne ilustruj\u0105ce zagadnienia z zakresu przyrody, fizyki <br>i matematyki,<\/li><li>rozwijano umiej\u0119tno\u015bci pracy zespo\u0142owej poprzez wsp\u00f3lne budowanie i rozwi\u0105zywanie problem\u00f3w.<\/li><\/ul>\n\n\n\nngg_shortcode_2_placeholder\n\n\n\n<p>Realizacja programu &#8222;Laboratoria Przysz\u0142o\u015bci&#8221; znacz\u0105co wzbogaci\u0142a ofert\u0119 edukacyjn\u0105 szko\u0142y i przyczyni\u0142a si\u0119 do rozwijania kompetencji technologicznych uczni\u00f3w. Uczniowie zyskali mo\u017cliwo\u015b\u0107 praktycznego zastosowania nowoczesnych narz\u0119dzi, co zwi\u0119kszy\u0142o ich zaanga\u017cowanie i motywacj\u0119 do nauki. W przysz\u0142o\u015bci planujemy dalsz\u0105 integracj\u0119 tych technologii w proces nauczania, aby jeszcze skuteczniej przygotowa\u0107 uczni\u00f3w do wyzwa\u0144 wsp\u00f3\u0142czesnego \u015bwiata.<\/p>\n\n\n\n<p>Koordynator: Justyna Pasternak<\/p>\n","protected":false},"excerpt":{"rendered":"<p>W pierwszym p\u00f3\u0142roczu roku szkolnego 2024\/2025 w Zespole Szk\u00f3\u0142 Specjalnych kontynuowano realizacj\u0119 Programu Laboratoria Przysz\u0142o\u015bci.&nbsp; Inicjatywa ta ma na celu wsparcie plac\u00f3wek edukacyjnych poprzez dostarczenie nowoczesnych narz\u0119dzi dydaktycznych. W ramach realizacji programu nasza szko\u0142a wykorzystuje w procesie dydaktycznym aparat fotograficzny, drukark\u0119 3D oraz zestawy klock\u00f3w LEGO. Wykorzystanie aparatu fotograficznego Aparat fotograficzny odegra\u0142 kluczow\u0105 rol\u0119 w &#8230; <a title=\"Sprawozdanie z realizacji programu &#8222;Laboratoria Przysz\u0142o\u015bci&#8221; w pierwszym p\u00f3\u0142roczu roku szkolnego 2024\/2025\" class=\"read-more\" href=\"https:\/\/www.zssgorkabusko.pl\/index.php\/programy-realizowane-z-budzetu-panstwa\/laboratoria-przyszlosci\/sprawozdanie-z-realizacji-programu-laboratoria-przyszlosci-w-pierwszym-polroczu-roku-szkolnego-2024-2025\/\" aria-label=\"Dowiedz si\u0119 wi\u0119cej o Sprawozdanie z realizacji programu &#8222;Laboratoria Przysz\u0142o\u015bci&#8221; w pierwszym p\u00f3\u0142roczu roku szkolnego 2024\/2025\">Dowiedz si\u0119 wi\u0119cej<\/a><\/p>\n","protected":false},"author":2,"featured_media":0,"parent":5942,"menu_order":-13,"comment_status":"closed","ping_status":"closed","template":"","meta":{"ngg_post_thumbnail":0,"footnotes":""},"class_list":["post-9496","page","type-page","status-publish"],"_links":{"self":[{"href":"https:\/\/www.zssgorkabusko.pl\/index.php\/wp-json\/wp\/v2\/pages\/9496","targetHints":{"allow":["GET"]}}],"collection":[{"href":"https:\/\/www.zssgorkabusko.pl\/index.php\/wp-json\/wp\/v2\/pages"}],"about":[{"href":"https:\/\/www.zssgorkabusko.pl\/index.php\/wp-json\/wp\/v2\/types\/page"}],"author":[{"embeddable":true,"href":"https:\/\/www.zssgorkabusko.pl\/index.php\/wp-json\/wp\/v2\/users\/2"}],"replies":[{"embeddable":true,"href":"https:\/\/www.zssgorkabusko.pl\/index.php\/wp-json\/wp\/v2\/comments?post=9496"}],"version-history":[{"count":9,"href":"https:\/\/www.zssgorkabusko.pl\/index.php\/wp-json\/wp\/v2\/pages\/9496\/revisions"}],"predecessor-version":[{"id":9537,"href":"https:\/\/www.zssgorkabusko.pl\/index.php\/wp-json\/wp\/v2\/pages\/9496\/revisions\/9537"}],"up":[{"embeddable":true,"href":"https:\/\/www.zssgorkabusko.pl\/index.php\/wp-json\/wp\/v2\/pages\/5942"}],"wp:attachment":[{"href":"https:\/\/www.zssgorkabusko.pl\/index.php\/wp-json\/wp\/v2\/media?parent=9496"}],"curies":[{"name":"wp","href":"https:\/\/api.w.org\/{rel}","templated":true}]}}